{"id":1004,"date":"2013-11-19T12:50:34","date_gmt":"2013-11-19T10:50:34","guid":{"rendered":"http:\/\/www.lvsada.lv\/?page_id=1004"},"modified":"2013-11-19T13:34:54","modified_gmt":"2013-11-19T11:34:54","slug":"14-15-novembra-seminars-pieredzes-apmaina-stameriena","status":"publish","type":"page","link":"https:\/\/www.lvsada.lv\/?page_id=1004","title":{"rendered":"14. &#8211; 15. novembra semin\u0101rs"},"content":{"rendered":"<p style=\"text-align: center;\"><span style=\"font-size: 16px;\"><strong><span style=\"font-family: times new roman,times;\">\u00a014. &#8211; 15. novembra semin\u0101rs &#8211; pieredzes apmai\u0146a St\u0101merien\u0101<\/span><\/strong><\/span><\/p>\n<div id=\"scrollGallery_597481307_1\" class=\"bmo_the_gallery bmo_scrollGallery\">\n            \t\t<div class=\"bmo_the_gallery_thumb_area\">\n                \t\t<div class=\"bmo_the_gallery_thumbs\"><div class=\"bmo_the_gallery_image\"><a href=\"https:\/\/www.lvsada.lv\/wp-content\/uploads\/2013\/11\/5.jpg\"><img decoding=\"async\" src=\"https:\/\/www.lvsada.lv\/wp-content\/uploads\/2013\/11\/5-402x283.jpg\" alt=\"1\" title=\"\"\/><\/a>\n                         <div class=\"bmo_the_gallery_caption\"><p class=\"caption_title\">1<\/p><p><\/p><\/div><\/div><div class=\"bmo_the_gallery_image\"><a href=\"https:\/\/www.lvsada.lv\/wp-content\/uploads\/2013\/11\/9.jpg\"><img decoding=\"async\" src=\"https:\/\/www.lvsada.lv\/wp-content\/uploads\/2013\/11\/9-402x324.jpg\" alt=\"3\" title=\"\"\/><\/a>\n                         <div class=\"bmo_the_gallery_caption\"><p class=\"caption_title\">3<\/p><p><\/p><\/div><\/div><div class=\"bmo_the_gallery_image\"><a href=\"https:\/\/www.lvsada.lv\/wp-content\/uploads\/2013\/11\/3.jpg\"><img decoding=\"async\" src=\"https:\/\/www.lvsada.lv\/wp-content\/uploads\/2013\/11\/3-402x299.jpg\" alt=\"2\" title=\"\"\/><\/a>\n                         <div class=\"bmo_the_gallery_caption\"><p class=\"caption_title\">2<\/p><p><\/p><\/div><\/div><div class=\"bmo_the_gallery_image\"><a href=\"https:\/\/www.lvsada.lv\/wp-content\/uploads\/2013\/11\/19.jpg\"><img decoding=\"async\" src=\"https:\/\/www.lvsada.lv\/wp-content\/uploads\/2013\/11\/19-402x295.jpg\" alt=\"4\" title=\"\"\/><\/a>\n                         <div class=\"bmo_the_gallery_caption\"><p class=\"caption_title\">4<\/p><p><\/p><\/div><\/div><div class=\"bmo_the_gallery_image\"><a href=\"https:\/\/www.lvsada.lv\/wp-content\/uploads\/2013\/11\/111.jpg\"><img decoding=\"async\" src=\"https:\/\/www.lvsada.lv\/wp-content\/uploads\/2013\/11\/111.jpg\" alt=\"5\" title=\"\"\/><\/a>\n                         <div class=\"bmo_the_gallery_caption\"><p class=\"caption_title\">5<\/p><p><\/p><\/div><\/div><div class=\"bmo_the_gallery_image\"><a href=\"https:\/\/www.lvsada.lv\/wp-content\/uploads\/2013\/11\/13.jpg\"><img decoding=\"async\" src=\"https:\/\/www.lvsada.lv\/wp-content\/uploads\/2013\/11\/13-402x303.jpg\" alt=\"6\" title=\"\"\/><\/a>\n                         <div class=\"bmo_the_gallery_caption\"><p class=\"caption_title\">6<\/p><p><\/p><\/div><\/div><div class=\"bmo_the_gallery_image\"><a href=\"https:\/\/www.lvsada.lv\/wp-content\/uploads\/2013\/11\/14.jpg\"><img decoding=\"async\" src=\"https:\/\/www.lvsada.lv\/wp-content\/uploads\/2013\/11\/14-402x319.jpg\" alt=\"7\" title=\"\"\/><\/a>\n                         <div class=\"bmo_the_gallery_caption\"><p class=\"caption_title\">7<\/p><p><\/p><\/div><\/div><div class=\"bmo_the_gallery_image\"><a href=\"https:\/\/www.lvsada.lv\/wp-content\/uploads\/2013\/11\/151.jpg\"><img decoding=\"async\" src=\"https:\/\/www.lvsada.lv\/wp-content\/uploads\/2013\/11\/151-402x299.jpg\" alt=\"8\" title=\"\"\/><\/a>\n                         <div class=\"bmo_the_gallery_caption\"><p class=\"caption_title\">8<\/p><p><\/p><\/div><\/div><div class=\"bmo_the_gallery_image\"><a href=\"https:\/\/www.lvsada.lv\/wp-content\/uploads\/2013\/11\/22.jpg\"><img decoding=\"async\" src=\"https:\/\/www.lvsada.lv\/wp-content\/uploads\/2013\/11\/22-402x336.jpg\" alt=\"9\" title=\"\"\/><\/a>\n                         <div class=\"bmo_the_gallery_caption\"><p class=\"caption_title\">9<\/p><p><\/p><\/div><\/div>\t\t<\/div>\n            \t\t<\/div>\n                <\/div>\n<blockquote><p>&nbsp;<\/p><\/blockquote>\n","protected":false},"excerpt":{"rendered":"<p>\u00a014. &#8211; 15. novembra semin\u0101rs &#8211; pieredzes apmai\u0146a St\u0101merien\u0101 &nbsp;<\/p>\n","protected":false},"author":1,"featured_media":0,"parent":0,"menu_order":0,"comment_status":"closed","ping_status":"closed","template":"","meta":{"footnotes":""},"class_list":["post-1004","page","type-page","status-publish","hentry"],"_links":{"self":[{"href":"https:\/\/www.lvsada.lv\/index.php?rest_route=\/wp\/v2\/pages\/1004","targetHints":{"allow":["GET"]}}],"collection":[{"href":"https:\/\/www.lvsada.lv\/index.php?rest_route=\/wp\/v2\/pages"}],"about":[{"href":"https:\/\/www.lvsada.lv\/index.php?rest_route=\/wp\/v2\/types\/page"}],"author":[{"embeddable":true,"href":"https:\/\/www.lvsada.lv\/index.php?rest_route=\/wp\/v2\/users\/1"}],"replies":[{"embeddable":true,"href":"https:\/\/www.lvsada.lv\/index.php?rest_route=%2Fwp%2Fv2%2Fcomments&post=1004"}],"version-history":[{"count":10,"href":"https:\/\/www.lvsada.lv\/index.php?rest_route=\/wp\/v2\/pages\/1004\/revisions"}],"predecessor-version":[{"id":1025,"href":"https:\/\/www.lvsada.lv\/index.php?rest_route=\/wp\/v2\/pages\/1004\/revisions\/1025"}],"wp:attachment":[{"href":"https:\/\/www.lvsada.lv\/index.php?rest_route=%2Fwp%2Fv2%2Fmedia&parent=1004"}],"curies":[{"name":"wp","href":"https:\/\/api.w.org\/{rel}","templated":true}]}}