{"id":1273,"date":"2014-05-09T11:54:39","date_gmt":"2014-05-09T09:54:39","guid":{"rendered":"http:\/\/www.lvsada.lv\/?page_id=1273"},"modified":"2014-05-09T11:57:12","modified_gmt":"2014-05-09T09:57:12","slug":"nelausim-ignoret-musu-cilvektiesibas-un-veselibas-aprupi","status":"publish","type":"page","link":"https:\/\/www.lvsada.lv\/?page_id=1273","title":{"rendered":"Ne\u013causim ignor\u0113t m\u016bsu cilv\u0113kties\u012bbas uz vesel\u012bbas apr\u016bpi!"},"content":{"rendered":"<p><span style=\"color: #800000;\">\u00a0Ne\u013causim ignor\u0113t m\u016bsu cilv\u0113kties\u012bbas uz vesel\u012bbas apr\u016bpi!<\/span><\/p>\n<p>&nbsp;<\/p>\n<div style=\"width: 640px;\" class=\"wp-video\"><!--[if lt IE 9]><script>document.createElement('video');<\/script><![endif]-->\n<video class=\"wp-video-shortcode\" id=\"video-1273-1\" width=\"640\" height=\"360\" preload=\"metadata\" controls=\"controls\"><source type=\"video\/mp4\" src=\"https:\/\/www.lvsada.lv\/wp-content\/uploads\/2014\/05\/ParTiesibamUzVeselibu.mp4?_=1\" \/><a href=\"https:\/\/www.lvsada.lv\/wp-content\/uploads\/2014\/05\/ParTiesibamUzVeselibu.mp4\">https:\/\/www.lvsada.lv\/wp-content\/uploads\/2014\/05\/ParTiesibamUzVeselibu.mp4<\/a><\/video><\/div>\n","protected":false},"excerpt":{"rendered":"<p>\u00a0Ne\u013causim ignor\u0113t m\u016bsu cilv\u0113kties\u012bbas uz vesel\u012bbas apr\u016bpi! &nbsp;<\/p>\n","protected":false},"author":1,"featured_media":0,"parent":0,"menu_order":0,"comment_status":"closed","ping_status":"closed","template":"","meta":{"footnotes":""},"class_list":["post-1273","page","type-page","status-publish","hentry"],"_links":{"self":[{"href":"https:\/\/www.lvsada.lv\/index.php?rest_route=\/wp\/v2\/pages\/1273","targetHints":{"allow":["GET"]}}],"collection":[{"href":"https:\/\/www.lvsada.lv\/index.php?rest_route=\/wp\/v2\/pages"}],"about":[{"href":"https:\/\/www.lvsada.lv\/index.php?rest_route=\/wp\/v2\/types\/page"}],"author":[{"embeddable":true,"href":"https:\/\/www.lvsada.lv\/index.php?rest_route=\/wp\/v2\/users\/1"}],"replies":[{"embeddable":true,"href":"https:\/\/www.lvsada.lv\/index.php?rest_route=%2Fwp%2Fv2%2Fcomments&post=1273"}],"version-history":[{"count":3,"href":"https:\/\/www.lvsada.lv\/index.php?rest_route=\/wp\/v2\/pages\/1273\/revisions"}],"predecessor-version":[{"id":1277,"href":"https:\/\/www.lvsada.lv\/index.php?rest_route=\/wp\/v2\/pages\/1273\/revisions\/1277"}],"wp:attachment":[{"href":"https:\/\/www.lvsada.lv\/index.php?rest_route=%2Fwp%2Fv2%2Fmedia&parent=1273"}],"curies":[{"name":"wp","href":"https:\/\/api.w.org\/{rel}","templated":true}]}}