{"id":147,"date":"2013-10-29T11:48:09","date_gmt":"2013-10-29T11:48:09","guid":{"rendered":"http:\/\/lvsada.datika.lv\/?page_id=147"},"modified":"2021-08-20T10:47:44","modified_gmt":"2021-08-20T08:47:44","slug":"pievienojies","status":"publish","type":"page","link":"https:\/\/www.lvsada.lv\/?page_id=147","title":{"rendered":"Pievienojies!"},"content":{"rendered":"<p style=\"font-family: Arial,Helvetica,sans-serif; font-size: 12px;\"><strong><span style=\"color: #66000a;\">K\u0101das ir LVSADA biedra ties\u012bbas?<\/span><\/strong><\/p>\n<p style=\"font-family: Arial,Helvetica,sans-serif; font-size: 12px;\">Arodbiedr\u012bbas biedram ir ties\u012bbas:<\/p>\n<ul style=\"font-family: Arial,Helvetica,sans-serif; font-size: 12px;\">\n<li style=\"font-family: Arial,Helvetica,sans-serif; font-size: 12px;\">sa\u0146emt arodbiedr\u012bbas aizst\u0101v\u012bbu un atbalstu;<\/li>\n<li style=\"font-family: Arial,Helvetica,sans-serif; font-size: 12px;\">piedal\u012bties savas arodbiedr\u012bbas instit\u016bciju v\u0113l\u0113\u0161an\u0101s, br\u012bvi apspriest un izvirz\u012bt kandidat\u016bru arodbiedr\u012bbas instit\u016bciju darbam, tikt iev\u0113l\u0113tam;<\/li>\n<li style=\"font-family: Arial,Helvetica,sans-serif; font-size: 12px;\">sa\u0146emt jebkuru inform\u0101ciju par arodbiedr\u012bbas darb\u012bbu, piedal\u012bties arodbiedr\u012bbas apm\u0101c\u012bb\u0101s;<\/li>\n<li style=\"font-family: Arial,Helvetica,sans-serif; font-size: 12px;\">br\u012bvi paust un aizst\u0101v\u0113t savu viedokli un priek\u0161likumus, uz\u0146emties inciat\u012bvu priek\u0161likumu realiz\u0113\u0161an\u0101;<\/li>\n<li style=\"font-family: Arial,Helvetica,sans-serif; font-size: 12px;\">izmantot Latvijas arodbiedr\u012bbu kr\u0101jaizdevu sabiedr\u012bb\u0101\u00a0<a href=\"https:\/\/www.laks.lv\/lv\/par_mums\">(<\/a><a href=\"https:\/\/www.laks.lv\/lv\/par_mums\">LAKS)<\/a> pal\u012bdz\u012bbu, gan noguldot savus ietaup\u012bjumus uz izdev\u012bgiem procentiem, gan sa\u0146emt \u012bstermi\u0146a pat\u0113ri\u0146a kred\u012btu.<\/li>\n<\/ul>\n<p style=\"font-family: Arial,Helvetica,sans-serif; font-size: 12px;\"><strong><span style=\"color: #66000a;\">K\u0101di ir arodbiedr\u012bbas biedru pien\u0101kumi?<\/span><\/strong><\/p>\n<div style=\"font-family: Arial,Helvetica,sans-serif; font-size: 12px;\">\n<p style=\"font-family: Arial,Helvetica,sans-serif; font-size: 12px;\">Arodbiedr\u012bbas biedra pien\u0101kumi ir:<\/p>\n<ul style=\"font-family: Arial,Helvetica,sans-serif; font-size: 12px;\">\n<li style=\"font-family: Arial,Helvetica,sans-serif; font-size: 12px;\">pild\u012bt LVSADA Stat\u016btus, kongresa, padomes, valdes un organiz\u0101ciju l\u0113mumus;<\/li>\n<li style=\"font-family: Arial,Helvetica,sans-serif; font-size: 12px;\">regul\u0101ri maks\u0101t biedru naudu;<\/li>\n<li style=\"font-family: Arial,Helvetica,sans-serif; font-size: 12px;\">izgl\u012btoties arodbiedr\u012bbas m\u0101c\u012bb\u0101s;<\/li>\n<li style=\"font-family: Arial,Helvetica,sans-serif; font-size: 12px;\">iesniegt priek\u0161likumus darba kopl\u012bgumam, pild\u012bt t\u0101 saist\u012bbas;<\/li>\n<li style=\"font-family: Arial,Helvetica,sans-serif; font-size: 12px;\">piedal\u012bties savas organiz\u0101cijas un visas arodbiedr\u012bbas pas\u0101kumos;<\/li>\n<li style=\"font-family: Arial,Helvetica,sans-serif; font-size: 12px;\">iev\u0113rot profesion\u0101l\u0101s \u0113tikas normas, piedal\u012bties vesel\u012bbas un soci\u0101l\u0101s apr\u016bpes sist\u0113mas pilnveido\u0161an\u0101.<\/li>\n<\/ul>\n<\/div>\n<p style=\"font-family: Arial,Helvetica,sans-serif; font-size: 12px;\"><span style=\"color: #66000a;\"><strong>K\u0101 k\u013c\u016bt par arodbiedr\u012bbas biedru?<\/strong><\/span><\/p>\n<p style=\"font-family: Arial,Helvetica,sans-serif; font-size: 12px;\">Saska\u0146\u0101 ar LVSADA Stat\u016btiem par arodbiedr\u012bbas biedru var k\u013c\u016bt ikviens darbinieks, kur\u0161 str\u0101d\u0101 vesel\u012bbas un soci\u0101laj\u0101 apr\u016bpe, k\u0101 ar\u012b studenti un audz\u0113k\u0146i, kuri m\u0101c\u0101s medic\u012bnisk\u0101 profila un soci\u0101l\u0101s pal\u012bdz\u012bbas programmu m\u0101c\u012bbu iest\u0101d\u0113s un fakult\u0101t\u0113s.<br \/>\nIest\u0101\u0161an\u0101s arodbiedr\u012bb\u0101 ir br\u012bvpr\u0101t\u012bga. Ja v\u0113lies k\u013c\u016bt par arodbiedr\u012bbas biedru, Tev j\u0101raksta iesniegums un j\u0101iesniedz sava uz\u0146\u0113muma, iest\u0101des vai organiz\u0101cijas darbinieku (studentu) arodorganiz\u0101cijai.<br \/>\nIesniegum\u0101 ir j\u0101nor\u0101da, ka Tu esi iepazinies ar LVSADA Stat\u016btiem un atz\u012bsti tos sev par saisto\u0161iem.<br \/>\nL\u0113mumu par jaunu biedru uz\u0146em\u0161anu arodorganiz\u0101cij\u0101 pie\u0146em arodbiedr\u012bbas sapulce vai t\u0101s v\u0113l\u0113ta instit\u016bcija (arodkomiteja vai valde).<\/p>\n<p style=\"font-family: Arial,Helvetica,sans-serif; font-size: 12px;\"><span style=\"color: #66000a;\"><strong>Cik cilv\u0113ku var izveidot arodbiedr\u012bbas organiz\u0101ciju?<\/strong><\/span><\/p>\n<p style=\"font-family: Arial,Helvetica,sans-serif; font-size: 12px;\">Lai izveidotu arodbiedr\u012bbas organiz\u0101ciju, par to nepiecie\u0161ams vienoties ne maz\u0101k k\u0101 3 uz\u0146\u0113muma, iest\u0101des vai organiz\u0101cijas darbiniekiem, studentiem.<br \/>\nIetekm\u012bg\u0101k\u0101s un darboties sp\u0113j\u012bg\u0101k\u0101s ir t\u0101s arodbiedr\u012bbas organiz\u0101cijas, kuras apvieno vair\u0101k k\u0101 60% uz\u0146\u0113muma, iest\u0101des vai organiz\u0101cijas darbinieku.<br \/>\nIzveidojot arodorganiz\u0101ciju, ir j\u0101raksta noteikta parauga iesniegums, kur\u0161 j\u0101iesniedz LVSADA valdei, kura lems par jaunizveidot\u0101s arodorganiz\u0101cijas uz\u0146em\u0161anu LVSADA sast\u0101v\u0101.<\/p>\n<p style=\"font-family: Arial,Helvetica,sans-serif; font-size: 12px;\"><strong><span style=\"color: #66000a;\">K\u0101 tiek veidotas arodorganiz\u0101cijas?<\/span><\/strong><\/p>\n<p style=\"font-family: Arial,Helvetica,sans-serif; font-size: 12px;\">Tradicion\u0101li arodbiedr\u012bbas arodorganiz\u0101cija tiek veidota konkr\u0113t\u0101 darba viet\u0101 vai m\u0101c\u012bbu iest\u0101d\u0113.<br \/>\nL\u0113mumu par arodorganiz\u0101cijas izveido\u0161anu pie\u0146em arodbiedr\u012bbas biedru sapulce, kuru veido darbinieki, kas v\u0113las k\u013c\u016bt par arodbiedr\u012bbas biedriem.<\/p>\n<p style=\"font-family: Arial,Helvetica,sans-serif; font-size: 12px;\"><b><br \/>\nLVSADA organiz\u0101cijas ir juridiskas personas p\u0113c re\u0123istr\u0113\u0161an\u0101s Stat\u016btu noteikt\u0101 k\u0101rt\u012bb\u0101 un re\u0123istr\u0101cijas apliec\u012bbas sa\u0146em\u0161anas.<\/b><\/p>\n<p style=\"font-family: Arial,Helvetica,sans-serif; font-size: 12px;\">Detaliz\u0113tu aprakstu skat\u012bt sada\u013c\u0101 <a href=\"https:\/\/www.lvsada.lv\/?page_id=177\" target=\"_blank\" rel=\"noopener\">\u201eStat\u016bti\u201d<\/a> no VII \u2013\u00a0IX paragr\u0101fam.<\/p>\n<p style=\"font-family: Arial,Helvetica,sans-serif; font-size: 12px;\">S\u012bk\u0101ku inform\u0101ciju par arodorganiz\u0101cijas izveides proced\u016bru var uzzin\u0101t LVSADA biroj\u0101 R\u012bg\u0101, Bru\u0146inieku iel\u0101 29\/31-302, vai piezvanot pa t\u0101lruni\u00a0 <strong><span style=\"color: #66000a;\">67847305<\/span><\/strong><\/p>\n","protected":false},"excerpt":{"rendered":"<p>K\u0101das ir LVSADA biedra ties\u012bbas? Arodbiedr\u012bbas biedram ir ties\u012bbas: sa\u0146emt arodbiedr\u012bbas aizst\u0101v\u012bbu un atbalstu; piedal\u012bties savas arodbiedr\u012bbas instit\u016bciju v\u0113l\u0113\u0161an\u0101s, br\u012bvi apspriest un izvirz\u012bt kandidat\u016bru arodbiedr\u012bbas instit\u016bciju darbam, tikt iev\u0113l\u0113tam; sa\u0146emt jebkuru inform\u0101ciju par arodbiedr\u012bbas darb\u012bbu, piedal\u012bties arodbiedr\u012bbas apm\u0101c\u012bb\u0101s; br\u012bvi paust un aizst\u0101v\u0113t savu viedokli un priek\u0161likumus, uz\u0146emties inciat\u012bvu priek\u0161likumu realiz\u0113\u0161an\u0101; izmantot Latvijas arodbiedr\u012bbu kr\u0101jaizdevu sabiedr\u012bb\u0101\u00a0(LAKS)&#8230;<\/p>\n","protected":false},"author":1,"featured_media":0,"parent":0,"menu_order":0,"comment_status":"closed","ping_status":"closed","template":"","meta":{"footnotes":""},"class_list":["post-147","page","type-page","status-publish","hentry"],"_links":{"self":[{"href":"https:\/\/www.lvsada.lv\/index.php?rest_route=\/wp\/v2\/pages\/147","targetHints":{"allow":["GET"]}}],"collection":[{"href":"https:\/\/www.lvsada.lv\/index.php?rest_route=\/wp\/v2\/pages"}],"about":[{"href":"https:\/\/www.lvsada.lv\/index.php?rest_route=\/wp\/v2\/types\/page"}],"author":[{"embeddable":true,"href":"https:\/\/www.lvsada.lv\/index.php?rest_route=\/wp\/v2\/users\/1"}],"replies":[{"embeddable":true,"href":"https:\/\/www.lvsada.lv\/index.php?rest_route=%2Fwp%2Fv2%2Fcomments&post=147"}],"version-history":[{"count":27,"href":"https:\/\/www.lvsada.lv\/index.php?rest_route=\/wp\/v2\/pages\/147\/revisions"}],"predecessor-version":[{"id":4207,"href":"https:\/\/www.lvsada.lv\/index.php?rest_route=\/wp\/v2\/pages\/147\/revisions\/4207"}],"wp:attachment":[{"href":"https:\/\/www.lvsada.lv\/index.php?rest_route=%2Fwp%2Fv2%2Fmedia&parent=147"}],"curies":[{"name":"wp","href":"https:\/\/api.w.org\/{rel}","templated":true}]}}