{"id":1608,"date":"2014-05-26T11:27:54","date_gmt":"2014-05-26T09:27:54","guid":{"rendered":"http:\/\/www.lvsada.lv\/?page_id=1608"},"modified":"2014-05-26T11:29:12","modified_gmt":"2014-05-26T09:29:12","slug":"20-05-2014-lvsada-konference","status":"publish","type":"page","link":"https:\/\/www.lvsada.lv\/?page_id=1608","title":{"rendered":"20.05.2014 LVSADA konference"},"content":{"rendered":"<p style=\"text-align: center;\"><span style=\"color: #800000; font-size: 12pt; font-family: arial,helvetica,sans-serif;\"><strong>LVSADA konference <\/strong><\/span><span style=\"color: #800000; font-size: 12pt; font-family: arial,helvetica,sans-serif;\"><strong>\u201eJaun\u0101k\u0101s izmai\u0146as likumos un arodbiedr\u012bbu kapacit\u0101te Latvij\u0101\u201d 2014. gada 20. maij\u0101<br \/>\n<\/strong><\/span><\/p>\n<div id=\"scrollGallery_153742050_1\" class=\"bmo_the_gallery bmo_scrollGallery\">\n            \t\t<div class=\"bmo_the_gallery_thumb_area\">\n                \t\t<div class=\"bmo_the_gallery_thumbs\"><div class=\"bmo_the_gallery_image\"><a href=\"https:\/\/www.lvsada.lv\/wp-content\/uploads\/2014\/05\/20.05.2014_11.jpg\"><img decoding=\"async\" src=\"https:\/\/www.lvsada.lv\/wp-content\/uploads\/2014\/05\/20.05.2014_11-402x402.jpg\" alt=\"20.05.2014_1\" title=\"\"\/><\/a>\n                         <div class=\"bmo_the_gallery_caption\"><p class=\"caption_title\">20.05.2014_1<\/p><p><\/p><\/div><\/div><div class=\"bmo_the_gallery_image\"><a href=\"https:\/\/www.lvsada.lv\/wp-content\/uploads\/2014\/05\/20.05.2014_2.jpg\"><img decoding=\"async\" src=\"https:\/\/www.lvsada.lv\/wp-content\/uploads\/2014\/05\/20.05.2014_2-402x402.jpg\" alt=\"20.05.2014_2\" title=\"\"\/><\/a>\n                         <div class=\"bmo_the_gallery_caption\"><p class=\"caption_title\">20.05.2014_2<\/p><p><\/p><\/div><\/div><div class=\"bmo_the_gallery_image\"><a href=\"https:\/\/www.lvsada.lv\/wp-content\/uploads\/2014\/05\/20.05.2014_3.jpg\"><img decoding=\"async\" src=\"https:\/\/www.lvsada.lv\/wp-content\/uploads\/2014\/05\/20.05.2014_3-402x402.jpg\" alt=\"20.05.2014_3\" title=\"\"\/><\/a>\n                         <div class=\"bmo_the_gallery_caption\"><p class=\"caption_title\">20.05.2014_3<\/p><p><\/p><\/div><\/div><div class=\"bmo_the_gallery_image\"><a href=\"https:\/\/www.lvsada.lv\/wp-content\/uploads\/2014\/05\/20.05.2014_4.jpg\"><img decoding=\"async\" src=\"https:\/\/www.lvsada.lv\/wp-content\/uploads\/2014\/05\/20.05.2014_4-402x402.jpg\" alt=\"20.05.2014_4\" title=\"\"\/><\/a>\n                         <div class=\"bmo_the_gallery_caption\"><p class=\"caption_title\">20.05.2014_4<\/p><p><\/p><\/div><\/div><div class=\"bmo_the_gallery_image\"><a href=\"https:\/\/www.lvsada.lv\/wp-content\/uploads\/2014\/05\/20.04.2014_5.jpg\"><img decoding=\"async\" src=\"https:\/\/www.lvsada.lv\/wp-content\/uploads\/2014\/05\/20.04.2014_5-402x402.jpg\" alt=\"20.04.2014_5\" title=\"\"\/><\/a>\n                         <div class=\"bmo_the_gallery_caption\"><p class=\"caption_title\">20.04.2014_5<\/p><p><\/p><\/div><\/div><div class=\"bmo_the_gallery_image\"><a href=\"https:\/\/www.lvsada.lv\/wp-content\/uploads\/2014\/05\/20.05.2014_6.jpg\"><img decoding=\"async\" src=\"https:\/\/www.lvsada.lv\/wp-content\/uploads\/2014\/05\/20.05.2014_6-402x402.jpg\" alt=\"LVSADA  20. maija konference\" title=\"\"\/><\/a>\n                         <div class=\"bmo_the_gallery_caption\"><p class=\"caption_title\">LVSADA  20. maija konference<\/p><p><\/p><\/div><\/div>\t\t<\/div>\n            \t\t<\/div>\n                <\/div>\n","protected":false},"excerpt":{"rendered":"<p>LVSADA konference \u201eJaun\u0101k\u0101s izmai\u0146as likumos un arodbiedr\u012bbu kapacit\u0101te Latvij\u0101\u201d 2014. gada 20. maij\u0101<\/p>\n","protected":false},"author":1,"featured_media":0,"parent":0,"menu_order":0,"comment_status":"closed","ping_status":"closed","template":"","meta":{"footnotes":""},"class_list":["post-1608","page","type-page","status-publish","hentry"],"_links":{"self":[{"href":"https:\/\/www.lvsada.lv\/index.php?rest_route=\/wp\/v2\/pages\/1608","targetHints":{"allow":["GET"]}}],"collection":[{"href":"https:\/\/www.lvsada.lv\/index.php?rest_route=\/wp\/v2\/pages"}],"about":[{"href":"https:\/\/www.lvsada.lv\/index.php?rest_route=\/wp\/v2\/types\/page"}],"author":[{"embeddable":true,"href":"https:\/\/www.lvsada.lv\/index.php?rest_route=\/wp\/v2\/users\/1"}],"replies":[{"embeddable":true,"href":"https:\/\/www.lvsada.lv\/index.php?rest_route=%2Fwp%2Fv2%2Fcomments&post=1608"}],"version-history":[{"count":2,"href":"https:\/\/www.lvsada.lv\/index.php?rest_route=\/wp\/v2\/pages\/1608\/revisions"}],"predecessor-version":[{"id":1610,"href":"https:\/\/www.lvsada.lv\/index.php?rest_route=\/wp\/v2\/pages\/1608\/revisions\/1610"}],"wp:attachment":[{"href":"https:\/\/www.lvsada.lv\/index.php?rest_route=%2Fwp%2Fv2%2Fmedia&parent=1608"}],"curies":[{"name":"wp","href":"https:\/\/api.w.org\/{rel}","templated":true}]}}