{"id":170,"date":"2013-10-29T14:10:54","date_gmt":"2013-10-29T14:10:54","guid":{"rendered":"http:\/\/lvsada.datika.lv\/?page_id=170"},"modified":"2021-08-18T13:18:13","modified_gmt":"2021-08-18T11:18:13","slug":"krajaizdevumi","status":"publish","type":"page","link":"https:\/\/www.lvsada.lv\/?page_id=170","title":{"rendered":"Kr\u0101jaizdevumi 1"},"content":{"rendered":"<p style=\"font-family: Arial, Helvetica, sans-serif; font-size: 12px;\"><strong><span style=\"font-family: arial,helvetica,sans-serif; font-size: 12px;\"><span style=\"color: #008080;\">KR\u0100JAIZDEVU SABIEDR\u012aBA<\/span><\/span><\/strong><\/p>\n<p style=\"font-family: Arial, Helvetica, sans-serif; font-size: 12px;\"><span style=\"font-family: arial,helvetica,sans-serif; font-size: 12px;\">\u0160\u012b sada\u013ca iepaz\u012bstin\u0101s J\u016bs ar Latvijas Vesel\u012bbas un soci\u0101l\u0101s apr\u016bpes darbinieku kooperat\u012bv\u0101s kr\u0101jaizdevu sabiedr\u012bbas darb\u012bbu. Apzinoties situ\u0101ciju, kad kooperat\u012bv\u0101s kr\u0101jaizdevu sabiedr\u012bbas var tikt izveidotas p\u0113c nodarbin\u0101t\u012bbas principa, Latvijas Vesel\u012bbas un soci\u0101l\u0101s apr\u016bpes darbinieku arodbiedr\u012bba uz\u0146\u0113m\u0101s \u0161o iniciat\u012bvu t\u0101d\u0101 veid\u0101 \u013caujot saviem biedriem b\u016bt p\u0101rliecin\u0101tiem par savu naudas l\u012bdzek\u013cu dro\u0161\u012bbu un garant\u0113jot iesp\u0113ju aiz\u0146emties nepiecie\u0161amo naudas summu. B\u016bsim pateic\u012bgi par J\u016bsu ierosin\u0101jumiem, p\u0101rdom\u0101m un kr\u0101jaizdevu sabiedr\u012bbas pakalpojumu izmanto\u0161anu.<\/span><br \/>\n<strong>Nellija Ple\u0161a<\/strong><br \/>\n<span style=\"font-family: arial,helvetica,sans-serif; font-size: 12px;\"> LVSADA KS valdes priek\u0161s\u0113d\u0113t\u0101ja<\/span><\/p>\n<p style=\"font-family: Arial, Helvetica, sans-serif; font-size: 12px;\"><strong><span style=\"font-family: arial,helvetica,sans-serif;\"> <span style=\"color: #008080;\">KR\u0100JAIZDEVU SABIEDR\u012aBAS DARB\u012aBAS PRINCIPI<\/span><\/span><\/strong><\/p>\n<p style=\"font-family: Arial, Helvetica, sans-serif; font-size: 12px;\"><span style=\"font-family: arial,helvetica,sans-serif; font-size: 12px;\"><strong><span style=\"color: #008080;\">Atkl\u0101ta un br\u012bvpr\u0101t\u012bga<\/span><\/strong><\/span><\/p>\n<p style=\"font-family: Arial, Helvetica, sans-serif; font-size: 12px;\"><span style=\"font-family: arial,helvetica,sans-serif; font-size: 12px;\">Par KS biedru var k\u013c\u016bt ikviens m\u016bsu arodbiedr\u012bbas biedrs, kur\u0161 atz\u012bst sabiedr\u012bbas Stat\u016btus, ieg\u0101d\u0101jies vismaz vienu paju 14,23 EUR\u00a0 (10LVL) un iemaks\u0101jis iest\u0101\u0161an\u0101s naudu 4.27 EUR\u00a0 (3 LVL). Biedrs ir ties\u012bgs izst\u0101ties no KS un sa\u0146emt atpaka\u013c savu iemaks\u0101to paju summu viena gada laik\u0101.<\/span><\/p>\n<p style=\"font-family: Arial, Helvetica, sans-serif; font-size: 12px;\">\u00a0\u00a0\u00a0\u00a0<em> <a href=\"https:\/\/www.lvsada.lv\/wp-content\/uploads\/2014\/05\/aploksne2.jpg\"><img loading=\"lazy\" decoding=\"async\" class=\"alignleft size-full wp-image-1325\" src=\"https:\/\/www.lvsada.lv\/wp-content\/uploads\/2014\/05\/aploksne2.jpg\" alt=\"aploksne\" width=\"16\" height=\"13\" \/><\/a>Veidlapa:<\/em>\u00a0\u2022 <span style=\"font-family: arial,helvetica,sans-serif; font-size: 12px;\"><a href=\"https:\/\/www.lvsada.lv\/wp-content\/uploads\/2014\/03\/2_Iesniegums.doc\">Iesniegums<\/a>.<\/span><\/p>\n<p style=\"font-family: Arial, Helvetica, sans-serif; font-size: 12px;\"><span style=\"font-family: arial,helvetica,sans-serif; font-size: 12px;\"><strong><span style=\"color: #008080;\">Demokr\u0101tiska kontrole<br \/>\n<\/span><\/strong>Katram KS biedram ir vienl\u012bdz\u012bgas balssties\u012bbas (katram ir viena balss). Balssties\u012bbas nav atkar\u012bgas no piedero\u0161o paju skaita. KS ir patst\u0101v\u012bga organiz\u0101cija, kas kalpo saviem biedriem un, kur pa\u0161i biedri kontrol\u0113 sava uz\u0146\u0113muma darb\u012bbu. Saska\u0146\u0101 ar likumu, KS par savu darb\u012bbu atskait\u0101s biedriem, Latvijas Bankai un Finansu un kapit\u0101la tirgus komisijai (FKTK). FKTK ir ties\u012bga aptur\u0113t KS darb\u012bbu, ja t\u0101s finansi\u0101l\u0101 darb\u012bba apdraud biedru intereses.<\/span><\/p>\n<p style=\"font-family: Arial, Helvetica, sans-serif; font-size: 12px;\"><span style=\"font-family: arial,helvetica,sans-serif; font-size: 12px;\"><strong><span style=\"color: #008080;\">Pakalpojumi biedriem<br \/>\n<\/span><\/strong>Kooperat\u012bv\u0101 kr\u0101jaizdevu sabiedr\u012bba pied\u0101v\u0101 biedriem\u00a0 naudas aizdevumu izsnieg\u0161anu:<\/span><\/p>\n<p style=\"font-family: Arial, Helvetica, sans-serif; font-size: 12px;\"><span style=\"font-family: arial,helvetica,sans-serif; font-size: 12px;\">\u00a0\u00a0\u00a0\u00a0 <em>Veidlapas:\u00a0<a href=\"https:\/\/www.lvsada.lv\/wp-content\/uploads\/2014\/05\/aploksne2.jpg\"><img loading=\"lazy\" decoding=\"async\" class=\"alignleft size-full wp-image-1325\" src=\"https:\/\/www.lvsada.lv\/wp-content\/uploads\/2014\/05\/aploksne2.jpg\" alt=\"aploksne\" width=\"16\" height=\"13\" \/><\/a><\/em>\u00a0\u2022\u00a0<a title=\"Pieteikums\" href=\"https:\/\/www.lvsada.lv\/wp-content\/uploads\/2014\/12\/Pieteikums-aizdevuma-sanemsanai.doc\" target=\"_blank\" rel=\"noopener\">Pieteikums aizdevuma sa\u0146em\u0161anai <\/a>\u2022 <a href=\"https:\/\/www.lvsada.lv\/wp-content\/uploads\/2014\/03\/3_GALV.doc\">Galvojums<\/a>;\u00a0 <\/span><span style=\"font-family: arial,helvetica,sans-serif; font-size: 12px;\"><br \/>\n<\/span><\/p>\n<p style=\"font-family: Arial, Helvetica, sans-serif; font-size: 12px;\"><span style=\"font-family: arial,helvetica,sans-serif; font-size: 12px;\"><strong><span style=\"color: #008080;\">Maks\u0101jumi biedriem <\/span><\/strong>\u2022 KS izmaks\u0101 biedriem dividendes par noguld\u012bjumiem 10% gad\u0101. Tas ir iev\u0113rojami vair\u0101k nek\u0101 pied\u0101v\u0101 citas kred\u012btiest\u0101des; \u2022 KS biedriem nav j\u0101maks\u0101 par kontu atv\u0113r\u0161anu un apkalpo\u0161anu.<\/span><\/p>\n<p style=\"font-family: Arial, Helvetica, sans-serif; font-size: 12px;\">\u00a0\u00a0\u00a0\u00a0 <a href=\"https:\/\/www.lvsada.lv\/wp-content\/uploads\/2014\/05\/aploksne2.jpg\"><img loading=\"lazy\" decoding=\"async\" class=\"alignleft size-full wp-image-1325\" src=\"https:\/\/www.lvsada.lv\/wp-content\/uploads\/2014\/05\/aploksne2.jpg\" alt=\"aploksne\" width=\"16\" height=\"13\" \/><\/a><em>Veidlapa:<\/em> <span style=\"font-family: arial,helvetica,sans-serif; font-size: 12px;\">\u2022 <a href=\"https:\/\/www.lvsada.lv\/wp-content\/uploads\/2014\/03\/4_ligums.docx\">Termi\u0146noguld\u012bjuma l\u012bgums<\/a><\/span>.<\/p>\n<p style=\"font-family: Arial, Helvetica, sans-serif; font-size: 12px;\"><span style=\"font-family: arial,helvetica,sans-serif; font-size: 12px;\"><strong><span style=\"color: #008080;\">Izgl\u012bto\u0161anas darbs <\/span><\/strong>KS r\u016bp\u0113jas par savu biedru izgl\u012bto\u0161anu ekonomiskajos, soci\u0101lajos, demokr\u0101tijas un kr\u0101jaizdevu sabiedr\u012bbas savstarp\u0113j\u0101s pal\u012bdz\u012bbas principu jaut\u0101jumos, veicinot biedru prasmi ekonomiski saimniekot un lietder\u012bgi izmantot kred\u012btus, k\u0101 ar\u012b apzin\u0101ties savus pien\u0101kumus un ties\u012bbas.<\/span><\/p>\n<p style=\"font-family: Arial, Helvetica, sans-serif; font-size: 12px;\"><span style=\"font-family: arial,helvetica,sans-serif; font-size: 12px;\"><strong><span style=\"color: #008080;\">Kooperat\u012bvu sadarb\u012bba<br \/>\n<\/span><\/strong>Patreiz 8 nozaru arodbiedr\u012bbas ir nodibin\u0101ju\u0161as savas kooperat\u012bv\u0101s kr\u0101jaizdevu sabiedr\u012bbas. Sadarb\u012bba ar \u0161\u012bm kr\u0101jaizdevu sabiedr\u012bb\u0101m, k\u0101 ar\u012b ar Latvijas Kr\u0101jaizdevu sabiedr\u012bbu savien\u012bbu kalpo biedru un sabiedr\u012bbas interes\u0113m.<\/span><\/p>\n<p style=\"font-family: Arial, Helvetica, sans-serif; font-size: 12px;\"><span style=\"font-family: arial,helvetica,sans-serif; font-size: 12px;\"><strong><span style=\"color: #008080;\">Noguld\u012bjumi <\/span><\/strong>Biedram ir ties\u012bbas izv\u0113l\u0113ties termi\u0146noguld\u012bjumu, piepras\u012bjuma noguld\u012bjumu vai m\u0113r\u0137a noguld\u012bjumu. Biedram ir iesp\u0113ja atv\u0113rt noguld\u012bjuma kontu un katru m\u0113nesi taj\u0101 ieskait\u012bt noteiktu naudas summu, veidojot uzkr\u0101jumus.<\/span><\/p>\n<p style=\"font-family: Arial, Helvetica, sans-serif; font-size: 12px;\"><span style=\"color: #000000; font-size: 12px;\"><span style=\"font-family: arial,helvetica,sans-serif;\">S\u012bk\u0101ka inform\u0101cija pa t\u0101lruni\u00a0 29926610<\/span><\/span><\/p>\n","protected":false},"excerpt":{"rendered":"<p>KR\u0100JAIZDEVU SABIEDR\u012aBA \u0160\u012b sada\u013ca iepaz\u012bstin\u0101s J\u016bs ar Latvijas Vesel\u012bbas un soci\u0101l\u0101s apr\u016bpes darbinieku kooperat\u012bv\u0101s kr\u0101jaizdevu sabiedr\u012bbas darb\u012bbu. Apzinoties situ\u0101ciju, kad kooperat\u012bv\u0101s kr\u0101jaizdevu sabiedr\u012bbas var tikt izveidotas p\u0113c nodarbin\u0101t\u012bbas principa, Latvijas Vesel\u012bbas un soci\u0101l\u0101s apr\u016bpes darbinieku arodbiedr\u012bba uz\u0146\u0113m\u0101s \u0161o iniciat\u012bvu t\u0101d\u0101 veid\u0101 \u013caujot saviem biedriem b\u016bt p\u0101rliecin\u0101tiem par savu naudas l\u012bdzek\u013cu dro\u0161\u012bbu un garant\u0113jot iesp\u0113ju aiz\u0146emties&#8230;<\/p>\n","protected":false},"author":1,"featured_media":0,"parent":0,"menu_order":0,"comment_status":"closed","ping_status":"closed","template":"","meta":{"footnotes":""},"class_list":["post-170","page","type-page","status-publish","hentry"],"_links":{"self":[{"href":"https:\/\/www.lvsada.lv\/index.php?rest_route=\/wp\/v2\/pages\/170","targetHints":{"allow":["GET"]}}],"collection":[{"href":"https:\/\/www.lvsada.lv\/index.php?rest_route=\/wp\/v2\/pages"}],"about":[{"href":"https:\/\/www.lvsada.lv\/index.php?rest_route=\/wp\/v2\/types\/page"}],"author":[{"embeddable":true,"href":"https:\/\/www.lvsada.lv\/index.php?rest_route=\/wp\/v2\/users\/1"}],"replies":[{"embeddable":true,"href":"https:\/\/www.lvsada.lv\/index.php?rest_route=%2Fwp%2Fv2%2Fcomments&post=170"}],"version-history":[{"count":31,"href":"https:\/\/www.lvsada.lv\/index.php?rest_route=\/wp\/v2\/pages\/170\/revisions"}],"predecessor-version":[{"id":4199,"href":"https:\/\/www.lvsada.lv\/index.php?rest_route=\/wp\/v2\/pages\/170\/revisions\/4199"}],"wp:attachment":[{"href":"https:\/\/www.lvsada.lv\/index.php?rest_route=%2Fwp%2Fv2%2Fmedia&parent=170"}],"curies":[{"name":"wp","href":"https:\/\/api.w.org\/{rel}","templated":true}]}}