{"id":185,"date":"2013-10-29T14:21:38","date_gmt":"2013-10-29T14:21:38","guid":{"rendered":"http:\/\/lvsada.datika.lv\/?page_id=185"},"modified":"2025-12-02T13:45:44","modified_gmt":"2025-12-02T11:45:44","slug":"vesture","status":"publish","type":"page","link":"https:\/\/www.lvsada.lv\/?page_id=185","title":{"rendered":"V\u0113sture"},"content":{"rendered":"<div style=\"font-family: Arial, Helvetica, sans-serif; font-size: 12px;\">\u00a0<\/div>\n<div style=\"font-family: Arial, Helvetica, sans-serif; font-size: 12px;\">\u00a0<\/div>\n<div style=\"font-family: Arial, Helvetica, sans-serif; font-size: 12px;\"><span style=\"font-family: arial, helvetica, sans-serif; font-size: 10pt;\"><span style=\"color: #000000;\">M\u016bsu arodbiedr\u012bba ir viena no vado\u0161\u0101kaj\u0101m medi\u0137u un soci\u0101lo darbinieku p\u0101rst\u0101v\u0113t\u0101m arodbiedr\u012bb\u0101m Latvij\u0101, kura ir izveidota<\/span> <span style=\"color: #800000;\">1990.gada 12.maij\u0101<\/span> <span style=\"color: #000000;\">k\u0101 Latvijas Medic\u012bnas darbinieku<\/span> <span style=\"color: #000000;\">arodbiedr\u012bba.<\/span><\/span><\/div>\n<div style=\"font-family: Arial, Helvetica, sans-serif; font-size: 12px;\">\u00a0<\/div>\n<div style=\"font-family: Arial, Helvetica, sans-serif; font-size: 12px;\">\u00a0<\/div>\n<div style=\"font-family: Arial, Helvetica, sans-serif; font-size: 12px;\"><span style=\"font-family: arial, helvetica, sans-serif; font-size: 10pt;\"><span style=\"color: #66000a;\">2000.gada 1.decembr\u012b\u00a0\u00a0<\/span><span style=\"color: #000000;\">organiz\u0101cija tika p\u0101rd\u0113v\u0113ta par Latvijas Vesel\u012bbas un soci\u0101l\u0101s apr\u016bpes darbinieku arodbiedr\u012bbu (LVSADA). <\/span><\/span><\/div>\n<div style=\"font-family: Arial, Helvetica, sans-serif; font-size: 12px;\">\u00a0<\/div>\n<hr style=\"font-family: Arial, Helvetica, sans-serif; font-size: 12px;\" \/>\n<p style=\"font-family: Arial, Helvetica, sans-serif; font-size: 12px;\"><span style=\"color: #66000a; font-family: arial, helvetica, sans-serif; font-size: 10pt;\">S\u012bk\u0101kas zi\u0146as:<\/span><\/p>\n<p style=\"font-family: Arial, Helvetica, sans-serif; font-size: 12px;\"><span style=\"font-family: arial, helvetica, sans-serif; font-size: 10pt;\">12.05.1990. nodibin\u0101ta Latvijas Medic\u012bnas darbinieku arodbiedr\u012bba (LMDA). Par priek\u0161s\u0113d\u0113t\u0101ju iev\u0113l\u0113ta Ruta V\u012bksna, par priek\u0161s\u0113d\u0113t\u0101ja vietnieci Ija Rudz\u012bte.<\/span><\/p>\n<p><span style=\"font-family: arial, helvetica, sans-serif; font-size: 10pt;\"><span style=\"color: #66000a;\">26.05.1990.<\/span> Latvijas Br\u012bvo arodbiedr\u012bbu savien\u012bbas (LBAS) dibin\u0101t\u0101jorganiz\u0101cija<\/span><\/p>\n<p style=\"font-family: Arial, Helvetica, sans-serif; font-size: 12px;\"><span style=\"font-family: arial, helvetica, sans-serif; font-size: 10pt;\"><span style=\"color: #66000a;\">14.06.1991.<\/span> Re\u0123istr\u0113ta LR Tieslietu ministrij\u0101 ar numuru A-031, p\u0101rre\u0123istr\u0113ta LR uz\u0146\u0113mumu re\u0123istr\u0101 ar Nr. 40008043987<\/span><\/p>\n<p><span style=\"font-family: arial, helvetica, sans-serif; font-size: 10pt;\"><span style=\"color: #66000a;\">31.07.1993. <\/span>\u00a0Pasaules sabiedrisko pakalpojumu darbinieku arodbiedr\u012bbas (Public Services International) dal\u012bborganiz\u0101cija<\/span><\/p>\n<p style=\"font-family: Arial, Helvetica, sans-serif; font-size: 12px;\"><span style=\"font-family: arial, helvetica, sans-serif; font-size: 10pt;\"><span style=\"color: #66000a;\">19.05.1995.<\/span> II kongres\u0101 pie\u0146emti jauni Stat\u016bti un Programma atbilsto\u0161i demokr\u0101tijas un tirgus ekonomikas att\u012bst\u012bbai Latvij\u0101. Par priek\u0161s\u0113d\u0113t\u0101ju un priek\u0161s\u0113d\u0113t\u0101ja vietnieci atk\u0101rtoti iev\u0113l\u0113tas\u00a0 Ruta V\u012bksna un Ija Rudz\u012bte.<\/span><\/p>\n<p style=\"font-family: Arial, Helvetica, sans-serif; font-size: 12px;\"><span style=\"font-family: arial, helvetica, sans-serif; font-size: 10pt;\"><span style=\"color: #66000a;\">01.12.2000.<\/span> III kongres\u0101 pie\u0146emti jauni Stat\u016bti un Programma atbilsto\u0161i soci\u0101li ekonomiskai situ\u0101cijai Latvij\u0101 un izmain\u012bts nosaukums &#8211;\u00a0 Latvijas Vesel\u012bbas un soci\u0101l\u0101s apr\u016bpes darbinieku arodbiedr\u012bba (LVSADA), par priek\u0161s\u0113d\u0113t\u0101ju iev\u0113l\u0113ta Ruta V\u012bksna, par vietnieci &#8211; Ija Rudz\u012bte.<\/span><\/p>\n<p style=\"font-family: Arial, Helvetica, sans-serif; font-size: 12px;\"><span style=\"font-family: arial, helvetica, sans-serif; font-size: 10pt;\"><span style=\"color: #66000a;\">02.12.2005.<\/span> IV kongres\u0101 pie\u0146emti Stat\u016bti \u00a0jaun\u0101 redakcij\u0101.\u00a0 Par priek\u0161s\u0113d\u0113t\u0101ju iev\u0113l\u0113ts Valdis Keris, un par vi\u0146a vietnieci iev\u0113l\u0113ta Ruta V\u012bksna.<\/span><\/p>\n<p style=\"font-family: Arial, Helvetica, sans-serif; font-size: 12px;\"><span style=\"font-family: arial, helvetica, sans-serif; font-size: 10pt;\">\u00a0\u00a0\u00a0\u00a0 <a href=\"https:\/\/www.lvsada.lv\/?page_id=450\">IV kongresa materi\u0101li<\/a><\/span><\/p>\n<p style=\"font-family: Arial, Helvetica, sans-serif; font-size: 12px;\"><span style=\"font-family: arial, helvetica, sans-serif; font-size: 10pt;\"><span style=\"color: #66000a;\">02.12.2010.<\/span> V kongres\u0101\u00a0pie\u0146emti\u00a0 groz\u012bjumi Stat\u016btos. Par priek\u0161s\u0113d\u0113t\u0101ju atk\u0101rtoti iev\u0113l\u0113ts Valdis Keris un par\u00a0 priek\u0161s\u0113d\u0113t\u0101ja vietnieci &#8211; Tatjana Brak\u0161e.<\/span><\/p>\n<p style=\"font-family: Arial, Helvetica, sans-serif; font-size: 12px;\"><span style=\"font-family: arial, helvetica, sans-serif; font-size: 10pt;\">\u00a0\u00a0\u00a0\u00a0 <a href=\"https:\/\/www.lvsada.lv\/?page_id=452\">V kongresa materi\u0101li<\/a><\/span><\/p>\n<p><span style=\"font-family: arial, helvetica, sans-serif; font-size: 10pt;\">\u00a0 \u00a0<span style=\"color: #800000;\">\u00a0VI kongress<\/span> <\/span><\/p>\n<p style=\"font-family: Arial, Helvetica, sans-serif; font-size: 12px;\"><span style=\"font-size: 10pt; font-family: arial, helvetica, sans-serif;\"><span style=\"color: #800000;\">01.12.2015.<\/span> VI kongres\u0101 pie\u0146emti groz\u012bjumi Stat\u016btos. Par priek\u0161s\u0113d\u0113t\u0101ju atk\u0101rtoti iev\u0113l\u0113ts Valdis Keris, un par priek\u0161s\u0113d\u0113t\u0101ja vietnieci iev\u0113l\u0113ta L\u012bga B\u0101ri\u0146a.<\/span><\/p>\n<p><span style=\"font-size: 10pt; font-family: arial, helvetica, sans-serif;\">\u00a0 \u00a0\u00a0<span style=\"color: #800000;\">VII kongress<\/span><\/span><\/p>\n<p><span style=\"font-family: arial, helvetica, sans-serif; font-size: 10pt;\"><span style=\"color: #800000;\">01.12.2020.<\/span> VII kongres\u0101 pie\u0146emti groz\u012bjumi <a href=\"https:\/\/www.lvsada.lv\/?page_id=177\">Stat\u016btos<\/a>. Par priek\u0161s\u0113d\u0113t\u0101ju atk\u0101rtoti iev\u0113l\u0113ts Valdis Keris, un par priek\u0161s\u0113d\u0113t\u0101ja vietnieci atk\u0101rtoti iev\u0113l\u0113ta L\u012bga B\u0101ri\u0146a.<\/span><\/p>\n<p><span style=\"font-size: 10pt; font-family: arial, helvetica, sans-serif;\"><span style=\"color: #800000;\">VIII kongress<\/span><\/span><\/p>\n<p><span style=\"font-family: arial, helvetica, sans-serif; font-size: 10pt;\"><span style=\"color: #800000;\">28.11.2025.<\/span> VIII kongres\u0101 par\u00a0 LVSADA priek\u0161s\u0113d\u0113t\u0101ju iev\u0113l\u0113ta L\u012bga B\u0101ri\u0146a, par priek\u0161s\u0113d\u0113t\u0101jas vietnieku &#8211;\u00a0 Andis Feldmanis.<\/span><\/p>\n<hr style=\"font-family: Arial, Helvetica, sans-serif; font-size: 12px;\" \/>\n\n\n<p><\/p>\n","protected":false},"excerpt":{"rendered":"<p>\u00a0 \u00a0 M\u016bsu arodbiedr\u012bba ir viena no vado\u0161\u0101kaj\u0101m medi\u0137u un soci\u0101lo darbinieku p\u0101rst\u0101v\u0113t\u0101m arodbiedr\u012bb\u0101m Latvij\u0101, kura ir izveidota 1990.gada 12.maij\u0101 k\u0101 Latvijas Medic\u012bnas darbinieku arodbiedr\u012bba. \u00a0 \u00a0 2000.gada 1.decembr\u012b\u00a0\u00a0organiz\u0101cija tika p\u0101rd\u0113v\u0113ta par Latvijas Vesel\u012bbas un soci\u0101l\u0101s apr\u016bpes darbinieku arodbiedr\u012bbu (LVSADA). \u00a0 S\u012bk\u0101kas zi\u0146as: 12.05.1990. nodibin\u0101ta Latvijas Medic\u012bnas darbinieku arodbiedr\u012bba (LMDA). Par priek\u0161s\u0113d\u0113t\u0101ju iev\u0113l\u0113ta Ruta V\u012bksna,&#8230;<\/p>\n","protected":false},"author":1,"featured_media":0,"parent":0,"menu_order":0,"comment_status":"closed","ping_status":"closed","template":"","meta":{"footnotes":""},"class_list":["post-185","page","type-page","status-publish","hentry"],"_links":{"self":[{"href":"https:\/\/www.lvsada.lv\/index.php?rest_route=\/wp\/v2\/pages\/185","targetHints":{"allow":["GET"]}}],"collection":[{"href":"https:\/\/www.lvsada.lv\/index.php?rest_route=\/wp\/v2\/pages"}],"about":[{"href":"https:\/\/www.lvsada.lv\/index.php?rest_route=\/wp\/v2\/types\/page"}],"author":[{"embeddable":true,"href":"https:\/\/www.lvsada.lv\/index.php?rest_route=\/wp\/v2\/users\/1"}],"replies":[{"embeddable":true,"href":"https:\/\/www.lvsada.lv\/index.php?rest_route=%2Fwp%2Fv2%2Fcomments&post=185"}],"version-history":[{"count":23,"href":"https:\/\/www.lvsada.lv\/index.php?rest_route=\/wp\/v2\/pages\/185\/revisions"}],"predecessor-version":[{"id":5117,"href":"https:\/\/www.lvsada.lv\/index.php?rest_route=\/wp\/v2\/pages\/185\/revisions\/5117"}],"wp:attachment":[{"href":"https:\/\/www.lvsada.lv\/index.php?rest_route=%2Fwp%2Fv2%2Fmedia&parent=185"}],"curies":[{"name":"wp","href":"https:\/\/api.w.org\/{rel}","templated":true}]}}