{"id":190,"date":"2013-10-29T14:32:56","date_gmt":"2013-10-29T14:32:56","guid":{"rendered":"http:\/\/lvsada.datika.lv\/?page_id=190"},"modified":"2026-03-09T10:55:46","modified_gmt":"2026-03-09T08:55:46","slug":"kontakti","status":"publish","type":"page","link":"https:\/\/www.lvsada.lv\/?page_id=190","title":{"rendered":"Kontakti"},"content":{"rendered":"<p><span style=\"font-size: small; color: #66000a; font-family: arial, helvetica, sans-serif;\">Adrese: Bru\u0146inieku iel\u0101 29\/31-302, R\u012bg\u0101, LV-1001<\/span><\/p>\n<p style=\"font-family: Arial, Helvetica, sans-serif; font-size: 12px;\"><span style=\"color: #66000a; font-family: arial, helvetica, sans-serif;\"><span style=\"font-size: small;\"><span style=\"font-size: small;\"> T\u0101lrunis: ( +371) 67 847 300<\/span><\/span><\/span><\/p>\n<p style=\"font-family: Arial, Helvetica, sans-serif; font-size: 12px;\"><span style=\"color: #66000a; font-family: arial, helvetica, sans-serif;\"><span style=\"font-size: small;\"><span style=\"font-size: small;\">e-pasts: lvsada@lvsada.lv <\/span><\/span><\/span><\/p>\n","protected":false},"excerpt":{"rendered":"<p>Adrese: Bru\u0146inieku iel\u0101 29\/31-302, R\u012bg\u0101, LV-1001 T\u0101lrunis: ( +371) 67 847 300 e-pasts: lvsada@lvsada.lv<\/p>\n","protected":false},"author":1,"featured_media":0,"parent":0,"menu_order":0,"comment_status":"closed","ping_status":"closed","template":"","meta":{"footnotes":""},"class_list":["post-190","page","type-page","status-publish","hentry"],"_links":{"self":[{"href":"https:\/\/www.lvsada.lv\/index.php?rest_route=\/wp\/v2\/pages\/190","targetHints":{"allow":["GET"]}}],"collection":[{"href":"https:\/\/www.lvsada.lv\/index.php?rest_route=\/wp\/v2\/pages"}],"about":[{"href":"https:\/\/www.lvsada.lv\/index.php?rest_route=\/wp\/v2\/types\/page"}],"author":[{"embeddable":true,"href":"https:\/\/www.lvsada.lv\/index.php?rest_route=\/wp\/v2\/users\/1"}],"replies":[{"embeddable":true,"href":"https:\/\/www.lvsada.lv\/index.php?rest_route=%2Fwp%2Fv2%2Fcomments&post=190"}],"version-history":[{"count":25,"href":"https:\/\/www.lvsada.lv\/index.php?rest_route=\/wp\/v2\/pages\/190\/revisions"}],"predecessor-version":[{"id":5181,"href":"https:\/\/www.lvsada.lv\/index.php?rest_route=\/wp\/v2\/pages\/190\/revisions\/5181"}],"wp:attachment":[{"href":"https:\/\/www.lvsada.lv\/index.php?rest_route=%2Fwp%2Fv2%2Fmedia&parent=190"}],"curies":[{"name":"wp","href":"https:\/\/api.w.org\/{rel}","templated":true}]}}