{"id":2,"date":"2013-10-25T06:23:20","date_gmt":"2013-10-25T06:23:20","guid":{"rendered":"http:\/\/lvsada.datika.lv\/?page_id=2"},"modified":"2025-12-02T13:56:47","modified_gmt":"2025-12-02T11:56:47","slug":"sample-page","status":"publish","type":"page","link":"https:\/\/www.lvsada.lv\/?page_id=2","title":{"rendered":"Par mums"},"content":{"rendered":"<blockquote>\n<div style=\"text-align: center;\" align=\"center\"><strong><img loading=\"lazy\" decoding=\"async\" width=\"83\" height=\"76\" class=\"alignleft wp-image-17\" src=\"https:\/\/www.lvsada.lv\/wp-content\/uploads\/2013\/10\/logo.jpg\" alt=\"logo.jpg\" \/><\/strong><\/div>\n<\/blockquote>\n<div style=\"text-align: center;\" align=\"center\"><!--more--><\/div>\n<h1 style=\"font-family: Arial, Helvetica, sans-serif; font-size: 14px;\" align=\"center\"><strong><span style=\"font-family: arial,helvetica,sans-serif;\">L<\/span><span style=\"font-family: arial,helvetica,sans-serif; font-size: 14px;\">atvijas Vesel\u012bbas un soci\u0101l\u0101s apr\u016bpes darbinieku arodbiedr\u012bba (LVSADA) ir liel\u0101k\u0101 un ietekm\u012bg\u0101k\u0101 arodbiedr\u012bba vesel\u012bbas un soci\u0101l\u0101s apr\u016bpes nozar\u0113<\/span><\/strong><\/h1>\n<div style=\"text-align: center;\" align=\"center\">\u00a0<\/div>\n<div style=\"text-align: center;\" align=\"center\">\u00a0<\/div>\n<div style=\"text-align: left;\" align=\"center\">\u00a0<\/div>\n<div align=\"justify\">\n<p style=\"font-family: Arial, Helvetica, sans-serif; font-size: 12px; text-align: left;\">M\u016bsu organiz\u0101cija apvieno vair\u0101k k\u0101\u00a0 <strong>6 000<\/strong> biedrus. LVSADA biedri ir \u0101rsti, citas \u0101rstniec\u012bbas personas ar augst\u0101ko un vid\u0113jo medic\u012bnisko izgl\u012bt\u012bbu, soci\u0101l\u0101s apr\u016bpes darbinieki, farmaceiti, jaun\u0101kais medic\u012bniskais person\u0101ls, pasniedz\u0113ji, studenti, p\u0101r\u0113jie vesel\u012bbas apr\u016bpes iest\u0101d\u0113s str\u0101d\u0101jo\u0161ie darbinieki.<\/p>\n<div style=\"font-family: Arial, Helvetica, sans-serif; font-size: 12px; text-align: left;\" align=\"center\">LVSADA\u00a0 sast\u0101v\u0101\u00a0\u00a0ir <strong>59<\/strong> arodorganiz\u0101cijas (inform\u0101cija atjaunota 01.02.2024.).<\/div>\n<div style=\"font-family: Arial, Helvetica, sans-serif; font-size: 12px; text-align: left;\" align=\"center\">\u00a0<\/div>\n<div style=\"font-family: Arial, Helvetica, sans-serif; font-size: 12px; text-align: left;\" align=\"center\">\u00a0<\/div>\n<div style=\"font-family: Arial, Helvetica, sans-serif; font-size: 12px; text-align: left;\" align=\"center\">\u00a0<\/div>\n<div style=\"font-family: Arial, Helvetica, sans-serif; font-size: 12px; text-align: left;\" align=\"center\">\u00a0<\/div>\n<div style=\"font-family: Arial, Helvetica, sans-serif; font-size: 12px; text-align: left;\" align=\"center\">LVSADA ir br\u012bvpr\u0101t\u012bga, neatkar\u012bga un demokr\u0101tiska sabiedriska organiz\u0101cija, kura darbojas, iev\u0113rojot LR Satversmi, likumus un savus Stat\u016btus.\u00a0\u00a0Attiec\u012bbas ar valsts p\u0101rvaldes instit\u016bcij\u0101m, sabiedrisk\u0101m organiz\u0101cij\u0101m un politisk\u0101m partij\u0101m veidojam uz savstarp\u0113j\u0101s cie\u0146as, l\u012bdzties\u012bgas partner\u012bbas pamatiem un savstarp\u0113jiem l\u012bgumiem.<br \/>M\u016bsu ofici\u0101lie starptautisk\u0101s sadarb\u012bbas partneri ir Eiropas Sabiedriskie pakalpojumu arodbiedr\u012bbu feder\u0101cijas \u00a0<a href=\"http:\/\/www.epsu.org\" target=\"_blank\" rel=\"noopener\"><strong>(EPSU)\u00a0<\/strong><\/a>\u00a0un Pasaules Sabiedrisko pakalpojumu arodbiedr\u012bbu internacion\u0101le \u00a0<a href=\"http:\/\/www.world-psi.org\/\" target=\"_blank\" rel=\"noopener\"><strong> (PSI)<\/strong>.<\/a><\/div>\n<div style=\"font-family: Arial, Helvetica, sans-serif; font-size: 12px;\" align=\"center\">\n<div style=\"font-family: Arial, Helvetica, sans-serif; font-size: 12px; text-align: left;\">\u00a0<\/div>\n<div style=\"font-family: Arial, Helvetica, sans-serif; font-size: 12px; text-align: left;\"><strong>Ko dara LVSADA?<\/strong><\/div>\n<ul style=\"font-family: Arial, Helvetica, sans-serif; font-size: 12px; text-align: left;\">\n<li style=\"font-family: Arial, Helvetica, sans-serif; font-size: 12px;\">Apvieno nozares darbiniekus kop\u0113jo darba, ekonomisko un soci\u0101lo ties\u012bbu aizst\u0101v\u012bbai;<\/li>\n<li style=\"font-family: Arial, Helvetica, sans-serif; font-size: 12px;\">\u012asteno soci\u0101lo dialogu ar vald\u012bbu, darba dev\u0113jiem un profesion\u0101l\u0101m asoci\u0101cij\u0101m;<\/li>\n<li style=\"font-family: Arial, Helvetica, sans-serif; font-size: 12px;\">P\u0101rst\u0101v darbinieku intereses valsts un p\u0101rvaldes instit\u016bcij\u0101s;<\/li>\n<li style=\"font-family: Arial, Helvetica, sans-serif; font-size: 12px;\">Veic likumu, citu ties\u012bbu aktu projektu ekspert\u012bzi un izstr\u0101d\u0101 priek\u0161likumus izmai\u0146\u0101m;<\/li>\n<li style=\"font-family: Arial, Helvetica, sans-serif; font-size: 12px;\">Organiz\u0113 savu biedru izgl\u012bto\u0161anu;<\/li>\n<li style=\"font-family: Arial, Helvetica, sans-serif; font-size: 12px;\">Piedal\u0101s valsts un staptautiskaj\u0101 arodbiedr\u012bbu kust\u012bb\u0101;<\/li>\n<li style=\"font-family: Arial, Helvetica, sans-serif; font-size: 12px;\">Pied\u0101v\u0101 izmantot kr\u0101jaizdevumu sabiedr\u012bbas pakalpojumus, apdro\u0161in\u0101\u0161anas, pal\u012bdz\u012bbas un solidarit\u0101tes fondus.<\/li>\n<li style=\"font-family: Arial, Helvetica, sans-serif; font-size: 12px;\">Pal\u012bdz nodro\u0161in\u0101t Latvijas iedz\u012bvot\u0101jiem pieejamus un kvalitat\u012bvus vesel\u012bbas un soci\u0101l\u0101s apr\u016bpes pakalpojumus!<\/li>\n<\/ul>\n<div style=\"font-family: Arial, Helvetica, sans-serif; font-size: 12px; text-align: left;\">\n<div style=\"font-family: Arial, Helvetica, sans-serif; font-size: 12px;\">\n<p style=\"font-family: Arial, Helvetica, sans-serif; font-size: 12px;\" align=\"center\"><span style=\"font-size: small;\">\u00a0<\/span><\/p>\n<p style=\"font-family: Arial, Helvetica, sans-serif; font-size: 12px;\" align=\"center\"><strong><span style=\"font-size: small;\">M\u0113s esam vien\u012bgie nozar\u0113, kuri r\u012bko pla\u0161as protesta akcijas, lai c\u012bn\u012btos par liel\u0101k\u0101m alg\u0101m, \u012bs\u0101ku darba laiku un dro\u0161iem darba apst\u0101k\u013ciem.<\/span><\/strong><\/p>\n<p style=\"font-family: Arial, Helvetica, sans-serif; font-size: 12px; text-align: justify;\" align=\"center\">\u00a0<\/p>\n<\/div>\n<\/div>\n<p style=\"font-family: Arial, Helvetica, sans-serif; font-size: 12px; text-align: left;\">LVSADA\u00a0vad\u012bt\u0101ji<\/p>\n<p style=\"font-family: Arial, Helvetica, sans-serif; font-size: 12px; text-align: left;\">Priek\u0161s\u0113d\u0113t\u0101ja <span style=\"color: #800000;\">L\u012bga B\u0101ri\u0146a<\/span><\/p>\n<p style=\"font-family: Arial, Helvetica, sans-serif; font-size: 12px; text-align: left;\">\u00a0Priek\u0161s\u0113d\u0113t\u0101ja vietnieks <span style=\"color: #800000;\">Andis Feldmanis<\/span><\/p>\n<div style=\"font-family: Arial, Helvetica, sans-serif; font-size: 12px; text-align: left;\">\n<div style=\"font-family: Arial, Helvetica, sans-serif; font-size: 12px; text-align: left;\">\u00a0<\/div>\n<div style=\"font-family: Arial, Helvetica, sans-serif; font-size: 12px; text-align: left;\">Tel.:\u00a067847300,\u00a0fakss: 67847303<br \/>e-pasts: lvsada@lvsada.lv<\/div>\n<\/div>\n<\/div>\n<div style=\"text-align: left;\" align=\"center\">\u00a0<\/div>\n<\/div>\n\n\n<p><\/p>\n","protected":false},"excerpt":{"rendered":"","protected":false},"author":1,"featured_media":0,"parent":0,"menu_order":0,"comment_status":"open","ping_status":"open","template":"","meta":{"footnotes":""},"class_list":["post-2","page","type-page","status-publish","hentry"],"_links":{"self":[{"href":"https:\/\/www.lvsada.lv\/index.php?rest_route=\/wp\/v2\/pages\/2","targetHints":{"allow":["GET"]}}],"collection":[{"href":"https:\/\/www.lvsada.lv\/index.php?rest_route=\/wp\/v2\/pages"}],"about":[{"href":"https:\/\/www.lvsada.lv\/index.php?rest_route=\/wp\/v2\/types\/page"}],"author":[{"embeddable":true,"href":"https:\/\/www.lvsada.lv\/index.php?rest_route=\/wp\/v2\/users\/1"}],"replies":[{"embeddable":true,"href":"https:\/\/www.lvsada.lv\/index.php?rest_route=%2Fwp%2Fv2%2Fcomments&post=2"}],"version-history":[{"count":64,"href":"https:\/\/www.lvsada.lv\/index.php?rest_route=\/wp\/v2\/pages\/2\/revisions"}],"predecessor-version":[{"id":5122,"href":"https:\/\/www.lvsada.lv\/index.php?rest_route=\/wp\/v2\/pages\/2\/revisions\/5122"}],"wp:attachment":[{"href":"https:\/\/www.lvsada.lv\/index.php?rest_route=%2Fwp%2Fv2%2Fmedia&parent=2"}],"curies":[{"name":"wp","href":"https:\/\/api.w.org\/{rel}","templated":true}]}}