{"id":2730,"date":"2016-11-01T14:30:47","date_gmt":"2016-11-01T12:30:47","guid":{"rendered":"http:\/\/www.lvsada.lv\/?page_id=2730"},"modified":"2016-11-01T14:38:10","modified_gmt":"2016-11-01T12:38:10","slug":"deputatu-frakciju-balsojums","status":"publish","type":"page","link":"https:\/\/www.lvsada.lv\/?page_id=2730","title":{"rendered":"Deput\u0101tu frakciju balsojums"},"content":{"rendered":"<p style=\"text-align: center;\"><span style=\"font-family: 'times new roman', times; font-size: 14pt;\"><strong>\u00a01<\/strong><strong>2.Saeimas deput\u0101tu frakciju balsojums<\/strong><\/span><\/p>\n<p style=\"text-align: center;\"><span style=\"font-family: 'times new roman', times; font-size: 14pt;\"><strong>par valsts bud\u017eetu 2017. gadam, 1. las\u012bjums (31.10.2016)<\/strong><\/span><\/p>\n<table class=\" aligncenter\">\n<tbody>\n<tr>\n<td width=\"306\"><span style=\"font-family: 'times new roman', times; font-size: 14pt;\">\u00a0<\/span><a href=\"https:\/\/www.lvsada.lv\/wp-content\/uploads\/2016\/09\/ZNroka_1-akcijas-logo.jpg\"><img loading=\"lazy\" decoding=\"async\" class=\"wp-image-2518 aligncenter\" src=\"https:\/\/www.lvsada.lv\/wp-content\/uploads\/2016\/09\/ZNroka_1-akcijas-logo-500x500.jpg\" alt=\"znroka_1-akcijas-logo\" width=\"185\" height=\"185\" srcset=\"https:\/\/www.lvsada.lv\/wp-content\/uploads\/2016\/09\/ZNroka_1-akcijas-logo-500x500.jpg 500w, https:\/\/www.lvsada.lv\/wp-content\/uploads\/2016\/09\/ZNroka_1-akcijas-logo-402x402.jpg 402w, https:\/\/www.lvsada.lv\/wp-content\/uploads\/2016\/09\/ZNroka_1-akcijas-logo.jpg 751w\" sizes=\"auto, (max-width: 185px) 100vw, 185px\" \/><\/a><\/td>\n<td width=\"306\">\u00a0<img loading=\"lazy\" decoding=\"async\" class=\"wp-image-2733 aligncenter\" src=\"https:\/\/www.lvsada.lv\/wp-content\/uploads\/2016\/11\/ZNskelets-2-oktobrim-500x373.jpg\" alt=\"znskelets-2-oktobrim\" width=\"244\" height=\"182\" srcset=\"https:\/\/www.lvsada.lv\/wp-content\/uploads\/2016\/11\/ZNskelets-2-oktobrim-500x373.jpg 500w, https:\/\/www.lvsada.lv\/wp-content\/uploads\/2016\/11\/ZNskelets-2-oktobrim-1024x764.jpg 1024w, https:\/\/www.lvsada.lv\/wp-content\/uploads\/2016\/11\/ZNskelets-2-oktobrim.jpg 1091w\" sizes=\"auto, (max-width: 244px) 100vw, 244px\" \/><\/td>\n<\/tr>\n<tr>\n<td style=\"text-align: center;\" width=\"306\">\n<p style=\"text-align: center;\"><span style=\"font-family: 'times new roman', times; font-size: 14pt;\"><strong>Pret<\/strong><\/span><\/p>\n<p style=\"text-align: center;\"><span style=\"font-family: 'times new roman', times; font-size: 14pt;\"><strong>vesel\u012bbas apr\u016bpes badin\u0101\u0161anu:<\/strong><\/span><\/p>\n<p style=\"text-align: center;\"><span style=\"font-family: 'times new roman', times; font-size: 14pt;\">Saska\u0146a<\/span><\/p>\n<p style=\"text-align: center;\"><span style=\"font-family: 'times new roman', times; font-size: 14pt;\">Latvijas Re\u0123ionu apvien\u012bba<\/span><\/p>\n<p><span style=\"font-family: 'times new roman', times; font-size: 14pt;\">No Sirds Latvijai<\/span><\/td>\n<td style=\"text-align: center;\" width=\"306\">\n<p style=\"text-align: center;\"><span style=\"font-family: 'times new roman', times; font-size: 14pt;\"><strong>Par<\/strong><\/span><\/p>\n<p style=\"text-align: center;\"><span style=\"font-family: 'times new roman', times; font-size: 14pt;\"><strong>vesel\u012bbas apr\u016bpes badin\u0101\u0161anu:<\/strong><\/span><\/p>\n<p style=\"text-align: center;\"><span style=\"font-family: 'times new roman', times; font-size: 14pt;\">ZZS<\/span><\/p>\n<p style=\"text-align: center;\"><span style=\"font-family: 'times new roman', times; font-size: 14pt;\">VL-TB \/ LNNK<\/span><\/p>\n<p><span style=\"font-family: 'times new roman', times; font-size: 14pt;\">\u00a0Vienot\u012bba<\/span><\/td>\n<\/tr>\n<\/tbody>\n<\/table>\n<p>&nbsp;<\/p>\n<p style=\"text-align: center;\"><span style=\"font-family: 'times new roman', times; font-size: 14pt;\"><strong><span style=\"color: #008000;\">Balso\u0161anas rezult\u0101ts<\/span> \u00a0&#8211;\u00a0<a href=\"http:\/\/titania.saeima.lv\/LIVS12\/SaeimaLIVS2_DK.nsf\/0\/705D62EED9E67C1FC225805D007E5AA7?OpenDocument\">www.saeima.lv<\/a><\/strong><\/span><\/p>\n<p>&nbsp;<\/p>\n<p>Inform\u0101ciju sagatavoja LVSADA arodbiedr\u012bbas darba koordin\u0113t\u0101ja I. Rudz\u012bte (tel. 67847300).<\/p>\n","protected":false},"excerpt":{"rendered":"<p>\u00a012.Saeimas deput\u0101tu frakciju balsojums par valsts bud\u017eetu 2017. gadam, 1. las\u012bjums (31.10.2016) \u00a0 \u00a0 Pret vesel\u012bbas apr\u016bpes badin\u0101\u0161anu: Saska\u0146a Latvijas Re\u0123ionu apvien\u012bba No Sirds Latvijai Par vesel\u012bbas apr\u016bpes badin\u0101\u0161anu: ZZS VL-TB \/ LNNK \u00a0Vienot\u012bba &nbsp; Balso\u0161anas rezult\u0101ts \u00a0&#8211;\u00a0www.saeima.lv &nbsp; Inform\u0101ciju sagatavoja LVSADA arodbiedr\u012bbas darba koordin\u0113t\u0101ja I. Rudz\u012bte (tel. 67847300).<\/p>\n","protected":false},"author":1,"featured_media":0,"parent":0,"menu_order":0,"comment_status":"closed","ping_status":"open","template":"","meta":{"footnotes":""},"class_list":["post-2730","page","type-page","status-publish","hentry"],"_links":{"self":[{"href":"https:\/\/www.lvsada.lv\/index.php?rest_route=\/wp\/v2\/pages\/2730","targetHints":{"allow":["GET"]}}],"collection":[{"href":"https:\/\/www.lvsada.lv\/index.php?rest_route=\/wp\/v2\/pages"}],"about":[{"href":"https:\/\/www.lvsada.lv\/index.php?rest_route=\/wp\/v2\/types\/page"}],"author":[{"embeddable":true,"href":"https:\/\/www.lvsada.lv\/index.php?rest_route=\/wp\/v2\/users\/1"}],"replies":[{"embeddable":true,"href":"https:\/\/www.lvsada.lv\/index.php?rest_route=%2Fwp%2Fv2%2Fcomments&post=2730"}],"version-history":[{"count":9,"href":"https:\/\/www.lvsada.lv\/index.php?rest_route=\/wp\/v2\/pages\/2730\/revisions"}],"predecessor-version":[{"id":2744,"href":"https:\/\/www.lvsada.lv\/index.php?rest_route=\/wp\/v2\/pages\/2730\/revisions\/2744"}],"wp:attachment":[{"href":"https:\/\/www.lvsada.lv\/index.php?rest_route=%2Fwp%2Fv2%2Fmedia&parent=2730"}],"curies":[{"name":"wp","href":"https:\/\/api.w.org\/{rel}","templated":true}]}}