{"id":2734,"date":"2018-09-25T14:35:29","date_gmt":"2018-09-25T12:35:29","guid":{"rendered":"http:\/\/www.lvsada.lv\/?page_id=2734"},"modified":"2018-09-25T14:37:00","modified_gmt":"2018-09-25T12:37:00","slug":"1-tevz","status":"publish","type":"page","link":"https:\/\/www.lvsada.lv\/?page_id=2734","title":{"rendered":"1 T\u0113vz"},"content":{"rendered":"<p><span style=\"font-family: arial, helvetica, sans-serif; font-size: 12pt;\">Politisk\u0101s partijas Nacion\u0101l\u0101 apvien\u012bbas &#8220;Visu Latvijai!&#8221;-&#8220;T\u0113vzemei un Br\u012bv\u012bbai\/LNNK&#8221; atbilde<\/span><\/p>\n<p><img loading=\"lazy\" decoding=\"async\" class=\"alignnone size-medium wp-image-3318\" src=\"https:\/\/www.lvsada.lv\/wp-content\/uploads\/2018\/09\/NAatbilde1-364x500.jpg\" alt=\"\" width=\"364\" height=\"500\" srcset=\"https:\/\/www.lvsada.lv\/wp-content\/uploads\/2018\/09\/NAatbilde1-364x500.jpg 364w, https:\/\/www.lvsada.lv\/wp-content\/uploads\/2018\/09\/NAatbilde1-768x1054.jpg 768w, https:\/\/www.lvsada.lv\/wp-content\/uploads\/2018\/09\/NAatbilde1-746x1024.jpg 746w\" sizes=\"auto, (max-width: 364px) 100vw, 364px\" \/> <img loading=\"lazy\" decoding=\"async\" class=\"alignnone size-medium wp-image-3319\" src=\"https:\/\/www.lvsada.lv\/wp-content\/uploads\/2018\/09\/NAatbilde2-364x500.jpg\" alt=\"\" width=\"364\" height=\"500\" srcset=\"https:\/\/www.lvsada.lv\/wp-content\/uploads\/2018\/09\/NAatbilde2-364x500.jpg 364w, https:\/\/www.lvsada.lv\/wp-content\/uploads\/2018\/09\/NAatbilde2-768x1054.jpg 768w, https:\/\/www.lvsada.lv\/wp-content\/uploads\/2018\/09\/NAatbilde2-746x1024.jpg 746w\" sizes=\"auto, (max-width: 364px) 100vw, 364px\" \/><\/p>\n","protected":false},"excerpt":{"rendered":"<p>Politisk\u0101s partijas Nacion\u0101l\u0101 apvien\u012bbas &#8220;Visu Latvijai!&#8221;-&#8220;T\u0113vzemei un Br\u012bv\u012bbai\/LNNK&#8221; atbilde<\/p>\n","protected":false},"author":1,"featured_media":0,"parent":0,"menu_order":0,"comment_status":"closed","ping_status":"open","template":"","meta":{"footnotes":""},"class_list":["post-2734","page","type-page","status-publish","hentry"],"_links":{"self":[{"href":"https:\/\/www.lvsada.lv\/index.php?rest_route=\/wp\/v2\/pages\/2734","targetHints":{"allow":["GET"]}}],"collection":[{"href":"https:\/\/www.lvsada.lv\/index.php?rest_route=\/wp\/v2\/pages"}],"about":[{"href":"https:\/\/www.lvsada.lv\/index.php?rest_route=\/wp\/v2\/types\/page"}],"author":[{"embeddable":true,"href":"https:\/\/www.lvsada.lv\/index.php?rest_route=\/wp\/v2\/users\/1"}],"replies":[{"embeddable":true,"href":"https:\/\/www.lvsada.lv\/index.php?rest_route=%2Fwp%2Fv2%2Fcomments&post=2734"}],"version-history":[{"count":3,"href":"https:\/\/www.lvsada.lv\/index.php?rest_route=\/wp\/v2\/pages\/2734\/revisions"}],"predecessor-version":[{"id":3321,"href":"https:\/\/www.lvsada.lv\/index.php?rest_route=\/wp\/v2\/pages\/2734\/revisions\/3321"}],"wp:attachment":[{"href":"https:\/\/www.lvsada.lv\/index.php?rest_route=%2Fwp%2Fv2%2Fmedia&parent=2734"}],"curies":[{"name":"wp","href":"https:\/\/api.w.org\/{rel}","templated":true}]}}