{"id":278,"date":"2013-10-31T19:34:21","date_gmt":"2013-10-31T17:34:21","guid":{"rendered":"http:\/\/lvsada.datika.lv\/?page_id=278"},"modified":"2022-09-22T11:09:24","modified_gmt":"2022-09-22T09:09:24","slug":"noderigas-saites","status":"publish","type":"page","link":"https:\/\/www.lvsada.lv\/?page_id=278","title":{"rendered":"Noder\u012bgas saites"},"content":{"rendered":"<p style=\"font-family: Arial, Helvetica, sans-serif; font-size: 14px;\"><strong>Valsts iest\u0101des<\/strong><\/p>\n<p style=\"font-family: Arial, Helvetica, sans-serif; font-size: 12px;\">LR Saeima &#8211; <a href=\"http:\/\/www.saeima.lv\" target=\"_blank\" rel=\"noopener\">www.saeima.lv<\/a><br \/>\nMinistru kabinets\u00a0\u00a0 &#8211;\u00a0\u00a0<a href=\"http:\/\/www.mk.gov.lv\" target=\"_blank\" rel=\"noopener\"> www.mk.gov.lv<\/a><br \/>\nVesel\u012bbas ministrija\u00a0\u00a0 &#8211;\u00a0\u00a0 <a href=\"http:\/\/www.vm.gov.lv\" target=\"_blank\" rel=\"noopener\">www.vm.gov.lv<\/a><br \/>\nNacion\u0101lais vesel\u012bbas dienests &#8211; <a href=\"http:\/\/www.vmnvd.gov.lv\" target=\"_blank\" rel=\"noopener\">www.vmnvd.gov.lv<\/a><br \/>\nVesel\u012bbas inspekcija &#8211; <a href=\"http:\/\/www.vi.gov.lv\" target=\"_blank\" rel=\"noopener\">www.vi.gov.lv<\/a><br \/>\nLabkl\u0101j\u012bbas ministrija\u00a0\u00a0 &#8211;\u00a0\u00a0 <a href=\"http:\/\/www.lm.gov.lv\" target=\"_blank\" rel=\"noopener\">www.lm.gov.lv<\/a><br \/>\nFinan\u0161u ministrija &#8211; <a href=\"http:\/\/www.fm.gov.lv\" target=\"_blank\" rel=\"noopener\">www.fm.gov.lv<\/a><br \/>\nTieslietu ministrija &#8211; <a href=\"http:\/\/www.tm.gov.lv\" target=\"_blank\" rel=\"noopener\">www.tm.gov.lv<\/a><br \/>\nEkonomikas ministrija &#8211; <a href=\"http:\/\/www.em.gov.lv\" target=\"_blank\" rel=\"noopener\">www.em.gov.lv<\/a><br \/>\nDarba inspekcija\u00a0\u00a0 &#8211;\u00a0\u00a0 <a href=\"http:\/\/www.vdi.gov.lv\" target=\"_blank\" rel=\"noopener\">www.vdi.gov.lv<\/a><br \/>\nValsts nodarbin\u0101t\u012bbas a\u0123ent\u016bra &#8211; <a href=\"http:\/\/www.nva.gov.lv\" target=\"_blank\" rel=\"noopener\">www.nva.gov.lv<\/a><br \/>\nValsts soci\u0101l\u0101s apdro\u0161in\u0101\u0161anas a\u0123ent\u016bra &#8211; <a href=\"http:\/\/www.vsaa.lv\" target=\"_blank\" rel=\"noopener\">www.vsaa.lv<\/a><\/p>\n<p style=\"font-family: Arial, Helvetica, sans-serif; font-size: 14px;\"><strong>Sadarb\u012bbas partneri<\/strong><\/p>\n<p style=\"font-family: Arial, Helvetica, sans-serif; font-size: 12px;\">LBAS\u00a0\u00a0 &#8211;\u00a0\u00a0 \u00a0<a href=\"https:\/\/arodbiedribas.lv\/\" target=\"_blank\" rel=\"noopener\">www.arodbiedribas.lv<\/a><\/p>\n<p style=\"font-family: Arial, Helvetica, sans-serif; font-size: 12px;\">Latvijas \u0100rstu biedr\u012bba\u00a0\u00a0 &#8211;\u00a0\u00a0 \u00a0<a href=\"http:\/\/www.arstubiedriba.lv\/\" target=\"_blank\" rel=\"noopener\">www.arstubiedriba.lv<\/a><\/p>\n<p style=\"font-family: Arial, Helvetica, sans-serif; font-size: 12px;\">EPSU\u00a0\u00a0 &#8211;\u00a0\u00a0 <a href=\"http:\/\/www.epsu.org\" target=\"_blank\" rel=\"noopener\">\u00a0www.epsu.org<\/a><\/p>\n<p style=\"font-family: Arial, Helvetica, sans-serif; font-size: 12px;\">PSI\u00a0\u00a0\u00a0 &#8211;\u00a0\u00a0 <a href=\"http:\/\/www.world-psi.org\" target=\"_blank\" rel=\"noopener\">www.world-psi.org<\/a><\/p>\n<p style=\"font-family: Arial, Helvetica, sans-serif; font-size: 14px;\"><strong>Da\u017e\u0101di<\/strong><\/p>\n<p style=\"font-family: Arial, Helvetica, sans-serif; font-size: 12px;\">LR Ties\u012bbsargs\u00a0 &#8211;\u00a0\u00a0 \u00a0<a href=\"http:\/\/www.tiesibsargs.lv\/\" target=\"_blank\" rel=\"noopener\">www.tiesibsargs.lv<\/a><br \/>\nLR ties\u012bbu akti\u00a0\u00a0 &#8211;\u00a0\u00a0<a href=\"http:\/\/www.likumi.lv\" target=\"_blank\" rel=\"noopener\"> www.likumi.lv<\/a><br \/>\nLatvijas V\u0113stnesis\u00a0\u00a0 &#8211;\u00a0\u00a0 <a title=\"Latvijas V\u0113stnesis\" href=\"https:\/\/www.lv.lv\/\" target=\"_blank\" rel=\"noopener\">www.lv.lv<\/a><\/p>\n<p style=\"font-family: Arial, Helvetica, sans-serif; font-size: 12px;\">Eiropas Darba dro\u0161\u012bbas un vesel\u012bbas aizsardz\u012bbas a\u0123ent\u016bra &#8211; <a href=\"http:\/\/osha.lv\/lv\/\" target=\"_blank\" rel=\"noopener\">www.osha.lv<\/a><\/p>\n","protected":false},"excerpt":{"rendered":"<p>Valsts iest\u0101des LR Saeima &#8211; www.saeima.lv Ministru kabinets\u00a0\u00a0 &#8211;\u00a0\u00a0 www.mk.gov.lv Vesel\u012bbas ministrija\u00a0\u00a0 &#8211;\u00a0\u00a0 www.vm.gov.lv Nacion\u0101lais vesel\u012bbas dienests &#8211; www.vmnvd.gov.lv Vesel\u012bbas inspekcija &#8211; www.vi.gov.lv Labkl\u0101j\u012bbas ministrija\u00a0\u00a0 &#8211;\u00a0\u00a0 www.lm.gov.lv Finan\u0161u ministrija &#8211; www.fm.gov.lv Tieslietu ministrija &#8211; www.tm.gov.lv Ekonomikas ministrija &#8211; www.em.gov.lv Darba inspekcija\u00a0\u00a0 &#8211;\u00a0\u00a0 www.vdi.gov.lv Valsts nodarbin\u0101t\u012bbas a\u0123ent\u016bra &#8211; www.nva.gov.lv Valsts soci\u0101l\u0101s apdro\u0161in\u0101\u0161anas a\u0123ent\u016bra &#8211; www.vsaa.lv Sadarb\u012bbas&#8230;<\/p>\n","protected":false},"author":1,"featured_media":0,"parent":0,"menu_order":0,"comment_status":"closed","ping_status":"closed","template":"","meta":{"footnotes":""},"class_list":["post-278","page","type-page","status-publish","hentry"],"_links":{"self":[{"href":"https:\/\/www.lvsada.lv\/index.php?rest_route=\/wp\/v2\/pages\/278","targetHints":{"allow":["GET"]}}],"collection":[{"href":"https:\/\/www.lvsada.lv\/index.php?rest_route=\/wp\/v2\/pages"}],"about":[{"href":"https:\/\/www.lvsada.lv\/index.php?rest_route=\/wp\/v2\/types\/page"}],"author":[{"embeddable":true,"href":"https:\/\/www.lvsada.lv\/index.php?rest_route=\/wp\/v2\/users\/1"}],"replies":[{"embeddable":true,"href":"https:\/\/www.lvsada.lv\/index.php?rest_route=%2Fwp%2Fv2%2Fcomments&post=278"}],"version-history":[{"count":42,"href":"https:\/\/www.lvsada.lv\/index.php?rest_route=\/wp\/v2\/pages\/278\/revisions"}],"predecessor-version":[{"id":4584,"href":"https:\/\/www.lvsada.lv\/index.php?rest_route=\/wp\/v2\/pages\/278\/revisions\/4584"}],"wp:attachment":[{"href":"https:\/\/www.lvsada.lv\/index.php?rest_route=%2Fwp%2Fv2%2Fmedia&parent=278"}],"curies":[{"name":"wp","href":"https:\/\/api.w.org\/{rel}","templated":true}]}}