{"id":3151,"date":"2018-07-10T11:28:44","date_gmt":"2018-07-10T09:28:44","guid":{"rendered":"http:\/\/www.lvsada.lv\/?page_id=3151"},"modified":"2020-07-07T08:20:52","modified_gmt":"2020-07-07T06:20:52","slug":"personas-datu-apstrade","status":"publish","type":"page","link":"https:\/\/www.lvsada.lv\/?page_id=3151","title":{"rendered":"Personas datu apstr\u0101de"},"content":{"rendered":"<p style=\"text-align: center;\"><span style=\"font-family: arial, helvetica, sans-serif; font-size: 12pt;\"><strong>Par personas datu apstr\u0101di<\/strong><\/span><\/p>\n<p style=\"text-align: justify;\"><span style=\"font-family: arial, helvetica, sans-serif; font-size: 12pt;\">Ir st\u0101jies sp\u0113k\u0101 (05.07.2018.) Fizisko personu datu apstr\u0101des likums, kas nosaka Visp\u0101r\u012bg\u0101s datu aizsardz\u012bbas regulas piem\u0113ro\u0161anu Latvij\u0101.<\/span><\/p>\n<p style=\"text-align: justify;\"><span style=\"font-family: arial, helvetica, sans-serif; font-size: 12pt;\">LVSADA ir Latvijas Br\u012bvo arodbiedr\u012bbu savien\u012bbas (LBAS) dal\u012bborganiz\u0101cija. LBAS ir izstr\u0101d\u0101jusi un iesniegusi apstiprin\u0101\u0161anai Datu valsts inspekcij\u0101 vadl\u012bnijas Visp\u0101r\u012bg\u0101s datu aizsardz\u012bbas regulas piem\u0113ro\u0161anai, lai pal\u012bdz\u0113tu dal\u012bborganiz\u0101cij\u0101m apstr\u0101d\u0101t biedru datus savu le\u0123it\u012bmu funkciju pild\u012b\u0161anai, kas ir paredz\u0113ta ties\u012bbu aktos un kopl\u012bgumos.<\/span><\/p>\n<p style=\"text-align: justify;\"><span style=\"font-family: arial, helvetica, sans-serif; font-size: 12pt;\">Saska\u0146\u0101 ar normat\u012bvo aktu pras\u012bb\u0101m un LBAS vadl\u012bnij\u0101m LVSADA ir savu biedru datu p\u0101rzinis.<\/span><\/p>\n<p style=\"text-align: center;\"><span style=\"font-size: 12pt; font-family: arial, helvetica, sans-serif; color: #800000;\"><strong>Pazi\u0146ojums par personas datu apstr\u0101di<\/strong><\/span><\/p>\n<p style=\"text-align: left;\"><span style=\"font-family: arial, helvetica, sans-serif; font-size: 12pt;\"><strong>1.Inform\u0101cija par p\u0101rzini<\/strong><\/span><\/p>\n<p style=\"text-align: justify;\"><span style=\"font-family: arial, helvetica, sans-serif; font-size: 12pt;\">Latvijas Vesel\u012bbas un soci\u0101l\u0101s apr\u016bpes darbinieku arodbiedr\u012bba (turpm\u0101k \u2013 LVSADA) re\u0123istr\u0101cijas numurs 40008043987, juridisk\u0101 adrese: Bru\u0146inieku iel\u0101 29\/31-302, R\u012bg\u0101, LV-1001.<\/span><\/p>\n<p style=\"text-align: justify;\"><span style=\"font-family: arial, helvetica, sans-serif; font-size: 12pt;\"><strong>2.Personas datu apstr\u0101des tiesiskais pamats un m\u0113r\u0137is<\/strong><\/span><\/p>\n<p style=\"text-align: justify;\"><span style=\"font-family: arial, helvetica, sans-serif; font-size: 12pt;\">LVSADA veic personas datu apstr\u0101di atbilsto\u0161i Fizisko personu datu apstr\u0101des likumam, galvenok\u0101rt atbilsto\u0161i likuma 25. pantam \u201cDatu apstr\u0101des visp\u0101r\u012bgie noteikumi\u201d.<\/span><\/p>\n<p style=\"text-align: justify;\"><span style=\"font-family: arial, helvetica, sans-serif; font-size: 12pt;\">Personas datu apstr\u0101de ir nepiecie\u0161ama, lai realiz\u0113tu LVSADA juridisko pien\u0101kumu un \u012bstenotu LVSADA vai datu subjekta konkr\u0113tas ties\u012bbas nodarbin\u0101t\u012bbas, soci\u0101l\u0101 nodro\u0161in\u0101juma un soci\u0101l\u0101s aizsardz\u012bbas ties\u012bbu jom\u0101. Iest\u0101joties arodbiedr\u012bb\u0101, persona br\u012bvpr\u0101t\u012bgi uz\u0146emas LVSADA Stat\u016btos noteikt\u0101s saist\u012bbas un pien\u0101kumus, lai nodro\u0161in\u0101tu Stat\u016btu pras\u012bbas, t.i., izpild\u012btu vieno\u0161anos starp biedru un arodbiedr\u012bbu. LVSADA Stat\u016bti ir re\u0123istr\u0113ti Arodbiedr\u012bbu likum\u0101 un Biedr\u012bbu un nodibin\u0101jumu likum\u0101 paredz\u0113taj\u0101 k\u0101rt\u012bb\u0101. LVSADA pie\u0146em, ka pirms personas datu iesnieg\u0161anas datu subjekts ir inform\u0113ts par datu apstr\u0101di un izprot datu apstr\u0101des m\u0113r\u0137i.<\/span><\/p>\n<p style=\"text-align: justify;\"><span style=\"font-family: arial, helvetica, sans-serif; font-size: 12pt;\">Atbilsto\u0161i Biedr\u012bbu un nodibin\u0101jumu likuma 28.\u00a0panta otrajai da\u013cai, ikviena biedr\u012bba (t.sk. arodbiedr\u012bba), ved savu biedru re\u0123istru, kur\u0101 nor\u0101d\u012bts katra biedra v\u0101rds, uzv\u0101rds, personas kods un dz\u012bvesvietas adrese. Inform\u0101cija par biedr\u012bbas biedriem ir pieejama tikai attiec\u012bg\u0101s biedr\u012bbas biedriem, k\u0101 ar\u012b kontrol\u0113jo\u0161\u0101m un ties\u012bbaizsardz\u012bbas instit\u016bcij\u0101m.<\/span><\/p>\n<p style=\"text-align: justify;\"><span style=\"font-family: arial, helvetica, sans-serif; font-size: 12pt;\">LVSADA\u00a0apstr\u0101d\u0101\u00a0personas datus atbild\u012bgi, iev\u0113rojot konfidencialit\u0101tes pras\u012bbas un r\u016bp\u0113joties par t\u0101 r\u012bc\u012bb\u0101 eso\u0161o personu datu aizsardz\u012bbu, izmantojot da\u017e\u0101dus dro\u0161\u012bbas pas\u0101kumus, lai nepie\u013cautu nesankcion\u0113tu piek\u013cuvi datiem, datu izpau\u0161anu, izmain\u012b\u0161anu vai citas ar\u00a0datu izmanto\u0161anas nol\u016bku\u00a0nesaist\u012btas darb\u012bbas.\u00a0LVSADA nodro\u0161ina dro\u0161u\u00a0personas datu apstr\u0101di un uzglab\u0101\u0161anu. Darbinieki, kuriem ir piek\u013cuve personas datiem, ir apm\u0101c\u012bti\u00a0darboties ar tiem\u00a0 saska\u0146\u0101 ar aktu\u0101lo regul\u0113jumu.\u00a0<\/span><\/p>\n<p style=\"text-align: justify;\"><span style=\"font-family: arial, helvetica, sans-serif; font-size: 12pt;\"><strong>3.Personas datu glab\u0101\u0161ana<\/strong><\/span><\/p>\n<p style=\"text-align: justify;\"><span style=\"font-family: arial, helvetica, sans-serif; font-size: 12pt;\">Personas dati tiks glab\u0101ti tikai tik ilgi, cik nepiecie\u0161ams\u00a0tiem m\u0113r\u0137iem, kuriem tie tika ieg\u016bti. P\u0113c tam personas dati tiks dz\u0113sti, iz\u0146emot gad\u012bjumus, kad personas datu glab\u0101\u0161ana ir noteikta ties\u012bbu aktos vai k\u0101das puses ties\u012bb\u0101s vai pien\u0101kumos.\u00a0<\/span><\/p>\n<p style=\"text-align: justify;\"><span style=\"font-family: arial, helvetica, sans-serif; font-size: 12pt;\">\u00a0<strong>4.Datu subjekta ties\u012bbas attiec\u012bb\u0101 uz personas datu apstr\u0101di<\/strong><\/span><\/p>\n<p style=\"text-align: justify;\"><span style=\"font-family: arial, helvetica, sans-serif; font-size: 12pt;\">Ja ir notiku\u0161as izmai\u0146as personas datos, kurus datu subjekts ir sniedzis LVSADA, piem\u0113ram, izmai\u0146as sazi\u0146as adres\u0113, t\u0101lru\u0146a numura vai e-pasta adreses mai\u0146a, l\u016bdzam LVSADA biedrus sazin\u0101ties ar biroju un iesniegt aktu\u0101los datus, lai LVSADA var\u0113tu sasniegt attiec\u012bgos personas datu apstr\u0101des nol\u016bkus.<\/span><\/p>\n<p style=\"text-align: justify;\"><span style=\"font-family: arial, helvetica, sans-serif; font-size: 12pt;\">Saska\u0146\u0101 ar Visp\u0101r\u012bg\u0101s datu aizsardz\u012bbas regulas noteikumiem datu subjektam ir ties\u012bbas piek\u013c\u016bt saviem personas datiem, kas ir LVSADA r\u012bc\u012bb\u0101, piepras\u012bt to labo\u0161anu, dz\u0113\u0161anu, apstr\u0101des ierobe\u017eo\u0161anu, iebilst pret datu subjekta datu apstr\u0101di, k\u0101 ar\u012b ties\u012bbas uz datu p\u0101rnesam\u012bbu Visp\u0101r\u012bgaj\u0101 datu aizsardz\u012bbas regul\u0101 noteiktajos gad\u012bjumos un k\u0101rt\u012bb\u0101. LVSADA izv\u0113rt\u0113s datu subjekta pras\u012bbas\u00a0atbilsto\u0161i t\u0101\u00a0tiesiskaj\u0101m interes\u0113m un noteikto funkciju izpildei. T\u0101d\u0113\u013c \u0161\u0101du pras\u012bbu izpilde var neb\u016bt at\u013cauta \u00a0ties\u012bbu aktos.<\/span><\/p>\n<p style=\"text-align: justify;\"><span style=\"font-family: arial, helvetica, sans-serif; font-size: 12pt;\"><strong>5.Kontaktinform\u0101cija sazi\u0146ai par personas datu aizsardz\u012bbas jaut\u0101jumiem<\/strong><\/span><\/p>\n<p style=\"text-align: justify;\"><span style=\"font-family: arial, helvetica, sans-serif; font-size: 12pt;\">Ja datu subjektam ir radu\u0161ies k\u0101di jaut\u0101jumi saist\u012bb\u0101 ar \u0161o pazi\u0146ojumu vai datu subjekta personas datu apstr\u0101di, datu subjekts var sazin\u0101ties ar LVSADA personu datu aizsardz\u012bbas speci\u0101listu (personas datu aizsardz\u012bbas speci\u0101lista apliec\u012bba Nr. 400), rakstot uz elektronisko pasta adresi:\u00a0<a href=\"mailto:lvsada@lvsada.lv\">lvsada@lvsada.lv<\/a><\/span><\/p>\n<p style=\"text-align: justify;\"><span style=\"font-family: arial, helvetica, sans-serif; font-size: 12pt;\">Visp\u0101r\u012bgaj\u0101 datu aizsardz\u012bbas regul\u0101 noteikt\u0101s ties\u012bbas datu subjekts varat realiz\u0113t:<\/span><\/p>\n<ul style=\"text-align: justify;\">\n<li><span style=\"font-family: arial, helvetica, sans-serif; font-size: 12pt;\">iesniedzot rakstveida iesniegumu person\u012bgi Bru\u0146inieku iel\u0101 29\/31-302, R\u012bg\u0101, LV-1001;<\/span><\/li>\n<li><span style=\"font-family: arial, helvetica, sans-serif; font-size: 12pt;\">nos\u016btot iesniegumu pa pastu;<\/span><\/li>\n<li><span style=\"font-family: arial, helvetica, sans-serif; font-size: 12pt;\">nos\u016btot iesniegumu uz elektronisko e-pasta adresi:\u00a0<a href=\"mailto:lvsada@lvsada.lv\">lvsada@lvsada.lv<\/a>.<\/span><\/li>\n<\/ul>\n<p style=\"text-align: justify;\"><span style=\"font-family: arial, helvetica, sans-serif; font-size: 12pt;\">LVSADA p\u0113c \u00a0iesnieguma sa\u0146em\u0161anas v\u0113rt\u0113s t\u0101 saturu un iesp\u0113ju datu subjektu identific\u0113t un atkar\u012bb\u0101 no situ\u0101cijas patur iesp\u0113ju l\u016bgt datu subjektam papildus sevi identific\u0113t, lai nodro\u0161in\u0101tu datu subjekta datu dro\u0161\u012bbu un izpau\u0161anu attiec\u012bgai personai.<\/span><\/p>\n<p style=\"text-align: justify;\"><span style=\"font-family: arial, helvetica, sans-serif; font-size: 12pt;\"><strong>6.Kur datu subjekts var iesniegt s\u016bdz\u012bbu ar personas datu apstr\u0101di saist\u012btos jaut\u0101jumos<\/strong><\/span><\/p>\n<p style=\"text-align: justify;\"><span style=\"font-family: arial, helvetica, sans-serif; font-size: 12pt;\">Ja datu subjektam rodas iebildumi par personas datu apstr\u0101di un aizsardz\u012bbu LVSADA, l\u016bdzu zi\u0146ojiet par to, rakstot uz elektronisko e-pasta adresi:\u00a0<a href=\"mailto:lvsada@lvsada.lv\">lvsada@lvsada.lv<\/a>. Ja datu subjekts tom\u0113r uzskata, ka LVSADA nav sp\u0113jusi savstarp\u0113ji atrisin\u0101t radu\u0161os probl\u0113mjaut\u0101jumu un LVSADA joproj\u0101m p\u0101rk\u0101pj datu subjekta ties\u012bbas uz personas datu aizsardz\u012bbu, datu subjektam ir ties\u012bbas iesniegt s\u016bdz\u012bbu Datu valsts inspekcijai.<\/span><\/p>\n<p>&nbsp;<\/p>\n<p><span style=\"font-family: arial, helvetica, sans-serif;\">Fizisko personu datu apstr\u0101des likums:<\/span><\/p>\n<p><span style=\"font-family: arial, helvetica, sans-serif;\"><a href=\"https:\/\/likumi.lv\/ta\/id\/300099-fizisko-personu-datu-apstrades-likums\">https:\/\/likumi.lv\/ta\/id\/300099-fizisko-personu-datu-apstrades-likums<\/a><\/span><\/p>\n<p><span style=\"font-family: arial, helvetica, sans-serif;\">\u00a0<\/span><\/p>\n<p><span style=\"font-family: arial, helvetica, sans-serif;\">Visp\u0101r\u012bg\u0101 datu aizsardz\u012bbas regula<\/span><\/p>\n<p><span style=\"font-family: arial, helvetica, sans-serif;\"><a href=\"https:\/\/eur-lex.europa.eu\/legal-content\/LV\/TXT\/?uri=CELEX:32016R0679\">https:\/\/eur-lex.europa.eu\/legal-content\/LV\/TXT\/?uri=CELEX:32016R0679<\/a><\/span><\/p>\n<p>&nbsp;<\/p>\n<p><span style=\"font-family: arial, helvetica, sans-serif;\">Inform\u0101ciju sagatavoja LVSADA arodbiedr\u012bbas\u00a0 darba koordin\u0113t\u0101ja I. Rudz\u012bte (tel. 67847300).<\/span><\/p>\n<p><span style=\"font-family: arial, helvetica, sans-serif;\">2018. gada 10. j\u016blij\u0101<\/span><\/p>\n<p>&nbsp;<\/p>\n<p><span style=\"font-family: arial, helvetica, sans-serif; font-size: 8pt;\"><strong><img loading=\"lazy\" decoding=\"async\" class=\"alignnone wp-image-3303\" src=\"https:\/\/www.lvsada.lv\/wp-content\/uploads\/2018\/09\/2-29040_1000x1000-e1537866529134.jpg\" alt=\"\" width=\"23\" height=\"23\" \/>\u00a0\u00a0\u00a0\u00a0\u00a0<\/strong><\/span><strong><a href=\"https:\/\/www.lvsada.lv\/?page_id=3551\">LVSADA\u00a0fizisko personu datu apstr\u0101des noteikumi<\/a><\/strong><\/p>\n","protected":false},"excerpt":{"rendered":"<p>Par personas datu apstr\u0101di Ir st\u0101jies sp\u0113k\u0101 (05.07.2018.) Fizisko personu datu apstr\u0101des likums, kas nosaka Visp\u0101r\u012bg\u0101s datu aizsardz\u012bbas regulas piem\u0113ro\u0161anu Latvij\u0101. LVSADA ir Latvijas Br\u012bvo arodbiedr\u012bbu savien\u012bbas (LBAS) dal\u012bborganiz\u0101cija. LBAS ir izstr\u0101d\u0101jusi un iesniegusi apstiprin\u0101\u0161anai Datu valsts inspekcij\u0101 vadl\u012bnijas Visp\u0101r\u012bg\u0101s datu aizsardz\u012bbas regulas piem\u0113ro\u0161anai, lai pal\u012bdz\u0113tu dal\u012bborganiz\u0101cij\u0101m apstr\u0101d\u0101t biedru datus savu le\u0123it\u012bmu funkciju pild\u012b\u0161anai, kas&#8230;<\/p>\n","protected":false},"author":1,"featured_media":0,"parent":0,"menu_order":0,"comment_status":"closed","ping_status":"open","template":"","meta":{"footnotes":""},"class_list":["post-3151","page","type-page","status-publish","hentry"],"_links":{"self":[{"href":"https:\/\/www.lvsada.lv\/index.php?rest_route=\/wp\/v2\/pages\/3151","targetHints":{"allow":["GET"]}}],"collection":[{"href":"https:\/\/www.lvsada.lv\/index.php?rest_route=\/wp\/v2\/pages"}],"about":[{"href":"https:\/\/www.lvsada.lv\/index.php?rest_route=\/wp\/v2\/types\/page"}],"author":[{"embeddable":true,"href":"https:\/\/www.lvsada.lv\/index.php?rest_route=\/wp\/v2\/users\/1"}],"replies":[{"embeddable":true,"href":"https:\/\/www.lvsada.lv\/index.php?rest_route=%2Fwp%2Fv2%2Fcomments&post=3151"}],"version-history":[{"count":21,"href":"https:\/\/www.lvsada.lv\/index.php?rest_route=\/wp\/v2\/pages\/3151\/revisions"}],"predecessor-version":[{"id":3992,"href":"https:\/\/www.lvsada.lv\/index.php?rest_route=\/wp\/v2\/pages\/3151\/revisions\/3992"}],"wp:attachment":[{"href":"https:\/\/www.lvsada.lv\/index.php?rest_route=%2Fwp%2Fv2%2Fmedia&parent=3151"}],"curies":[{"name":"wp","href":"https:\/\/api.w.org\/{rel}","templated":true}]}}