{"id":3233,"date":"2018-09-07T10:52:37","date_gmt":"2018-09-07T08:52:37","guid":{"rendered":"http:\/\/www.lvsada.lv\/?page_id=3233"},"modified":"2018-09-27T09:49:57","modified_gmt":"2018-09-27T07:49:57","slug":"1-progresivie","status":"publish","type":"page","link":"https:\/\/www.lvsada.lv\/?page_id=3233","title":{"rendered":"1 Progres\u012bvie"},"content":{"rendered":"<p>Politisk\u0101s partijas &#8220;PROGRES\u012aEVIE&#8221; atbilde<\/p>\n<p><img loading=\"lazy\" decoding=\"async\" class=\"alignnone size-medium wp-image-3484\" src=\"https:\/\/www.lvsada.lv\/wp-content\/uploads\/2018\/09\/P2-1-364x500.jpg\" alt=\"\" width=\"364\" height=\"500\" srcset=\"https:\/\/www.lvsada.lv\/wp-content\/uploads\/2018\/09\/P2-1-364x500.jpg 364w, https:\/\/www.lvsada.lv\/wp-content\/uploads\/2018\/09\/P2-1-768x1054.jpg 768w, https:\/\/www.lvsada.lv\/wp-content\/uploads\/2018\/09\/P2-1-746x1024.jpg 746w\" sizes=\"auto, (max-width: 364px) 100vw, 364px\" \/> <img loading=\"lazy\" decoding=\"async\" class=\"alignnone size-medium wp-image-3485\" src=\"https:\/\/www.lvsada.lv\/wp-content\/uploads\/2018\/09\/P2-2-364x500.jpg\" alt=\"\" width=\"364\" height=\"500\" srcset=\"https:\/\/www.lvsada.lv\/wp-content\/uploads\/2018\/09\/P2-2-364x500.jpg 364w, https:\/\/www.lvsada.lv\/wp-content\/uploads\/2018\/09\/P2-2-768x1054.jpg 768w, https:\/\/www.lvsada.lv\/wp-content\/uploads\/2018\/09\/P2-2-746x1024.jpg 746w\" sizes=\"auto, (max-width: 364px) 100vw, 364px\" \/> <img loading=\"lazy\" decoding=\"async\" class=\"alignnone size-medium wp-image-3486\" src=\"https:\/\/www.lvsada.lv\/wp-content\/uploads\/2018\/09\/P2-3-364x500.jpg\" alt=\"\" width=\"364\" height=\"500\" srcset=\"https:\/\/www.lvsada.lv\/wp-content\/uploads\/2018\/09\/P2-3-364x500.jpg 364w, https:\/\/www.lvsada.lv\/wp-content\/uploads\/2018\/09\/P2-3-768x1054.jpg 768w, https:\/\/www.lvsada.lv\/wp-content\/uploads\/2018\/09\/P2-3-746x1024.jpg 746w\" sizes=\"auto, (max-width: 364px) 100vw, 364px\" \/><\/p>\n<p><img loading=\"lazy\" decoding=\"async\" class=\"alignnone size-medium wp-image-3203\" src=\"https:\/\/www.lvsada.lv\/wp-content\/uploads\/2018\/09\/Progresivie-2-364x500.jpg\" alt=\"\" width=\"364\" height=\"500\" srcset=\"https:\/\/www.lvsada.lv\/wp-content\/uploads\/2018\/09\/Progresivie-2-364x500.jpg 364w, https:\/\/www.lvsada.lv\/wp-content\/uploads\/2018\/09\/Progresivie-2-745x1024.jpg 745w\" sizes=\"auto, (max-width: 364px) 100vw, 364px\" \/><\/p>\n<p><img loading=\"lazy\" decoding=\"async\" class=\"alignnone size-medium wp-image-3204\" src=\"https:\/\/www.lvsada.lv\/wp-content\/uploads\/2018\/09\/Progresivie-3-364x500.jpg\" alt=\"\" width=\"364\" height=\"500\" srcset=\"https:\/\/www.lvsada.lv\/wp-content\/uploads\/2018\/09\/Progresivie-3-364x500.jpg 364w, https:\/\/www.lvsada.lv\/wp-content\/uploads\/2018\/09\/Progresivie-3-745x1024.jpg 745w\" sizes=\"auto, (max-width: 364px) 100vw, 364px\" \/><\/p>\n","protected":false},"excerpt":{"rendered":"<p>Politisk\u0101s partijas &#8220;PROGRES\u012aEVIE&#8221; atbilde<\/p>\n","protected":false},"author":1,"featured_media":0,"parent":0,"menu_order":0,"comment_status":"closed","ping_status":"closed","template":"","meta":{"footnotes":""},"class_list":["post-3233","page","type-page","status-publish","hentry"],"_links":{"self":[{"href":"https:\/\/www.lvsada.lv\/index.php?rest_route=\/wp\/v2\/pages\/3233","targetHints":{"allow":["GET"]}}],"collection":[{"href":"https:\/\/www.lvsada.lv\/index.php?rest_route=\/wp\/v2\/pages"}],"about":[{"href":"https:\/\/www.lvsada.lv\/index.php?rest_route=\/wp\/v2\/types\/page"}],"author":[{"embeddable":true,"href":"https:\/\/www.lvsada.lv\/index.php?rest_route=\/wp\/v2\/users\/1"}],"replies":[{"embeddable":true,"href":"https:\/\/www.lvsada.lv\/index.php?rest_route=%2Fwp%2Fv2%2Fcomments&post=3233"}],"version-history":[{"count":4,"href":"https:\/\/www.lvsada.lv\/index.php?rest_route=\/wp\/v2\/pages\/3233\/revisions"}],"predecessor-version":[{"id":3487,"href":"https:\/\/www.lvsada.lv\/index.php?rest_route=\/wp\/v2\/pages\/3233\/revisions\/3487"}],"wp:attachment":[{"href":"https:\/\/www.lvsada.lv\/index.php?rest_route=%2Fwp%2Fv2%2Fmedia&parent=3233"}],"curies":[{"name":"wp","href":"https:\/\/api.w.org\/{rel}","templated":true}]}}