{"id":3239,"date":"2018-09-07T10:59:43","date_gmt":"2018-09-07T08:59:43","guid":{"rendered":"http:\/\/www.lvsada.lv\/?page_id=3239"},"modified":"2018-09-27T09:46:30","modified_gmt":"2018-09-27T07:46:30","slug":"1-latvijas-krievu-savieniba","status":"publish","type":"page","link":"https:\/\/www.lvsada.lv\/?page_id=3239","title":{"rendered":"1 Latvijas Krievu savien\u012bba"},"content":{"rendered":"<p>Politisk\u0101s partijas &#8220;Latvijas Krievu savien\u012bba&#8221; atbilde<\/p>\n<p><img loading=\"lazy\" decoding=\"async\" class=\"alignnone size-medium wp-image-3474\" src=\"https:\/\/www.lvsada.lv\/wp-content\/uploads\/2018\/09\/LKS2-364x500.jpg\" alt=\"\" width=\"364\" height=\"500\" srcset=\"https:\/\/www.lvsada.lv\/wp-content\/uploads\/2018\/09\/LKS2-364x500.jpg 364w, https:\/\/www.lvsada.lv\/wp-content\/uploads\/2018\/09\/LKS2-768x1054.jpg 768w, https:\/\/www.lvsada.lv\/wp-content\/uploads\/2018\/09\/LKS2-746x1024.jpg 746w\" sizes=\"auto, (max-width: 364px) 100vw, 364px\" \/><\/p>\n","protected":false},"excerpt":{"rendered":"<p>Politisk\u0101s partijas &#8220;Latvijas Krievu savien\u012bba&#8221; atbilde<\/p>\n","protected":false},"author":1,"featured_media":0,"parent":0,"menu_order":0,"comment_status":"closed","ping_status":"closed","template":"","meta":{"footnotes":""},"class_list":["post-3239","page","type-page","status-publish","hentry"],"_links":{"self":[{"href":"https:\/\/www.lvsada.lv\/index.php?rest_route=\/wp\/v2\/pages\/3239","targetHints":{"allow":["GET"]}}],"collection":[{"href":"https:\/\/www.lvsada.lv\/index.php?rest_route=\/wp\/v2\/pages"}],"about":[{"href":"https:\/\/www.lvsada.lv\/index.php?rest_route=\/wp\/v2\/types\/page"}],"author":[{"embeddable":true,"href":"https:\/\/www.lvsada.lv\/index.php?rest_route=\/wp\/v2\/users\/1"}],"replies":[{"embeddable":true,"href":"https:\/\/www.lvsada.lv\/index.php?rest_route=%2Fwp%2Fv2%2Fcomments&post=3239"}],"version-history":[{"count":4,"href":"https:\/\/www.lvsada.lv\/index.php?rest_route=\/wp\/v2\/pages\/3239\/revisions"}],"predecessor-version":[{"id":3475,"href":"https:\/\/www.lvsada.lv\/index.php?rest_route=\/wp\/v2\/pages\/3239\/revisions\/3475"}],"wp:attachment":[{"href":"https:\/\/www.lvsada.lv\/index.php?rest_route=%2Fwp%2Fv2%2Fmedia&parent=3239"}],"curies":[{"name":"wp","href":"https:\/\/api.w.org\/{rel}","templated":true}]}}