{"id":3269,"date":"2018-09-25T10:36:03","date_gmt":"2018-09-25T08:36:03","guid":{"rendered":"http:\/\/www.lvsada.lv\/?page_id=3269"},"modified":"2018-09-27T09:49:03","modified_gmt":"2018-09-27T07:49:03","slug":"1-saskana-2","status":"publish","type":"page","link":"https:\/\/www.lvsada.lv\/?page_id=3269","title":{"rendered":"1 Saska\u0146a"},"content":{"rendered":"<p>Soci\u0101ldemokr\u0101tisk\u0101s politisk\u0101s partijas\u00a0 &#8220;Saska\u0146a&#8221; atbilde<\/p>\n<p><img loading=\"lazy\" decoding=\"async\" class=\"alignnone size-medium wp-image-3482\" src=\"https:\/\/www.lvsada.lv\/wp-content\/uploads\/2018\/09\/Saska\u0146a2-364x500.jpg\" alt=\"\" width=\"364\" height=\"500\" srcset=\"https:\/\/www.lvsada.lv\/wp-content\/uploads\/2018\/09\/Saska\u0146a2-364x500.jpg 364w, https:\/\/www.lvsada.lv\/wp-content\/uploads\/2018\/09\/Saska\u0146a2-768x1054.jpg 768w, https:\/\/www.lvsada.lv\/wp-content\/uploads\/2018\/09\/Saska\u0146a2-746x1024.jpg 746w\" sizes=\"auto, (max-width: 364px) 100vw, 364px\" \/><\/p>\n","protected":false},"excerpt":{"rendered":"<p>Soci\u0101ldemokr\u0101tisk\u0101s politisk\u0101s partijas\u00a0 &#8220;Saska\u0146a&#8221; atbilde<\/p>\n","protected":false},"author":1,"featured_media":0,"parent":0,"menu_order":0,"comment_status":"closed","ping_status":"closed","template":"","meta":{"footnotes":""},"class_list":["post-3269","page","type-page","status-publish","hentry"],"_links":{"self":[{"href":"https:\/\/www.lvsada.lv\/index.php?rest_route=\/wp\/v2\/pages\/3269","targetHints":{"allow":["GET"]}}],"collection":[{"href":"https:\/\/www.lvsada.lv\/index.php?rest_route=\/wp\/v2\/pages"}],"about":[{"href":"https:\/\/www.lvsada.lv\/index.php?rest_route=\/wp\/v2\/types\/page"}],"author":[{"embeddable":true,"href":"https:\/\/www.lvsada.lv\/index.php?rest_route=\/wp\/v2\/users\/1"}],"replies":[{"embeddable":true,"href":"https:\/\/www.lvsada.lv\/index.php?rest_route=%2Fwp%2Fv2%2Fcomments&post=3269"}],"version-history":[{"count":3,"href":"https:\/\/www.lvsada.lv\/index.php?rest_route=\/wp\/v2\/pages\/3269\/revisions"}],"predecessor-version":[{"id":3483,"href":"https:\/\/www.lvsada.lv\/index.php?rest_route=\/wp\/v2\/pages\/3269\/revisions\/3483"}],"wp:attachment":[{"href":"https:\/\/www.lvsada.lv\/index.php?rest_route=%2Fwp%2Fv2%2Fmedia&parent=3269"}],"curies":[{"name":"wp","href":"https:\/\/api.w.org\/{rel}","templated":true}]}}