{"id":3289,"date":"2018-09-25T10:56:33","date_gmt":"2018-09-25T08:56:33","guid":{"rendered":"http:\/\/www.lvsada.lv\/?page_id=3289"},"modified":"2018-09-25T11:01:32","modified_gmt":"2018-09-25T09:01:32","slug":"1-zalo-un-zemnieku-savieniba","status":"publish","type":"page","link":"https:\/\/www.lvsada.lv\/?page_id=3289","title":{"rendered":"1 Za\u013co un zemnieku savien\u012bba"},"content":{"rendered":"<p>Politisko partiju savien\u012bbas &#8220;Za\u013co un zemnieku savien\u012bba&#8221; atbilde<\/p>\n<p><img loading=\"lazy\" decoding=\"async\" class=\"alignnone size-medium wp-image-3290\" src=\"https:\/\/www.lvsada.lv\/wp-content\/uploads\/2018\/09\/ZZS1-364x500.jpg\" alt=\"\" width=\"364\" height=\"500\" srcset=\"https:\/\/www.lvsada.lv\/wp-content\/uploads\/2018\/09\/ZZS1-364x500.jpg 364w, https:\/\/www.lvsada.lv\/wp-content\/uploads\/2018\/09\/ZZS1-768x1054.jpg 768w, https:\/\/www.lvsada.lv\/wp-content\/uploads\/2018\/09\/ZZS1-746x1024.jpg 746w\" sizes=\"auto, (max-width: 364px) 100vw, 364px\" \/> <img loading=\"lazy\" decoding=\"async\" class=\"alignnone size-medium wp-image-3291\" src=\"https:\/\/www.lvsada.lv\/wp-content\/uploads\/2018\/09\/ZZS2-364x500.jpg\" alt=\"\" width=\"364\" height=\"500\" srcset=\"https:\/\/www.lvsada.lv\/wp-content\/uploads\/2018\/09\/ZZS2-364x500.jpg 364w, https:\/\/www.lvsada.lv\/wp-content\/uploads\/2018\/09\/ZZS2-768x1054.jpg 768w, https:\/\/www.lvsada.lv\/wp-content\/uploads\/2018\/09\/ZZS2-746x1024.jpg 746w\" sizes=\"auto, (max-width: 364px) 100vw, 364px\" \/><\/p>\n","protected":false},"excerpt":{"rendered":"<p>Politisko partiju savien\u012bbas &#8220;Za\u013co un zemnieku savien\u012bba&#8221; atbilde<\/p>\n","protected":false},"author":1,"featured_media":0,"parent":0,"menu_order":0,"comment_status":"closed","ping_status":"closed","template":"","meta":{"footnotes":""},"class_list":["post-3289","page","type-page","status-publish","hentry"],"_links":{"self":[{"href":"https:\/\/www.lvsada.lv\/index.php?rest_route=\/wp\/v2\/pages\/3289","targetHints":{"allow":["GET"]}}],"collection":[{"href":"https:\/\/www.lvsada.lv\/index.php?rest_route=\/wp\/v2\/pages"}],"about":[{"href":"https:\/\/www.lvsada.lv\/index.php?rest_route=\/wp\/v2\/types\/page"}],"author":[{"embeddable":true,"href":"https:\/\/www.lvsada.lv\/index.php?rest_route=\/wp\/v2\/users\/1"}],"replies":[{"embeddable":true,"href":"https:\/\/www.lvsada.lv\/index.php?rest_route=%2Fwp%2Fv2%2Fcomments&post=3289"}],"version-history":[{"count":2,"href":"https:\/\/www.lvsada.lv\/index.php?rest_route=\/wp\/v2\/pages\/3289\/revisions"}],"predecessor-version":[{"id":3302,"href":"https:\/\/www.lvsada.lv\/index.php?rest_route=\/wp\/v2\/pages\/3289\/revisions\/3302"}],"wp:attachment":[{"href":"https:\/\/www.lvsada.lv\/index.php?rest_route=%2Fwp%2Fv2%2Fmedia&parent=3289"}],"curies":[{"name":"wp","href":"https:\/\/api.w.org\/{rel}","templated":true}]}}