{"id":3490,"date":"2018-09-27T10:00:57","date_gmt":"2018-09-27T08:00:57","guid":{"rendered":"http:\/\/www.lvsada.lv\/?page_id=3490"},"modified":"2018-09-27T10:14:33","modified_gmt":"2018-09-27T08:14:33","slug":"atbildes","status":"publish","type":"page","link":"https:\/\/www.lvsada.lv\/?page_id=3490","title":{"rendered":"Atbildes"},"content":{"rendered":"<p style=\"text-align: center;\"><strong>Politisko partiju un partiju apvien\u012bbu atbildes uz LVSADA jaut\u0101jumu\u00a0 <\/strong><\/p>\n<p style=\"text-align: center;\"><strong>\u201cVai j\u016bs r\u012bkosieties t\u0101, lai 2020.g. vesel\u012bbas apr\u016bpes valsts finans\u0113jums b\u016btu vismaz 4% no IKP?\u201d<\/strong><\/p>\n<p>&nbsp;<\/p>\n<p>\u201cJaun\u0101 VIENOT\u012aBA\u201d \u2013\u00a0<strong><a href=\"https:\/\/www.lvsada.lv\/?page_id=3242\">atbilde<\/a><\/strong><\/p>\n<p>\u201cLatvijas Krievu savien\u012bba\u201d \u2013\u00a0<strong><a href=\"https:\/\/www.lvsada.lv\/?page_id=3239\">atbilde<\/a><\/strong><\/p>\n<p>\u201cLatvijas Nacion\u0101listi\u201d \u2013\u00a0<strong><a href=\"https:\/\/www.lvsada.lv\/?page_id=3280\">atbilde<\/a><\/strong><\/p>\n<p>\u201cLSDSP\/KDS\/GKL\u201d \u2013\u00a0<strong><a href=\"https:\/\/www.lvsada.lv\/?page_id=3284\">atbilde<\/a><\/strong><\/p>\n<p>\u201cNo sirds Latvijai\u201d \u2013\u00a0<strong><a href=\"https:\/\/www.lvsada.lv\/?page_id=3236\">atbilde<\/a><\/strong><\/p>\n<p>\u201cR\u012bc\u012bbas partija\u201d\u00a0\u00a0\u2013\u00a0<strong><a href=\"https:\/\/www.lvsada.lv\/?page_id=3216\">atbilde<\/a><\/strong><\/p>\n<p>Soci\u0101ldemokr\u0101tisk\u0101 partija \u201cSaska\u0146a\u201d\u00a0 \u00a0\u2013\u00a0<strong><a href=\"https:\/\/www.lvsada.lv\/?page_id=3269\">atbilde<\/a><\/strong><\/p>\n<p>\u201cZa\u013co un Zemnieku savien\u012bba\u201d \u2013\u00a0<strong><a href=\"https:\/\/www.lvsada.lv\/?page_id=3289\">atbilde<\/a><\/strong><\/p>\n<p>PROGRES\u012aVIE\u201d\u00a0 \u2013\u00a0\u00a0<a href=\"https:\/\/www.lvsada.lv\/?page_id=3233\"><strong>atbilde<\/strong>\u00a0<\/a><\/p>\n<p>\u201cVisu Latvijai!\u201d-\u201cT\u0113vzemei un Br\u012bv\u012bbai\/LNNK\u201d, Nacion\u0101l\u0101\u00a0 \u00a0 \u00a0apvien\u012bba \u2013\u00a0<strong><a href=\"https:\/\/www.lvsada.lv\/?page_id=2734\">atbilde<\/a><\/strong><\/p>\n<p>&nbsp;<\/p>\n<p><strong><span style=\"color: #800000;\">NEATBILD\u0112JA:<\/span><\/strong><\/p>\n<p><span style=\"color: #ffffff;\">\u201cJaun\u0101 konservat\u012bv\u0101 partija\u201d<\/span><\/p>\n<p><span style=\"color: #ffffff;\">\u201cLatvijas centrisk\u0101 partija\u201d<\/span><\/p>\n<p><span style=\"color: #ffffff;\">\u00a0\u201dAtt\u012bst\u012bbai\/Par!\u201d<\/span><\/p>\n<p><span style=\"color: #ffffff;\">\u00a0\u201cLatvijas re\u0123ionu apvien\u012bba\u201d<\/span><\/p>\n<p><span style=\"color: #ffffff;\">\u00a0\u201cPar alternat\u012bvu\u201d<\/span><\/p>\n<p><span style=\"color: #ffffff;\">\u00a0\u201cKPV LV\u201d<\/span><\/p>\n","protected":false},"excerpt":{"rendered":"<p>Politisko partiju un partiju apvien\u012bbu atbildes uz LVSADA jaut\u0101jumu\u00a0 \u201cVai j\u016bs r\u012bkosieties t\u0101, lai 2020.g. vesel\u012bbas apr\u016bpes valsts finans\u0113jums b\u016btu vismaz 4% no IKP?\u201d &nbsp; \u201cJaun\u0101 VIENOT\u012aBA\u201d \u2013\u00a0atbilde \u201cLatvijas Krievu savien\u012bba\u201d \u2013\u00a0atbilde \u201cLatvijas Nacion\u0101listi\u201d \u2013\u00a0atbilde \u201cLSDSP\/KDS\/GKL\u201d \u2013\u00a0atbilde \u201cNo sirds Latvijai\u201d \u2013\u00a0atbilde \u201cR\u012bc\u012bbas partija\u201d\u00a0\u00a0\u2013\u00a0atbilde Soci\u0101ldemokr\u0101tisk\u0101 partija \u201cSaska\u0146a\u201d\u00a0 \u00a0\u2013\u00a0atbilde \u201cZa\u013co un Zemnieku savien\u012bba\u201d \u2013\u00a0atbilde PROGRES\u012aVIE\u201d\u00a0 \u2013\u00a0\u00a0atbilde\u00a0 \u201cVisu&#8230;<\/p>\n","protected":false},"author":1,"featured_media":0,"parent":0,"menu_order":0,"comment_status":"closed","ping_status":"closed","template":"","meta":{"footnotes":""},"class_list":["post-3490","page","type-page","status-publish","hentry"],"_links":{"self":[{"href":"https:\/\/www.lvsada.lv\/index.php?rest_route=\/wp\/v2\/pages\/3490","targetHints":{"allow":["GET"]}}],"collection":[{"href":"https:\/\/www.lvsada.lv\/index.php?rest_route=\/wp\/v2\/pages"}],"about":[{"href":"https:\/\/www.lvsada.lv\/index.php?rest_route=\/wp\/v2\/types\/page"}],"author":[{"embeddable":true,"href":"https:\/\/www.lvsada.lv\/index.php?rest_route=\/wp\/v2\/users\/1"}],"replies":[{"embeddable":true,"href":"https:\/\/www.lvsada.lv\/index.php?rest_route=%2Fwp%2Fv2%2Fcomments&post=3490"}],"version-history":[{"count":5,"href":"https:\/\/www.lvsada.lv\/index.php?rest_route=\/wp\/v2\/pages\/3490\/revisions"}],"predecessor-version":[{"id":3496,"href":"https:\/\/www.lvsada.lv\/index.php?rest_route=\/wp\/v2\/pages\/3490\/revisions\/3496"}],"wp:attachment":[{"href":"https:\/\/www.lvsada.lv\/index.php?rest_route=%2Fwp%2Fv2%2Fmedia&parent=3490"}],"curies":[{"name":"wp","href":"https:\/\/api.w.org\/{rel}","templated":true}]}}