{"id":3551,"date":"2019-01-15T15:36:18","date_gmt":"2019-01-15T13:36:18","guid":{"rendered":"http:\/\/www.lvsada.lv\/?page_id=3551"},"modified":"2019-01-15T15:36:18","modified_gmt":"2019-01-15T13:36:18","slug":"lvsada-personas-datu-apstrades-noteikumi","status":"publish","type":"page","link":"https:\/\/www.lvsada.lv\/?page_id=3551","title":{"rendered":"LVSADA personas datu apstr\u0101des noteikumi"},"content":{"rendered":"<p>&nbsp;<\/p>\n<p><a href=\"https:\/\/www.lvsada.lv\/wp-content\/uploads\/2019\/01\/11-Personu_datu_apstrades_noteikumi-1.docx\">personu_datu_apstrades_noteikumi\\<\/a><\/p>\n<p style=\"text-align: right;\"><span style=\"font-family: arial, helvetica, sans-serif; font-size: 10pt;\">APSTIPRIN\u0100TS<\/span><\/p>\n<p style=\"text-align: right;\"><span style=\"font-family: arial, helvetica, sans-serif; font-size: 10pt;\">LVSADA Valdes s\u0113d\u0113<\/span><\/p>\n<p style=\"text-align: right;\"><span style=\"font-family: arial, helvetica, sans-serif; font-size: 10pt;\">21.08.2018., l\u0113mums Nr. 34 &#8211; 1<\/span><\/p>\n<p><span style=\"font-family: arial, helvetica, sans-serif; font-size: 10pt;\"><strong>\u00a0<\/strong><\/span><\/p>\n<p style=\"text-align: center;\"><span style=\"font-family: arial, helvetica, sans-serif; font-size: 10pt;\"><strong>Latvijas Vesel\u012bbas un soci\u0101l\u0101s apr\u016bpes darbinieku arodbiedr\u012bbas (LVSADA) <\/strong><\/span><\/p>\n<p style=\"text-align: center;\"><span style=\"font-family: arial, helvetica, sans-serif; font-size: 10pt;\"><strong>fizisko personu datu apstr\u0101des noteikumi<\/strong><\/span><\/p>\n<p><span style=\"font-family: arial, helvetica, sans-serif; font-size: 10pt;\"><strong>\u00a0<\/strong><\/span><\/p>\n<ol>\n<li><span style=\"font-family: arial, helvetica, sans-serif; font-size: 10pt;\"><strong>Noteikumos lietotie termini un sa\u012bsin\u0101jumi<\/strong><\/span><\/li>\n<li><span style=\"font-family: arial, helvetica, sans-serif; font-size: 10pt;\"><strong>Personas dati<\/strong> \u2013 jebkura inform\u0101cija, kas attiecas uz identific\u0113tu vai identific\u0113jamu personu (\u201cdatu subjektu\u201d). Ar personas datiem saprot jebkuru inform\u0101ciju, kas sniedz k\u0101das zi\u0146as par identific\u0113jamu datu subjektu, tai skait\u0101 objekt\u012bvi fiks\u0113jamu inform\u0101ciju (piem\u0113ram, personas v\u0101rds, uzv\u0101rds, personas kods, adrese, t\u0101lru\u0146a numurs, bankas konta numurs un konta inform\u0101cija, t.sk. maks\u0101jumi) un ar\u012b subjekt\u012bvu inform\u0101ciju par datu subjektu (piem\u0113ram, darbinieka atl\u012bdz\u012bba, darba laika uzskaite, personaliz\u0113ts biedru saraksts, inform\u0101cija par darbiniekiem, personas psiholo\u0123iskais raksturojums, personas atra\u0161an\u0101s riska grup\u0101, inform\u0101cija par dal\u012bbu nevalstiskaj\u0101s organiz\u0101cij\u0101s, darba st\u0101\u017es, inform\u0101cija par vesel\u012bbu, izgl\u012bt\u012bbu, piedero\u0161o nekust\u0101mo \u012bpa\u0161umu). T\u0101pat ar personas datiem ir saprotama jebk\u0101d\u0101 form\u0101 fiks\u0113ta inform\u0101cija, t.i., gan pap\u012bra form\u0101t\u0101, gan elektronisk\u0101 form\u0101t\u0101, gan audio un video ierakstos fiks\u0113ti dati.<\/span><\/li>\n<li><span style=\"font-family: arial, helvetica, sans-serif; font-size: 10pt;\"><strong>Personas datu p\u0101rzinis <\/strong>\u2013 LVSADA.<\/span><\/li>\n<li><span style=\"font-family: arial, helvetica, sans-serif; font-size: 10pt;\"><strong>Nor\u012bkot\u0101s personas <\/strong>\u2013 LVSADA biroja un arodorganiz\u0101ciju darbinieki.<\/span><\/li>\n<li><span style=\"font-family: arial, helvetica, sans-serif; font-size: 10pt;\"><strong>Pilnvarot\u0101s personas<\/strong> \u2013 LVSADA arodorganiz\u0101ciju priek\u0161s\u0113d\u0113t\u0101ji vai vi\u0146u vietnieki.<\/span><\/li>\n<li><span style=\"font-family: arial, helvetica, sans-serif; font-size: 10pt;\"><strong>Tre\u0161\u0101 persona<\/strong> \u2013 fiziska vai juridiska persona, kura nav datu subjekts, p\u0101rzinis, nor\u012bkot\u0101 vai pilnvarot\u0101 persona.<\/span><\/li>\n<li><span style=\"font-family: arial, helvetica, sans-serif; font-size: 10pt;\"><strong>Visp\u0101r\u012bg\u0101 datu aizsardz\u012bbas regula <\/strong>&#8211; Eiropas Parlamenta un Padomes 27.04.2016. Regula (ES) 2016\/679 par fizisku personu aizsardz\u012bbu attiec\u012bb\u0101 uz personas datu apstr\u0101di un \u0161\u0101du datu br\u012bvu apriti un ar ko atce\u013c Direkt\u012bvu 95\/46\/EK (Visp\u0101r\u012bg\u0101 datu aizsardz\u012bbas regula).<\/span><\/li>\n<\/ol>\n<p>&nbsp;<\/p>\n<ol>\n<li><span style=\"font-family: arial, helvetica, sans-serif; font-size: 10pt;\"><strong>Visp\u0101r\u012bgie noteikumi<\/strong><\/span><\/li>\n<li><span style=\"font-family: arial, helvetica, sans-serif; font-size: 10pt;\">LVSADA fizisko personas datu apstr\u0101des noteikumi (turpm\u0101k \u2013 noteikumi) ir iek\u0161\u0113js normat\u012bvs akts, kas nosaka k\u0101rt\u012bbu, k\u0101d\u0101 LVSADA nodro\u0161ina personas datu apstr\u0101di regul\u0113jo\u0161o \u0101r\u0113jo normat\u012bvo aktu iev\u0113ro\u0161anu.<\/span><\/li>\n<li><span style=\"font-family: arial, helvetica, sans-serif; font-size: 10pt;\">Noteikumu m\u0113r\u0137is ir noteikt LVSADA organizatorisko pas\u0101kumu un nepiecie\u0161amo tehnisko l\u012bdzek\u013cu kopumu, kas nodro\u0161ina godpr\u0101t\u012bgu un likum\u012bgu personas datu apstr\u0101di un lieto\u0161anu, k\u0101 ar\u012b to glab\u0101\u0161anas, atjauno\u0161anas, labo\u0161anas un dz\u0113\u0161anas veidu, nodro\u0161inot datu subjekta ties\u012bbas uz savu personas datu aizsardz\u012bbu.<\/span><\/li>\n<li><span style=\"font-family: arial, helvetica, sans-serif; font-size: 10pt;\">LVSADA personas datu apstr\u0101di organiz\u0113 atbilsto\u0161i Visp\u0101r\u012bgai datu aizsardz\u012bbas regulai, Fizisko personu datu apstr\u0101des likumam un citiem \u0161o jomu regul\u0113jo\u0161iem likumiem un noteikumiem.<\/span><\/li>\n<li><span style=\"font-family: arial, helvetica, sans-serif; font-size: 10pt;\">LVSADA veic ar LVSADA biedriem un tre\u0161aj\u0101m person\u0101m saist\u012btu personas datu apstr\u0101di.<\/span><\/li>\n<li><span style=\"font-family: arial, helvetica, sans-serif; font-size: 10pt;\">Par personas datu apstr\u0101des pamatprincipu realiz\u0101ciju atbild\u012bgs ir LVSADA priek\u0161s\u0113d\u0113t\u0101js un vietnieks, kur\u0161 pats vai ar nor\u012bkoto un pilnvaroto personu starpniec\u012bbu kontrol\u0113 personu datu apstr\u0101des sist\u0113mu LVSADA biroj\u0101 un arodorganiz\u0101cij\u0101s.<\/span><\/li>\n<li><span style=\"font-family: arial, helvetica, sans-serif; font-size: 10pt;\">Noteikumi ir saisto\u0161i personas datu p\u0101rzinim, LVSADA arodorganiz\u0101cij\u0101m, nor\u012bkot\u0101m un pilnvarot\u0101m person\u0101m savas kompetences ietvaros.<\/span><\/li>\n<li><span style=\"font-family: arial, helvetica, sans-serif; font-size: 10pt;\">Izpildot noteikumu pras\u012bbas, LVSADA arodorganiz\u0101cij\u0101m un darbiniekiem ir j\u0101nodro\u0161ina savu pien\u0101kumu izpilde t\u0101d\u0101 apjom\u0101 un kvalit\u0101t\u0113, lai LVSADA nep\u0101rk\u0101ptu iek\u0161\u0113jo normat\u012bvo dokumentu un tai saisto\u0161o likumu un noteikumu pras\u012bbas.<\/span><\/li>\n<li><span style=\"font-family: arial, helvetica, sans-serif; font-size: 10pt;\">Noteikumi var tikt p\u0101rskat\u012bti LVSADA Stat\u016btos paredz\u0113taj\u0101 k\u0101rt\u012bb\u0101.<\/span><\/li>\n<\/ol>\n<p>&nbsp;<\/p>\n<ul>\n<li><span style=\"font-family: arial, helvetica, sans-serif; font-size: 10pt;\"><strong>Pilnvarot\u0101s<\/strong><strong> un nor\u012bkot\u0101s personas ties\u012bbas, pien\u0101kumi un atbild\u012bba<\/strong><\/span><\/li>\n<\/ul>\n<ol start=\"15\">\n<li><span style=\"font-family: arial, helvetica, sans-serif; font-size: 10pt;\">Pilnvarot\u0101s personas pilnvaras nosaka LVSADA Stat\u016bti. Pilnvarot\u0101 persona apstr\u0101d\u0101 personas datus, iev\u0113rojot normat\u012bvo aktu un \u0161o noteikto k\u0101rt\u012bbu un noteikumu pras\u012bbas.<\/span><\/li>\n<li><span style=\"font-family: arial, helvetica, sans-serif; font-size: 10pt;\">Nor\u012bkot\u0101 persona, pamatojoties uz darba l\u012bgumu, apstr\u0101d\u0101 personas datus, iev\u0113rojot normat\u012bvo aktu un \u0161o noteikumu pras\u012bbas.<\/span><\/li>\n<li><span style=\"font-family: arial, helvetica, sans-serif; font-size: 10pt;\">Pilnvarot\u0101 un nor\u012bkot\u0101 persona nedr\u012bkst izpaust zi\u0146as par LVSADA datoru t\u012bklu uzb\u016bvi un konfigur\u0101ciju, k\u0101 ar\u012b bez tiesiska pamatojuma atkl\u0101t ierobe\u017eotas pieejam\u012bbas inform\u0101ciju tre\u0161aj\u0101m person\u0101m.<\/span><\/li>\n<li><span style=\"font-family: arial, helvetica, sans-serif; font-size: 10pt;\">Pilnvarot\u0101s un nor\u012bkot\u0101s personas pien\u0101kums ir lietot nepiecie\u0161amos tehniskos un organizatoriskos l\u012bdzek\u013cus t\u0101d\u0101 veid\u0101, lai aizsarg\u0101tu personas datus un nov\u0113rstu to nelikum\u012bgu apstr\u0101di.<\/span><\/li>\n<\/ol>\n<p>&nbsp;<\/p>\n<ol>\n<li><span style=\"font-family: arial, helvetica, sans-serif; font-size: 10pt;\"><strong>Personas datu <\/strong><strong>apstr\u0101des<\/strong><strong> nol\u016bki<\/strong><\/span><\/li>\n<li><span style=\"font-family: arial, helvetica, sans-serif; font-size: 10pt;\">Personas datu apstr\u0101di LVSADA veic:<\/span>\n<ul>\n<li><span style=\"font-family: arial, helvetica, sans-serif; font-size: 10pt;\">lai realiz\u0113tu LVSADA juridisko pien\u0101kumu un \u012bstenotu LVSADA Stat\u016btos paredz\u0113tos m\u0113r\u0137us, uzdevumus un darb\u012bbas veidus;<\/span><\/li>\n<li><span style=\"font-family: arial, helvetica, sans-serif; font-size: 10pt;\">person\u0101la vad\u012bbas nodro\u0161in\u0101\u0161anai (piem., darba l\u012bguma nosl\u0113g\u0161ana un izpilde, darba samaksas apr\u0113\u0137ina un darba samaksas veik\u0161anas nodro\u0161in\u0101\u0161ana u.c.);<\/span><\/li>\n<li><span style=\"font-family: arial, helvetica, sans-serif; font-size: 10pt;\">saimniecisko un administrat\u012bvo aktivit\u0101\u0161u veik\u0161anai (piem., l\u012bgumu nosl\u0113g\u0161ana ar fizisk\u0101m person\u0101m, ties\u012bbu aktos noteikto pien\u0101kumu izpilde u.c.).<\/span><\/li>\n<\/ul>\n<\/li>\n<\/ol>\n<p><span style=\"font-family: arial, helvetica, sans-serif; font-size: 10pt;\"><strong>\u00a0<\/strong><\/span><\/p>\n<ol>\n<li><span style=\"font-family: arial, helvetica, sans-serif; font-size: 10pt;\"><strong>Personas datu apstr\u0101des organiz\u0113\u0161ana<\/strong><\/span><\/li>\n<li><span style=\"font-family: arial, helvetica, sans-serif; font-size: 10pt;\">Personas datu apstr\u0101de LVSADA:<\/span>\n<ul>\n<li><span style=\"font-family: arial, helvetica, sans-serif; font-size: 10pt;\">tiek veikta LVSADA biroja telp\u0101s;<\/span><\/li>\n<li><span style=\"font-family: arial, helvetica, sans-serif; font-size: 10pt;\">personas datu apstr\u0101di nor\u012bkot\u0101 persona veic gan dokument\u0101l\u0101, gan elektronisk\u0101 form\u0101;<\/span><\/li>\n<li><span style=\"font-family: arial, helvetica, sans-serif; font-size: 10pt;\">personas datus, kas fiks\u0113ti pap\u012bra form\u0101t\u0101, LVSADA glab\u0101 \u0161im nol\u016bkam paredz\u0113t\u0101 viet\u0101;<\/span><\/li>\n<li><span style=\"font-family: arial, helvetica, sans-serif; font-size: 10pt;\">personas datus, kas sa\u0146emti elektroniski no LVSADA arodorganiz\u0101cij\u0101m, glab\u0101 atsevi\u0161\u0137i izveidot\u0101 fail\u0101, kam pie\u0161\u0137irta parole.<\/span><\/li>\n<\/ul>\n<\/li>\n<li><span style=\"font-family: arial, helvetica, sans-serif; font-size: 10pt;\">Personas datu apstr\u0101de LVSADA arodorganiz\u0101cij\u0101:<\/span>\n<ul>\n<li><span style=\"font-family: arial, helvetica, sans-serif; font-size: 10pt;\">tiek nodro\u0161in\u0101ta normat\u012bvajos aktos noteiktaj\u0101m pras\u012bb\u0101m atbilsto\u0161a personas datu aizsardz\u012bba;<\/span><\/li>\n<li><span style=\"font-family: arial, helvetica, sans-serif; font-size: 10pt;\">personas datu apstr\u0101di pilnvarot\u0101 persona veic gan dokument\u0101l\u0101, gan elektronisk\u0101 form\u0101.<\/span><\/li>\n<\/ul>\n<\/li>\n<li><span style=\"font-family: arial, helvetica, sans-serif; font-size: 10pt;\">Personas datus saturo\u0161ie elektroniskie un pap\u012bra form\u0101ta dokumenti tiek glab\u0101ti atbilsto\u0161i lietu nomenklat\u016br\u0101 noteiktajam glab\u0101\u0161anas laikam.<\/span><\/li>\n<li><span style=\"font-family: arial, helvetica, sans-serif; font-size: 10pt;\">P\u0113c glab\u0101\u0161anas termi\u0146a beig\u0101m pap\u012bra un elektroniskie dokumenti tiek izn\u012bcin\u0101ti normat\u012bvajos aktos noteiktaj\u0101 k\u0101rt\u012bb\u0101.<\/span><\/li>\n<li><span style=\"font-family: arial, helvetica, sans-serif; font-size: 10pt;\">Aizliegts nodot tre\u0161aj\u0101m person\u0101m tehniskos resursus, ja tie satur personas datus. \u0160is aizliegums j\u0101iev\u0113ro ar\u012b gad\u012bjumos, kad tehniskie resursi tiek nodoti utiliz\u0101cijai. Ja tehnikai nepiecie\u0161ams garantijas remonts, pirms nodo\u0161anas remont\u0101 ir j\u0101nodro\u0161ina taj\u0101 eso\u0161o personas datu dro\u0161\u012bba.<\/span><\/li>\n<li><span style=\"font-family: arial, helvetica, sans-serif; font-size: 10pt;\">Personas datus, kas ir nepiln\u012bgi, novecoju\u0161i, k\u013c\u016bdaini vai ar\u012b vairs nav nepiecie\u0161ami noteiktajam personas datu apstr\u0101des m\u0113r\u0137im, nekav\u0113joties labo, preciz\u0113 vai dz\u0113\u0161.<\/span><\/li>\n<li><span style=\"font-family: arial, helvetica, sans-serif; font-size: 10pt;\">Bez tiesiska pamatojuma aizliegts pavairot inform\u0101ciju, kas satur personas datus.<\/span><\/li>\n<li><span style=\"font-family: arial, helvetica, sans-serif; font-size: 10pt;\">Personas datu p\u0101rzinis, iev\u0113rojot LVSADA Stat\u016btus, var nomain\u012bt pilnvaroto personu, ja pilnvarot\u0101 persona p\u0101rk\u0101pj noteikumus, k\u0101 ar\u012b citus \u0101r\u0113jos normat\u012bvos aktus par personu datu apstr\u0101di.<\/span><\/li>\n<\/ol>\n<p>&nbsp;<\/p>\n<ol>\n<li><span style=\"font-family: arial, helvetica, sans-serif; font-size: 10pt;\"><strong>Piek\u013cuve personas datiem, to labojumi<\/strong><\/span><\/li>\n<li><span style=\"font-family: arial, helvetica, sans-serif; font-size: 10pt;\">LVSADA nodro\u0161ina datu subjektam ties\u012bbas ieg\u016bt:<\/span>\n<ul>\n<li><span style=\"font-family: arial, helvetica, sans-serif; font-size: 10pt;\">inform\u0101ciju, kas par vi\u0146u sav\u0101kta jebkur\u0101 LVSADA datoriz\u0113t\u0101 inform\u0101cijas sist\u0113m\u0101, ja vien \u0161o inform\u0101ciju neliedz izpaust Latvijas Republikas normat\u012bvie akti;<\/span><\/li>\n<li><span style=\"font-family: arial, helvetica, sans-serif; font-size: 10pt;\">inform\u0101ciju par t\u0101m fiziskaj\u0101m vai juridiskaj\u0101m person\u0101m, kuras noteikt\u0101 laikposm\u0101 no LVSADA ir sa\u0146\u0113mu\u0161as inform\u0101ciju par datu subjektu, ja vien \u0161o inform\u0101ciju neliedz izpaust Latvijas Republikas normat\u012bvie akti;<\/span><\/li>\n<li><span style=\"font-family: arial, helvetica, sans-serif; font-size: 10pt;\">inform\u0101ciju par personas datu apstr\u0101des nol\u016bkiem un glab\u0101\u0161anas nosac\u012bjumiem.<\/span><\/li>\n<\/ul>\n<\/li>\n<li><span style=\"font-family: arial, helvetica, sans-serif; font-size: 10pt;\">Personas datus dr\u012bkst izpaust valsts un pa\u0161vald\u012bbu amatperson\u0101m, kuras pirms Personas datu sa\u0146em\u0161anas ir identific\u0113tas, tikai Visp\u0101r\u012bg\u0101s datu aizsardz\u012bbas regul\u0101 un Fizisko personu datu apstr\u0101des likum\u0101 noteiktajos gad\u012bjumos. Personas datus izpau\u017e, pamatojoties uz rakstveida iesniegumu vai vieno\u0161anos, kur\u0101 nor\u0101d\u012bts personas datu izmanto\u0161anas m\u0113r\u0137is, ja normat\u012bvajos aktos nav noteikts cit\u0101di.<\/span><\/li>\n<\/ol>\n<p>&nbsp;<\/p>\n<p>&nbsp;<\/p>\n<p>&nbsp;<\/p>\n<p><span style=\"font-family: arial, helvetica, sans-serif; font-size: 10pt;\">Priek\u0161s\u0113d\u0113t\u0101js\u00a0\u00a0\u00a0\u00a0\u00a0\u00a0\u00a0\u00a0\u00a0\u00a0\u00a0\u00a0\u00a0\u00a0\u00a0\u00a0\u00a0\u00a0\u00a0\u00a0\u00a0\u00a0\u00a0\u00a0\u00a0\u00a0\u00a0\u00a0\u00a0\u00a0\u00a0\u00a0\u00a0\u00a0\u00a0\u00a0\u00a0\u00a0\u00a0\u00a0\u00a0\u00a0\u00a0\u00a0\u00a0\u00a0\u00a0\u00a0\u00a0\u00a0\u00a0\u00a0\u00a0\u00a0\u00a0\u00a0\u00a0\u00a0\u00a0\u00a0\u00a0\u00a0\u00a0\u00a0\u00a0\u00a0\u00a0\u00a0\u00a0\u00a0\u00a0\u00a0\u00a0\u00a0\u00a0\u00a0\u00a0\u00a0\u00a0\u00a0\u00a0\u00a0\u00a0\u00a0\u00a0\u00a0\u00a0\u00a0\u00a0\u00a0\u00a0\u00a0\u00a0\u00a0\u00a0\u00a0\u00a0\u00a0\u00a0\u00a0\u00a0\u00a0\u00a0\u00a0 Valdis Keris<\/span><\/p>\n","protected":false},"excerpt":{"rendered":"<p>&nbsp; personu_datu_apstrades_noteikumi\\ APSTIPRIN\u0100TS LVSADA Valdes s\u0113d\u0113 21.08.2018., l\u0113mums Nr. 34 &#8211; 1 \u00a0 Latvijas Vesel\u012bbas un soci\u0101l\u0101s apr\u016bpes darbinieku arodbiedr\u012bbas (LVSADA) fizisko personu datu apstr\u0101des noteikumi \u00a0 Noteikumos lietotie termini un sa\u012bsin\u0101jumi Personas dati \u2013 jebkura inform\u0101cija, kas attiecas uz identific\u0113tu vai identific\u0113jamu personu (\u201cdatu subjektu\u201d). Ar personas datiem saprot jebkuru inform\u0101ciju, kas sniedz k\u0101das&#8230;<\/p>\n","protected":false},"author":1,"featured_media":0,"parent":0,"menu_order":0,"comment_status":"closed","ping_status":"closed","template":"","meta":{"footnotes":""},"class_list":["post-3551","page","type-page","status-publish","hentry"],"_links":{"self":[{"href":"https:\/\/www.lvsada.lv\/index.php?rest_route=\/wp\/v2\/pages\/3551","targetHints":{"allow":["GET"]}}],"collection":[{"href":"https:\/\/www.lvsada.lv\/index.php?rest_route=\/wp\/v2\/pages"}],"about":[{"href":"https:\/\/www.lvsada.lv\/index.php?rest_route=\/wp\/v2\/types\/page"}],"author":[{"embeddable":true,"href":"https:\/\/www.lvsada.lv\/index.php?rest_route=\/wp\/v2\/users\/1"}],"replies":[{"embeddable":true,"href":"https:\/\/www.lvsada.lv\/index.php?rest_route=%2Fwp%2Fv2%2Fcomments&post=3551"}],"version-history":[{"count":1,"href":"https:\/\/www.lvsada.lv\/index.php?rest_route=\/wp\/v2\/pages\/3551\/revisions"}],"predecessor-version":[{"id":3552,"href":"https:\/\/www.lvsada.lv\/index.php?rest_route=\/wp\/v2\/pages\/3551\/revisions\/3552"}],"wp:attachment":[{"href":"https:\/\/www.lvsada.lv\/index.php?rest_route=%2Fwp%2Fv2%2Fmedia&parent=3551"}],"curies":[{"name":"wp","href":"https:\/\/api.w.org\/{rel}","templated":true}]}}