{"id":3838,"date":"2020-03-05T10:21:42","date_gmt":"2020-03-05T08:21:42","guid":{"rendered":"http:\/\/www.lvsada.lv\/?page_id=3838"},"modified":"2020-03-05T11:09:30","modified_gmt":"2020-03-05T09:09:30","slug":"28-11-2019-pikets-pie-saeimas","status":"publish","type":"page","link":"https:\/\/www.lvsada.lv\/?page_id=3838","title":{"rendered":"28.11.2019. Pikets pie Saeimas"},"content":{"rendered":"<p style=\"text-align: center;\"><strong><span style=\"color: #800000; font-size: 14pt;\">LVSADA 2019. gada 28. novembra akcija\u00a0<\/span><\/strong><\/p>\n<p style=\"text-align: justify;\">\u00a0 \u00a0<span style=\"font-size: 10pt;\">Latvijas Vesel\u012bbas un soci\u0101l\u0101s apr\u016bpes darbinieku arodbiedr\u012bba (LVSADA) 2019. gada 28. novembr\u012b plkst. 11.00 r\u012bkoja daudzveid\u012bgu protesta akciju pie Saeimas. Protestu laik\u0101 tika skaidrot, k\u0101d\u0113\u013c v\u0113l\u0113t\u0101jiem pien\u0101cis laiks nov\u0113rt\u0113t 13.Saeimas darbu. P\u0113c tam uz Centr\u0101lo v\u0113l\u0113\u0161anu komisiju kop\u012bgi tika nog\u0101d\u0101ts LVSADA ierosin\u0101jums r\u012bkot tautas nobalso\u0161anu par 13. Saeimas atsauk\u0161anu.<\/span><\/p>\n<p style=\"text-align: justify;\"><span style=\"font-size: 10pt;\">\u00a0\u00a0<\/span><a href=\"https:\/\/www.lvsada.lv\/wp-content\/uploads\/2020\/03\/LVSADA-aicinajums.jpg\"><img loading=\"lazy\" decoding=\"async\" class=\"wp-image-3816 aligncenter\" src=\"https:\/\/www.lvsada.lv\/wp-content\/uploads\/2020\/03\/LVSADA-aicinajums-353x500.jpg\" alt=\"\" width=\"300\" height=\"425\" srcset=\"https:\/\/www.lvsada.lv\/wp-content\/uploads\/2020\/03\/LVSADA-aicinajums-353x500.jpg 353w, https:\/\/www.lvsada.lv\/wp-content\/uploads\/2020\/03\/LVSADA-aicinajums-768x1086.jpg 768w, https:\/\/www.lvsada.lv\/wp-content\/uploads\/2020\/03\/LVSADA-aicinajums-724x1024.jpg 724w, https:\/\/www.lvsada.lv\/wp-content\/uploads\/2020\/03\/LVSADA-aicinajums.jpg 1240w\" sizes=\"auto, (max-width: 300px) 100vw, 300px\" \/><\/a><\/p>\n<p><img loading=\"lazy\" decoding=\"async\" class=\"alignnone wp-image-3839 aligncenter\" src=\"https:\/\/www.lvsada.lv\/wp-content\/uploads\/2020\/03\/MG_0609-500x419.jpg\" alt=\"\" width=\"300\" height=\"252\" srcset=\"https:\/\/www.lvsada.lv\/wp-content\/uploads\/2020\/03\/MG_0609-500x419.jpg 500w, https:\/\/www.lvsada.lv\/wp-content\/uploads\/2020\/03\/MG_0609.jpg 695w\" sizes=\"auto, (max-width: 300px) 100vw, 300px\" \/><img loading=\"lazy\" decoding=\"async\" class=\"alignnone wp-image-3841 aligncenter\" src=\"https:\/\/www.lvsada.lv\/wp-content\/uploads\/2020\/03\/MG_0615-392x500.jpg\" alt=\"\" width=\"300\" height=\"382\" srcset=\"https:\/\/www.lvsada.lv\/wp-content\/uploads\/2020\/03\/MG_0615-392x500.jpg 392w, https:\/\/www.lvsada.lv\/wp-content\/uploads\/2020\/03\/MG_0615.jpg 655w\" sizes=\"auto, (max-width: 300px) 100vw, 300px\" \/><img loading=\"lazy\" decoding=\"async\" class=\"alignnone wp-image-3842 aligncenter\" src=\"https:\/\/www.lvsada.lv\/wp-content\/uploads\/2020\/03\/MG_0631-500x402.jpg\" alt=\"\" width=\"300\" height=\"242\" srcset=\"https:\/\/www.lvsada.lv\/wp-content\/uploads\/2020\/03\/MG_0631-500x402.jpg 500w, https:\/\/www.lvsada.lv\/wp-content\/uploads\/2020\/03\/MG_0631-768x617.jpg 768w, https:\/\/www.lvsada.lv\/wp-content\/uploads\/2020\/03\/MG_0631.jpg 1000w\" sizes=\"auto, (max-width: 300px) 100vw, 300px\" \/><img loading=\"lazy\" decoding=\"async\" class=\"alignnone wp-image-3843 aligncenter\" src=\"https:\/\/www.lvsada.lv\/wp-content\/uploads\/2020\/03\/MG_0649-500x383.jpg\" alt=\"\" width=\"300\" height=\"230\" srcset=\"https:\/\/www.lvsada.lv\/wp-content\/uploads\/2020\/03\/MG_0649-500x383.jpg 500w, https:\/\/www.lvsada.lv\/wp-content\/uploads\/2020\/03\/MG_0649-768x589.jpg 768w, https:\/\/www.lvsada.lv\/wp-content\/uploads\/2020\/03\/MG_0649.jpg 944w\" sizes=\"auto, (max-width: 300px) 100vw, 300px\" \/><img loading=\"lazy\" decoding=\"async\" class=\"alignnone wp-image-3844 aligncenter\" src=\"https:\/\/www.lvsada.lv\/wp-content\/uploads\/2020\/03\/MG_0650-500x381.jpg\" alt=\"\" width=\"300\" height=\"229\" srcset=\"https:\/\/www.lvsada.lv\/wp-content\/uploads\/2020\/03\/MG_0650-500x381.jpg 500w, https:\/\/www.lvsada.lv\/wp-content\/uploads\/2020\/03\/MG_0650-768x585.jpg 768w, https:\/\/www.lvsada.lv\/wp-content\/uploads\/2020\/03\/MG_0650.jpg 834w\" sizes=\"auto, (max-width: 300px) 100vw, 300px\" \/><img loading=\"lazy\" decoding=\"async\" class=\"alignnone wp-image-3845 aligncenter\" src=\"https:\/\/www.lvsada.lv\/wp-content\/uploads\/2020\/03\/MG_0656-500x386.jpg\" alt=\"\" width=\"300\" height=\"232\" srcset=\"https:\/\/www.lvsada.lv\/wp-content\/uploads\/2020\/03\/MG_0656-500x386.jpg 500w, https:\/\/www.lvsada.lv\/wp-content\/uploads\/2020\/03\/MG_0656-768x593.jpg 768w, https:\/\/www.lvsada.lv\/wp-content\/uploads\/2020\/03\/MG_0656.jpg 775w\" sizes=\"auto, (max-width: 300px) 100vw, 300px\" \/><img loading=\"lazy\" decoding=\"async\" class=\"alignnone wp-image-3846 aligncenter\" src=\"https:\/\/www.lvsada.lv\/wp-content\/uploads\/2020\/03\/MG_0660-333x500.jpg\" alt=\"\" width=\"300\" height=\"451\" srcset=\"https:\/\/www.lvsada.lv\/wp-content\/uploads\/2020\/03\/MG_0660-333x500.jpg 333w, https:\/\/www.lvsada.lv\/wp-content\/uploads\/2020\/03\/MG_0660.jpg 666w\" sizes=\"auto, (max-width: 300px) 100vw, 300px\" \/><img loading=\"lazy\" decoding=\"async\" class=\"alignnone wp-image-3847 aligncenter\" src=\"https:\/\/www.lvsada.lv\/wp-content\/uploads\/2020\/03\/MG_0667-500x333.jpg\" alt=\"\" width=\"300\" height=\"200\" srcset=\"https:\/\/www.lvsada.lv\/wp-content\/uploads\/2020\/03\/MG_0667-500x333.jpg 500w, https:\/\/www.lvsada.lv\/wp-content\/uploads\/2020\/03\/MG_0667-768x511.jpg 768w, https:\/\/www.lvsada.lv\/wp-content\/uploads\/2020\/03\/MG_0667.jpg 1000w\" sizes=\"auto, (max-width: 300px) 100vw, 300px\" \/><img loading=\"lazy\" decoding=\"async\" class=\"alignnone wp-image-3849 aligncenter\" src=\"https:\/\/www.lvsada.lv\/wp-content\/uploads\/2020\/03\/MG_0698-500x375.jpg\" alt=\"\" width=\"300\" height=\"225\" srcset=\"https:\/\/www.lvsada.lv\/wp-content\/uploads\/2020\/03\/MG_0698-500x375.jpg 500w, https:\/\/www.lvsada.lv\/wp-content\/uploads\/2020\/03\/MG_0698-768x576.jpg 768w, https:\/\/www.lvsada.lv\/wp-content\/uploads\/2020\/03\/MG_0698.jpg 997w\" sizes=\"auto, (max-width: 300px) 100vw, 300px\" \/><img loading=\"lazy\" decoding=\"async\" class=\"alignnone wp-image-3850 aligncenter\" src=\"https:\/\/www.lvsada.lv\/wp-content\/uploads\/2020\/03\/MG_0701-500x403.jpg\" alt=\"\" width=\"300\" height=\"242\" srcset=\"https:\/\/www.lvsada.lv\/wp-content\/uploads\/2020\/03\/MG_0701-500x403.jpg 500w, https:\/\/www.lvsada.lv\/wp-content\/uploads\/2020\/03\/MG_0701-768x619.jpg 768w, https:\/\/www.lvsada.lv\/wp-content\/uploads\/2020\/03\/MG_0701.jpg 845w\" sizes=\"auto, (max-width: 300px) 100vw, 300px\" \/><img loading=\"lazy\" decoding=\"async\" class=\"alignnone wp-image-3851 aligncenter\" src=\"https:\/\/www.lvsada.lv\/wp-content\/uploads\/2020\/03\/MG_0737-500x346.jpg\" alt=\"\" width=\"301\" height=\"208\" srcset=\"https:\/\/www.lvsada.lv\/wp-content\/uploads\/2020\/03\/MG_0737-500x346.jpg 500w, https:\/\/www.lvsada.lv\/wp-content\/uploads\/2020\/03\/MG_0737-768x531.jpg 768w, https:\/\/www.lvsada.lv\/wp-content\/uploads\/2020\/03\/MG_0737-1024x709.jpg 1024w, https:\/\/www.lvsada.lv\/wp-content\/uploads\/2020\/03\/MG_0737.jpg 1156w\" sizes=\"auto, (max-width: 301px) 100vw, 301px\" \/><img loading=\"lazy\" decoding=\"async\" class=\"alignnone wp-image-3854 aligncenter\" src=\"https:\/\/www.lvsada.lv\/wp-content\/uploads\/2020\/03\/MG_0777-500x375.jpg\" alt=\"\" width=\"300\" height=\"225\" srcset=\"https:\/\/www.lvsada.lv\/wp-content\/uploads\/2020\/03\/MG_0777-500x375.jpg 500w, https:\/\/www.lvsada.lv\/wp-content\/uploads\/2020\/03\/MG_0777-768x575.jpg 768w, https:\/\/www.lvsada.lv\/wp-content\/uploads\/2020\/03\/MG_0777.jpg 1000w\" sizes=\"auto, (max-width: 300px) 100vw, 300px\" \/><img loading=\"lazy\" decoding=\"async\" class=\"alignnone wp-image-3855 aligncenter\" src=\"https:\/\/www.lvsada.lv\/wp-content\/uploads\/2020\/03\/MG_0733-500x330.jpg\" alt=\"\" width=\"300\" height=\"198\" srcset=\"https:\/\/www.lvsada.lv\/wp-content\/uploads\/2020\/03\/MG_0733-500x330.jpg 500w, https:\/\/www.lvsada.lv\/wp-content\/uploads\/2020\/03\/MG_0733-768x506.jpg 768w, https:\/\/www.lvsada.lv\/wp-content\/uploads\/2020\/03\/MG_0733.jpg 1000w\" sizes=\"auto, (max-width: 300px) 100vw, 300px\" \/><img loading=\"lazy\" decoding=\"async\" class=\"alignnone wp-image-3856 aligncenter\" src=\"https:\/\/www.lvsada.lv\/wp-content\/uploads\/2020\/03\/MG_0762-500x396.jpg\" alt=\"\" width=\"300\" height=\"237\" srcset=\"https:\/\/www.lvsada.lv\/wp-content\/uploads\/2020\/03\/MG_0762-500x396.jpg 500w, https:\/\/www.lvsada.lv\/wp-content\/uploads\/2020\/03\/MG_0762-768x608.jpg 768w, https:\/\/www.lvsada.lv\/wp-content\/uploads\/2020\/03\/MG_0762.jpg 810w\" sizes=\"auto, (max-width: 300px) 100vw, 300px\" \/><img loading=\"lazy\" decoding=\"async\" class=\"alignnone wp-image-3857 aligncenter\" src=\"https:\/\/www.lvsada.lv\/wp-content\/uploads\/2020\/03\/MG_0787-500x333.jpg\" alt=\"\" width=\"302\" height=\"201\" srcset=\"https:\/\/www.lvsada.lv\/wp-content\/uploads\/2020\/03\/MG_0787-500x333.jpg 500w, https:\/\/www.lvsada.lv\/wp-content\/uploads\/2020\/03\/MG_0787-768x511.jpg 768w, https:\/\/www.lvsada.lv\/wp-content\/uploads\/2020\/03\/MG_0787.jpg 1000w\" sizes=\"auto, (max-width: 302px) 100vw, 302px\" \/><img loading=\"lazy\" decoding=\"async\" class=\"alignnone wp-image-3858 aligncenter\" src=\"https:\/\/www.lvsada.lv\/wp-content\/uploads\/2020\/03\/MG_0801-500x360.jpg\" alt=\"\" width=\"301\" height=\"216\" srcset=\"https:\/\/www.lvsada.lv\/wp-content\/uploads\/2020\/03\/MG_0801-500x360.jpg 500w, https:\/\/www.lvsada.lv\/wp-content\/uploads\/2020\/03\/MG_0801-768x553.jpg 768w, https:\/\/www.lvsada.lv\/wp-content\/uploads\/2020\/03\/MG_0801.jpg 1012w\" sizes=\"auto, (max-width: 301px) 100vw, 301px\" \/><img loading=\"lazy\" decoding=\"async\" class=\"alignnone wp-image-3859 aligncenter\" src=\"https:\/\/www.lvsada.lv\/wp-content\/uploads\/2020\/03\/MG_0812.jpg\" alt=\"\" width=\"300\" height=\"196\" \/><img loading=\"lazy\" decoding=\"async\" class=\"alignnone wp-image-3860 aligncenter\" src=\"https:\/\/www.lvsada.lv\/wp-content\/uploads\/2020\/03\/MG_0809-500x402.jpg\" alt=\"\" width=\"301\" height=\"242\" srcset=\"https:\/\/www.lvsada.lv\/wp-content\/uploads\/2020\/03\/MG_0809-500x402.jpg 500w, https:\/\/www.lvsada.lv\/wp-content\/uploads\/2020\/03\/MG_0809-768x618.jpg 768w, https:\/\/www.lvsada.lv\/wp-content\/uploads\/2020\/03\/MG_0809.jpg 838w\" sizes=\"auto, (max-width: 301px) 100vw, 301px\" \/><img loading=\"lazy\" decoding=\"async\" class=\"alignnone wp-image-3861 aligncenter\" src=\"https:\/\/www.lvsada.lv\/wp-content\/uploads\/2020\/03\/MG_0818-500x351.jpg\" alt=\"\" width=\"300\" height=\"210\" srcset=\"https:\/\/www.lvsada.lv\/wp-content\/uploads\/2020\/03\/MG_0818-500x351.jpg 500w, https:\/\/www.lvsada.lv\/wp-content\/uploads\/2020\/03\/MG_0818-768x539.jpg 768w, https:\/\/www.lvsada.lv\/wp-content\/uploads\/2020\/03\/MG_0818.jpg 978w\" sizes=\"auto, (max-width: 300px) 100vw, 300px\" \/><img loading=\"lazy\" decoding=\"async\" class=\"alignnone wp-image-3862 aligncenter\" src=\"https:\/\/www.lvsada.lv\/wp-content\/uploads\/2020\/03\/MG_0819-386x500.jpg\" alt=\"\" width=\"300\" height=\"388\" srcset=\"https:\/\/www.lvsada.lv\/wp-content\/uploads\/2020\/03\/MG_0819-386x500.jpg 386w, https:\/\/www.lvsada.lv\/wp-content\/uploads\/2020\/03\/MG_0819.jpg 732w\" sizes=\"auto, (max-width: 300px) 100vw, 300px\" \/><img loading=\"lazy\" decoding=\"async\" class=\"alignnone wp-image-3863 aligncenter\" src=\"https:\/\/www.lvsada.lv\/wp-content\/uploads\/2020\/03\/MG_0825-500x433.jpg\" alt=\"\" width=\"300\" height=\"259\" srcset=\"https:\/\/www.lvsada.lv\/wp-content\/uploads\/2020\/03\/MG_0825-500x433.jpg 500w, https:\/\/www.lvsada.lv\/wp-content\/uploads\/2020\/03\/MG_0825-768x665.jpg 768w, https:\/\/www.lvsada.lv\/wp-content\/uploads\/2020\/03\/MG_0825-1024x887.jpg 1024w, https:\/\/www.lvsada.lv\/wp-content\/uploads\/2020\/03\/MG_0825.jpg 1221w\" sizes=\"auto, (max-width: 300px) 100vw, 300px\" \/><img loading=\"lazy\" decoding=\"async\" class=\"alignnone wp-image-3865 aligncenter\" src=\"https:\/\/www.lvsada.lv\/wp-content\/uploads\/2020\/03\/MG_0844-500x327.jpg\" alt=\"\" width=\"300\" height=\"197\" srcset=\"https:\/\/www.lvsada.lv\/wp-content\/uploads\/2020\/03\/MG_0844-500x327.jpg 500w, https:\/\/www.lvsada.lv\/wp-content\/uploads\/2020\/03\/MG_0844-768x502.jpg 768w, https:\/\/www.lvsada.lv\/wp-content\/uploads\/2020\/03\/MG_0844.jpg 823w\" sizes=\"auto, (max-width: 300px) 100vw, 300px\" \/><img loading=\"lazy\" decoding=\"async\" class=\"alignnone wp-image-3866 aligncenter\" src=\"https:\/\/www.lvsada.lv\/wp-content\/uploads\/2020\/03\/MG_0847-500x446.jpg\" alt=\"\" width=\"300\" height=\"268\" srcset=\"https:\/\/www.lvsada.lv\/wp-content\/uploads\/2020\/03\/MG_0847-500x446.jpg 500w, https:\/\/www.lvsada.lv\/wp-content\/uploads\/2020\/03\/MG_0847-768x684.jpg 768w, https:\/\/www.lvsada.lv\/wp-content\/uploads\/2020\/03\/MG_0847.jpg 800w\" sizes=\"auto, (max-width: 300px) 100vw, 300px\" \/><img loading=\"lazy\" decoding=\"async\" class=\"alignnone wp-image-3867 aligncenter\" src=\"https:\/\/www.lvsada.lv\/wp-content\/uploads\/2020\/03\/MG_0857-500x379.jpg\" alt=\"\" width=\"300\" height=\"228\" srcset=\"https:\/\/www.lvsada.lv\/wp-content\/uploads\/2020\/03\/MG_0857-500x379.jpg 500w, https:\/\/www.lvsada.lv\/wp-content\/uploads\/2020\/03\/MG_0857-768x582.jpg 768w, https:\/\/www.lvsada.lv\/wp-content\/uploads\/2020\/03\/MG_0857.jpg 905w\" sizes=\"auto, (max-width: 300px) 100vw, 300px\" \/><img loading=\"lazy\" decoding=\"async\" class=\"alignnone wp-image-3868 aligncenter\" src=\"https:\/\/www.lvsada.lv\/wp-content\/uploads\/2020\/03\/MG_0870-339x500.jpg\" alt=\"\" width=\"300\" height=\"443\" srcset=\"https:\/\/www.lvsada.lv\/wp-content\/uploads\/2020\/03\/MG_0870-339x500.jpg 339w, https:\/\/www.lvsada.lv\/wp-content\/uploads\/2020\/03\/MG_0870.jpg 681w\" sizes=\"auto, (max-width: 300px) 100vw, 300px\" \/><img loading=\"lazy\" decoding=\"async\" class=\"alignnone wp-image-3869 aligncenter\" src=\"https:\/\/www.lvsada.lv\/wp-content\/uploads\/2020\/03\/MG_0872-349x500.jpg\" alt=\"\" width=\"301\" height=\"430\" \/><img loading=\"lazy\" decoding=\"async\" class=\"alignnone wp-image-3870 aligncenter\" src=\"https:\/\/www.lvsada.lv\/wp-content\/uploads\/2020\/03\/MG_0879-500x333.jpg\" alt=\"\" width=\"300\" height=\"199\" srcset=\"https:\/\/www.lvsada.lv\/wp-content\/uploads\/2020\/03\/MG_0879-500x333.jpg 500w, https:\/\/www.lvsada.lv\/wp-content\/uploads\/2020\/03\/MG_0879-768x512.jpg 768w, https:\/\/www.lvsada.lv\/wp-content\/uploads\/2020\/03\/MG_0879-1024x683.jpg 1024w, https:\/\/www.lvsada.lv\/wp-content\/uploads\/2020\/03\/MG_0879.jpg 1200w\" sizes=\"auto, (max-width: 300px) 100vw, 300px\" \/><\/p>\n<p><a href=\"http:\/\/www.latvija.lv\/pv\"><img loading=\"lazy\" decoding=\"async\" class=\"alignnone wp-image-3871 aligncenter\" src=\"https:\/\/www.lvsada.lv\/wp-content\/uploads\/2020\/03\/75492443_1755268991283324_723738479418146816_o.jpg\" alt=\"\" width=\"303\" height=\"103\" \/><\/a><\/p>\n","protected":false},"excerpt":{"rendered":"<p>LVSADA 2019. gada 28. novembra akcija\u00a0 \u00a0 \u00a0Latvijas Vesel\u012bbas un soci\u0101l\u0101s apr\u016bpes darbinieku arodbiedr\u012bba (LVSADA) 2019. gada 28. novembr\u012b plkst. 11.00 r\u012bkoja daudzveid\u012bgu protesta akciju pie Saeimas. Protestu laik\u0101 tika skaidrot, k\u0101d\u0113\u013c v\u0113l\u0113t\u0101jiem pien\u0101cis laiks nov\u0113rt\u0113t 13.Saeimas darbu. P\u0113c tam uz Centr\u0101lo v\u0113l\u0113\u0161anu komisiju kop\u012bgi tika nog\u0101d\u0101ts LVSADA ierosin\u0101jums r\u012bkot tautas nobalso\u0161anu par 13. Saeimas&#8230;<\/p>\n","protected":false},"author":1,"featured_media":0,"parent":0,"menu_order":0,"comment_status":"closed","ping_status":"closed","template":"","meta":{"footnotes":""},"class_list":["post-3838","page","type-page","status-publish","hentry"],"_links":{"self":[{"href":"https:\/\/www.lvsada.lv\/index.php?rest_route=\/wp\/v2\/pages\/3838","targetHints":{"allow":["GET"]}}],"collection":[{"href":"https:\/\/www.lvsada.lv\/index.php?rest_route=\/wp\/v2\/pages"}],"about":[{"href":"https:\/\/www.lvsada.lv\/index.php?rest_route=\/wp\/v2\/types\/page"}],"author":[{"embeddable":true,"href":"https:\/\/www.lvsada.lv\/index.php?rest_route=\/wp\/v2\/users\/1"}],"replies":[{"embeddable":true,"href":"https:\/\/www.lvsada.lv\/index.php?rest_route=%2Fwp%2Fv2%2Fcomments&post=3838"}],"version-history":[{"count":11,"href":"https:\/\/www.lvsada.lv\/index.php?rest_route=\/wp\/v2\/pages\/3838\/revisions"}],"predecessor-version":[{"id":3875,"href":"https:\/\/www.lvsada.lv\/index.php?rest_route=\/wp\/v2\/pages\/3838\/revisions\/3875"}],"wp:attachment":[{"href":"https:\/\/www.lvsada.lv\/index.php?rest_route=%2Fwp%2Fv2%2Fmedia&parent=3838"}],"curies":[{"name":"wp","href":"https:\/\/api.w.org\/{rel}","templated":true}]}}