{"id":409,"date":"2013-11-04T12:01:14","date_gmt":"2013-11-04T10:01:14","guid":{"rendered":"http:\/\/lvsada.datika.lv\/?page_id=409"},"modified":"2016-04-14T13:03:21","modified_gmt":"2016-04-14T11:03:21","slug":"labumi","status":"publish","type":"page","link":"https:\/\/www.lvsada.lv\/?page_id=409","title":{"rendered":"Labumi"},"content":{"rendered":"<p style=\"font-size: 14px; color: #800000;\"><strong><span style=\"color: #800000;\">Katrs biedrs maks\u0101jot 1% biedru naudu no saviem ikm\u0113ne\u0161a ien\u0101kumiem ieg\u016bst:<\/span><\/strong><\/p>\n<p style=\"font-family: Arial, Helvetica, sans-serif; font-size: 12px;\">&#8211; labu attiec\u012bbu stiprin\u0101\u0161anu starp darbinieku un darba dev\u0113ju ;<\/p>\n<p style=\"font-family: Arial, Helvetica, sans-serif; font-size: 12px;\">&#8211; garant\u0113tus vesel\u012bbai dro\u0161us darba apst\u0101k\u013cus;<\/p>\n<p style=\"font-family: Arial, Helvetica, sans-serif; font-size: 12px;\">&#8211; juridisku aizst\u0101v\u012bbu darba ties\u012bbu jaut\u0101jumos;<\/p>\n<p style=\"font-family: Arial, Helvetica, sans-serif; font-size: 12px;\">&#8211; soci\u0101l\u0101s garantijas;<\/p>\n<p style=\"font-family: Arial, Helvetica, sans-serif; font-size: 12px;\">&#8211; algas palielin\u0101jumu u.c.<\/p>\n<p style=\"font-family: Arial, Helvetica, sans-serif; font-size: 14px; color: #800000;\"><strong><span style=\"color: #800000;\">To vien\u0101 v\u0101rd\u0101 m\u0113s apz\u012bm\u0113jam ar v\u0101rdu \u2013 LABUMI<\/span><\/strong><\/p>\n<p style=\"font-family: Arial, Helvetica, sans-serif; font-size: 12px;\">T\u0101s nav tie\u0161as materi\u0101l\u0101s v\u0113rt\u012bbas, bet gan garantijas, ka arodbiedr\u012bba par jums r\u016bp\u0113jas, garantijas, k\u0101 tas notiek ar apdro\u0161in\u0101\u0161anas polisi, kad ieg\u0101d\u0101joties to, m\u0113s pret\u012b sa\u0146emam dro\u0161\u012bbu.<\/p>\n<p style=\"font-family: Arial, Helvetica, sans-serif; font-size: 14px; color: #800000;\"><strong><span style=\"color: #800000;\">Ja esi arodbiedr\u012bbas biedrs, arodbiedr\u012bba Tev dod iesp\u0113jas un labumus:<\/span><\/strong><\/p>\n<p style=\"font-family: Arial, Helvetica, sans-serif; font-size: 12px;\">&#8211; aiz\u0146emties un noguld\u012bt naudu kr\u0101jaizdevu sabiedr\u012bb\u0101;<\/p>\n<p style=\"font-family: Arial, Helvetica, sans-serif; font-size: 12px;\">&#8211; izgl\u012btoties bezmaksas kursos un semin\u0101ros Latvij\u0101 un \u0101rvalst\u012bs;<\/p>\n<p style=\"font-family: Arial, Helvetica, sans-serif; font-size: 12px;\">&#8211; bezmaksas juridiskos pakalpojumus;<\/p>\n<p style=\"font-family: Arial, Helvetica, sans-serif; font-size: 12px;\">&#8211; sa\u0146emt svar\u012bgu inform\u0101ciju m\u0101jas lap\u0101 www.lvsada.lv;<\/p>\n<p style=\"font-family: Arial, Helvetica, sans-serif; font-size: 12px;\">&#8211; apdro\u0161in\u0101ties pret nelaimes gad\u012bjumiem.<\/p>\n<p style=\"font-family: Arial, Helvetica, sans-serif; font-size: 12px;\">S\u012bk\u0101ku inform\u0101ciju atrad\u012bsiet m\u016bsu m\u0101jas lapas sada\u013c\u0101s <span style=\"color: #800000;\">\u201eApdro\u0161in\u0101\u0161ana\u201d<\/span>, <span style=\"color: #800000;\">\u201eKr\u0101jaizdevumi\u201d<\/span><\/p>\n","protected":false},"excerpt":{"rendered":"<p>Katrs biedrs maks\u0101jot 1% biedru naudu no saviem ikm\u0113ne\u0161a ien\u0101kumiem ieg\u016bst: &#8211; labu attiec\u012bbu stiprin\u0101\u0161anu starp darbinieku un darba dev\u0113ju ; &#8211; garant\u0113tus vesel\u012bbai dro\u0161us darba apst\u0101k\u013cus; &#8211; juridisku aizst\u0101v\u012bbu darba ties\u012bbu jaut\u0101jumos; &#8211; soci\u0101l\u0101s garantijas; &#8211; algas palielin\u0101jumu u.c. To vien\u0101 v\u0101rd\u0101 m\u0113s apz\u012bm\u0113jam ar v\u0101rdu \u2013 LABUMI T\u0101s nav tie\u0161as materi\u0101l\u0101s v\u0113rt\u012bbas, bet&#8230;<\/p>\n","protected":false},"author":1,"featured_media":0,"parent":0,"menu_order":0,"comment_status":"closed","ping_status":"closed","template":"","meta":{"footnotes":""},"class_list":["post-409","page","type-page","status-publish","hentry"],"_links":{"self":[{"href":"https:\/\/www.lvsada.lv\/index.php?rest_route=\/wp\/v2\/pages\/409","targetHints":{"allow":["GET"]}}],"collection":[{"href":"https:\/\/www.lvsada.lv\/index.php?rest_route=\/wp\/v2\/pages"}],"about":[{"href":"https:\/\/www.lvsada.lv\/index.php?rest_route=\/wp\/v2\/types\/page"}],"author":[{"embeddable":true,"href":"https:\/\/www.lvsada.lv\/index.php?rest_route=\/wp\/v2\/users\/1"}],"replies":[{"embeddable":true,"href":"https:\/\/www.lvsada.lv\/index.php?rest_route=%2Fwp%2Fv2%2Fcomments&post=409"}],"version-history":[{"count":4,"href":"https:\/\/www.lvsada.lv\/index.php?rest_route=\/wp\/v2\/pages\/409\/revisions"}],"predecessor-version":[{"id":2368,"href":"https:\/\/www.lvsada.lv\/index.php?rest_route=\/wp\/v2\/pages\/409\/revisions\/2368"}],"wp:attachment":[{"href":"https:\/\/www.lvsada.lv\/index.php?rest_route=%2Fwp%2Fv2%2Fmedia&parent=409"}],"curies":[{"name":"wp","href":"https:\/\/api.w.org\/{rel}","templated":true}]}}