{"id":4402,"date":"2022-04-28T12:10:08","date_gmt":"2022-04-28T10:10:08","guid":{"rendered":"http:\/\/www.lvsada.lv\/?page_id=4402"},"modified":"2022-04-28T12:10:08","modified_gmt":"2022-04-28T10:10:08","slug":"uzaicinajums-uz-lvsad-kks-kopsapulci","status":"publish","type":"page","link":"https:\/\/www.lvsada.lv\/?page_id=4402","title":{"rendered":"Uzaicin\u0101jums uz  LVSAD KKS kopsapulci"},"content":{"rendered":"<p>28.04.2022, Nr. 9\/22<\/p>\n<p>&nbsp;<\/p>\n<p><strong>Latvijas Vesel\u012bbas un soci\u0101l\u0101s apr\u016bpes darbinieku kooperat\u012bv\u0101s kr\u0101jaizdevu sabiedr\u012bbas <u>biedriem!<\/u><\/strong><\/p>\n<p>&nbsp;<\/p>\n<p>Latvijas Vesel\u012bbas un soci\u0101l\u0101s apr\u016bpes darbinieku\u00a0 kooperat\u012bv\u0101s kr\u0101jaizdevu sabiedr\u012bbas (re\u0123istr\u0101cijas numurs 40003682377) \u00a0likvid\u0101cijas komisija inform\u0113, <strong>ka ikgad\u0113j\u0101 kopsapulce notiks 2022.gada 27.maij\u0101 plkst.11.30. <\/strong>Kopsapulces norises vieta R\u012bg\u0101, Bru\u0146inieku iel\u0101 29\/31, 2.st\u0101v\u0101 aktu z\u0101l\u0113. Re\u0123istr\u0101cija no plkst.11.00.<\/p>\n<p><u>Kopsapulces darba k\u0101rt\u012bba:<\/u><\/p>\n<ol>\n<li>Likvid\u0101cijas komisijas zi\u0146ojums<\/li>\n<li>Revidenta zi\u0146ojums<\/li>\n<li>gada p\u0101rskata apstiprin\u0101\u0161ana<\/li>\n<li>gada darb\u012bbas pl\u0101na apstiprin\u0101\u0161ana<\/li>\n<li>Da\u017e\u0101di<\/li>\n<\/ol>\n<p>Kopsapulces laik\u0101 tiks iev\u0113rotas ar COVID-19 ierobe\u017eo\u0161anu saist\u012bt\u0101s dro\u0161\u012bbas pras\u012bbas.<\/p>\n<p><strong><u>Par savu dal\u012bbu l\u016bdzu inform\u0113t zvanot gr\u0101matvedei Ivetai Flesnerei tel.27897783 vai rakstiski e-past\u0101: <\/u><\/strong><a href=\"mailto:lvsadaks@lattur.lv\"><strong>lvsadaks@lattur.lv<\/strong><\/a><strong><u>.<\/u><\/strong><\/p>\n<p>&nbsp;<\/p>\n<p>&nbsp;<\/p>\n<p>Latvijas Vesel\u012bbas un soci\u0101l\u0101s apr\u016bpes darbinieku kooperat\u012bv\u0101s kr\u0101jaizdevu sabiedr\u012bbas likvid\u0101cijas komisija<\/p>\n","protected":false},"excerpt":{"rendered":"<p>28.04.2022, Nr. 9\/22 &nbsp; Latvijas Vesel\u012bbas un soci\u0101l\u0101s apr\u016bpes darbinieku kooperat\u012bv\u0101s kr\u0101jaizdevu sabiedr\u012bbas biedriem! &nbsp; Latvijas Vesel\u012bbas un soci\u0101l\u0101s apr\u016bpes darbinieku\u00a0 kooperat\u012bv\u0101s kr\u0101jaizdevu sabiedr\u012bbas (re\u0123istr\u0101cijas numurs 40003682377) \u00a0likvid\u0101cijas komisija inform\u0113, ka ikgad\u0113j\u0101 kopsapulce notiks 2022.gada 27.maij\u0101 plkst.11.30. Kopsapulces norises vieta R\u012bg\u0101, Bru\u0146inieku iel\u0101 29\/31, 2.st\u0101v\u0101 aktu z\u0101l\u0113. Re\u0123istr\u0101cija no plkst.11.00. Kopsapulces darba k\u0101rt\u012bba: Likvid\u0101cijas komisijas&#8230;<\/p>\n","protected":false},"author":1,"featured_media":0,"parent":0,"menu_order":0,"comment_status":"closed","ping_status":"closed","template":"","meta":{"footnotes":""},"class_list":["post-4402","page","type-page","status-publish","hentry"],"_links":{"self":[{"href":"https:\/\/www.lvsada.lv\/index.php?rest_route=\/wp\/v2\/pages\/4402","targetHints":{"allow":["GET"]}}],"collection":[{"href":"https:\/\/www.lvsada.lv\/index.php?rest_route=\/wp\/v2\/pages"}],"about":[{"href":"https:\/\/www.lvsada.lv\/index.php?rest_route=\/wp\/v2\/types\/page"}],"author":[{"embeddable":true,"href":"https:\/\/www.lvsada.lv\/index.php?rest_route=\/wp\/v2\/users\/1"}],"replies":[{"embeddable":true,"href":"https:\/\/www.lvsada.lv\/index.php?rest_route=%2Fwp%2Fv2%2Fcomments&post=4402"}],"version-history":[{"count":1,"href":"https:\/\/www.lvsada.lv\/index.php?rest_route=\/wp\/v2\/pages\/4402\/revisions"}],"predecessor-version":[{"id":4403,"href":"https:\/\/www.lvsada.lv\/index.php?rest_route=\/wp\/v2\/pages\/4402\/revisions\/4403"}],"wp:attachment":[{"href":"https:\/\/www.lvsada.lv\/index.php?rest_route=%2Fwp%2Fv2%2Fmedia&parent=4402"}],"curies":[{"name":"wp","href":"https:\/\/api.w.org\/{rel}","templated":true}]}}