{"id":445,"date":"2013-11-05T11:40:36","date_gmt":"2013-11-05T09:40:36","guid":{"rendered":"http:\/\/lvsada.datika.lv\/?page_id=445"},"modified":"2020-12-14T15:57:36","modified_gmt":"2020-12-14T13:57:36","slug":"kongresa-materiali","status":"publish","type":"page","link":"https:\/\/www.lvsada.lv\/?page_id=445","title":{"rendered":"Kongresa materi\u0101li"},"content":{"rendered":"<p style=\"font-family: Arial,Helvetica,sans-serif; font-size: 14px;\"><span style=\"color: #800000; font-family: arial,helvetica,sans-serif; font-size: 14px;\"><strong>IV Kongresa materi\u0101li<\/strong><\/span><br \/>\n<span style=\"font-family: arial,helvetica,sans-serif; font-size: 12px;\"> Kongresa l\u0113mums<\/span><\/p>\n<p style=\"font-family: Arial,Helvetica,sans-serif; font-size: 14px;\"><span style=\"font-family: arial,helvetica,sans-serif; font-size: 12px;\">REZOL\u016aCIJA <a href=\"https:\/\/www.lvsada.lv\/?page_id=456\" target=\"_blank\" rel=\"noopener\">&#8220;Par cilv\u0113ka cien\u012bgiem dz\u012bves apst\u0101k\u013ciem&#8221;<\/a><\/span><br \/>\n<span style=\"font-family: arial,helvetica,sans-serif; font-size: 12px;\">REZOL\u016aCIJA <a href=\"https:\/\/www.lvsada.lv\/?page_id=458\" target=\"_blank\" rel=\"noopener\">&#8220;Par darba samaksu un soci\u0101l\u0101j\u0101m garantij\u0101m vesel\u012bbas apr\u016bp\u0113&#8221;<\/a><\/span><br \/>\n<span style=\"font-family: arial,helvetica,sans-serif; font-size: 12px;\"> REZOL\u016aCIJA <a href=\"https:\/\/www.lvsada.lv\/?page_id=460\" target=\"_blank\" rel=\"noopener\">&#8220;Par soci\u0101lo dialogu&#8221;<\/a><\/span><\/p>\n<p style=\"font-family: Arial,Helvetica,sans-serif; font-size: 14px;\"><span style=\"font-family: arial,helvetica,sans-serif; font-size: 12px;\"> AICIN\u0100JUMS<a href=\"https:\/\/www.lvsada.lv\/?page_id=462\" target=\"_blank\" rel=\"noopener\"> &#8220;Par jaunie\u0161u m\u0101c\u012bbu un darba apst\u0101k\u013cu uzlabo\u0161anu&#8221;<\/a><\/span><br \/>\n<span style=\"font-family: arial,helvetica,sans-serif; font-size: 12px;\"> AICIN\u0100JUMS <a href=\"https:\/\/www.lvsada.lv\/?page_id=465\" target=\"_blank\" rel=\"noopener\">&#8220;Par soci\u0101liem pakalpojumiem&#8221;<\/a><\/span><br \/>\n<span style=\"font-family: arial,helvetica,sans-serif; font-size: 12px;\"> AICIN\u0100JUMS soci\u0101lajiem partneriem <a href=\"https:\/\/www.lvsada.lv\/?page_id=467\" target=\"_blank\" rel=\"noopener\">&#8220;Par dro\u0161u darba vidi&#8221;<\/a><\/span><\/p>\n<p style=\"font-family: Arial,Helvetica,sans-serif; font-size: 14px;\"><span style=\"color: #800000; font-family: arial,helvetica,sans-serif; font-size: 14px;\"><strong>V Kongresa materi\u0101li<\/strong><\/span><br \/>\n<span style=\"font-family: arial,helvetica,sans-serif; font-size: 12px;\"> \u0100RK\u0100RTAS REZOL\u016aCIJA <\/span><a href=\"https:\/\/www.lvsada.lv\/?page_id=217\" target=\"_blank\" rel=\"noopener\"><span style=\"font-family: arial,helvetica,sans-serif; font-size: 12px;\">\u201ePar neatliekamu valsts r\u012bc\u012bbu vesel\u012bbas un soci\u0101l\u0101s apr\u016bpes pieejam\u012bbas un kvalit\u0101tes uzlabo\u0161anai\u201d<\/span><\/a><\/p>\n<p style=\"font-family: Arial,Helvetica,sans-serif; font-size: 12px;\"><span style=\"font-family: arial,helvetica,sans-serif; font-size: 12px;\">REZOL\u016aCIJA<a href=\"https:\/\/www.lvsada.lv\/?page_id=584\" target=\"_blank\" rel=\"noopener\"> \u201eLVSADA darb\u012bbas pamatvirzieni 2011. \u2013 2015. gad\u0101\u201d<\/a><\/span><\/p>\n<p><strong> <span style=\"color: #800000; font-family: arial,helvetica,sans-serif; font-size: 14px;\">VI<\/span><span style=\"font-family: arial, helvetica, sans-serif; font-size: 10pt;\">\u00a0<span style=\"color: #800000; font-family: arial,helvetica,sans-serif; font-size: 14px;\">Kongress<\/span><\/span><\/strong><\/p>\n<p><span style=\"font-family: arial, helvetica, sans-serif; font-size: 10pt;\">01.12.2015.\u00a0VI kongres\u0101 pie\u0146emti groz\u012bjumi Stat\u016btos. Par priek\u0161s\u0113d\u0113t\u0101ju atk\u0101rtoti iev\u0113l\u0113ts Valdis Keris, un par priek\u0161s\u0113d\u0113t\u0101ja vietnieci iev\u0113l\u0113ta L\u012bga B\u0101ri\u0146a.<\/span><\/p>\n<p><strong><span style=\"color: #800000; font-family: arial,helvetica,sans-serif; font-size: 14px;\">VII<\/span><span style=\"font-family: arial, helvetica, sans-serif; font-size: 10pt;\">\u00a0<span style=\"color: #800000; font-family: arial,helvetica,sans-serif; font-size: 14px;\">Kongress<\/span><\/span><\/strong><\/p>\n<p><span style=\"font-family: arial, helvetica, sans-serif; font-size: 10pt;\">01.12.2020.\u00a0VII kongres\u0101 pie\u0146emti groz\u012bjumi\u00a0<a href=\"https:\/\/www.lvsada.lv\/?page_id=177\">Stat\u016btos<\/a>. Par priek\u0161s\u0113d\u0113t\u0101ju atk\u0101rtoti iev\u0113l\u0113ts<strong> Valdis Keris<\/strong>, un par priek\u0161s\u0113d\u0113t\u0101ja vietnieci atk\u0101rtoti iev\u0113l\u0113ta <strong>L\u012bga B\u0101ri\u0146a<\/strong>.<\/span><\/p>\n","protected":false},"excerpt":{"rendered":"<p>IV Kongresa materi\u0101li Kongresa l\u0113mums REZOL\u016aCIJA &#8220;Par cilv\u0113ka cien\u012bgiem dz\u012bves apst\u0101k\u013ciem&#8221; REZOL\u016aCIJA &#8220;Par darba samaksu un soci\u0101l\u0101j\u0101m garantij\u0101m vesel\u012bbas apr\u016bp\u0113&#8221; REZOL\u016aCIJA &#8220;Par soci\u0101lo dialogu&#8221; AICIN\u0100JUMS &#8220;Par jaunie\u0161u m\u0101c\u012bbu un darba apst\u0101k\u013cu uzlabo\u0161anu&#8221; AICIN\u0100JUMS &#8220;Par soci\u0101liem pakalpojumiem&#8221; AICIN\u0100JUMS soci\u0101lajiem partneriem &#8220;Par dro\u0161u darba vidi&#8221; V Kongresa materi\u0101li \u0100RK\u0100RTAS REZOL\u016aCIJA \u201ePar neatliekamu valsts r\u012bc\u012bbu vesel\u012bbas un soci\u0101l\u0101s&#8230;<\/p>\n","protected":false},"author":1,"featured_media":0,"parent":0,"menu_order":0,"comment_status":"closed","ping_status":"closed","template":"","meta":{"footnotes":""},"class_list":["post-445","page","type-page","status-publish","hentry"],"_links":{"self":[{"href":"https:\/\/www.lvsada.lv\/index.php?rest_route=\/wp\/v2\/pages\/445","targetHints":{"allow":["GET"]}}],"collection":[{"href":"https:\/\/www.lvsada.lv\/index.php?rest_route=\/wp\/v2\/pages"}],"about":[{"href":"https:\/\/www.lvsada.lv\/index.php?rest_route=\/wp\/v2\/types\/page"}],"author":[{"embeddable":true,"href":"https:\/\/www.lvsada.lv\/index.php?rest_route=\/wp\/v2\/users\/1"}],"replies":[{"embeddable":true,"href":"https:\/\/www.lvsada.lv\/index.php?rest_route=%2Fwp%2Fv2%2Fcomments&post=445"}],"version-history":[{"count":17,"href":"https:\/\/www.lvsada.lv\/index.php?rest_route=\/wp\/v2\/pages\/445\/revisions"}],"predecessor-version":[{"id":4074,"href":"https:\/\/www.lvsada.lv\/index.php?rest_route=\/wp\/v2\/pages\/445\/revisions\/4074"}],"wp:attachment":[{"href":"https:\/\/www.lvsada.lv\/index.php?rest_route=%2Fwp%2Fv2%2Fmedia&parent=445"}],"curies":[{"name":"wp","href":"https:\/\/api.w.org\/{rel}","templated":true}]}}