{"id":450,"date":"2013-11-05T11:44:39","date_gmt":"2013-11-05T09:44:39","guid":{"rendered":"http:\/\/lvsada.datika.lv\/?page_id=450"},"modified":"2013-11-12T12:43:08","modified_gmt":"2013-11-12T10:43:08","slug":"iv-kongresa-materiali","status":"publish","type":"page","link":"https:\/\/www.lvsada.lv\/?page_id=450","title":{"rendered":"IV Kongresa materi\u0101li"},"content":{"rendered":"<p style=\"font-family: Arial,Helvetica,sans-serif; font-size: 14px;\"><strong><span style=\"font-family: arial,helvetica,sans-serif; font-size: 14px;\">Kongresa l\u0113mums<\/span><\/strong><\/p>\n<p style=\"font-family: Arial,Helvetica,sans-serif; font-size: 12px;\"><span style=\"font-family: arial,helvetica,sans-serif; font-size: 12px;\">REZOL\u016aCIJA <a href=\"https:\/\/www.lvsada.lv\/?page_id=456\" target=\"_blank\">&#8220;Par cilv\u0113ka cien\u012bgiem dz\u012bves apst\u0101k\u013ciem&#8221;<\/a><a href=\"http:\/\/lvsada.lv\/File\/Doc.\/Rezoluucija-1.doc\"><br \/>\n<\/a>REZOL\u016aCIJA <a href=\"https:\/\/www.lvsada.lv\/?page_id=458\" target=\"_blank\">&#8220;Par darba samaksu un soci\u0101l\u0101j\u0101m garantij\u0101m vesel\u012bbas apr\u016bp\u0113&#8221;<br \/>\n<\/a>REZOL\u016aCIJA <a href=\"https:\/\/www.lvsada.lv\/?page_id=460\" target=\"_blank\">&#8220;Par soci\u0101lo dialogu&#8221; <\/a><\/span><\/p>\n<p style=\"font-family: Arial,Helvetica,sans-serif; font-size: 12px;\"><span style=\"font-family: arial,helvetica,sans-serif; font-size: 12px;\">AICIN\u0100JUMS <a href=\"https:\/\/www.lvsada.lv\/wp-admin\/post.php?post=462&amp;action=edithttp:\/\/\" target=\"_blank\">&#8220;Par jaunie\u0161u m\u0101c\u012bbu un darba apst\u0101k\u013cu uzlabo\u0161anu&#8221;<\/a><a href=\"http:\/\/lvsada.lv\/File\/Doc.\/Aicinajums-1.doc\"><br \/>\n<\/a>AICIN\u0100JUMS <a href=\"https:\/\/www.lvsada.lv\/?page_id=465\" target=\"_blank\">&#8220;Par soci\u0101liem pakalpojumiem&#8221;<br \/>\n<\/a>AICIN\u0100JUMS <a href=\"https:\/\/www.lvsada.lv\/?page_id=467\" target=\"_blank\">soci\u0101lajiem partneriem &#8220;Par dro\u0161u darba vidi&#8221;<\/a><\/span><i><\/i><\/p>\n","protected":false},"excerpt":{"rendered":"<p>Kongresa l\u0113mums REZOL\u016aCIJA &#8220;Par cilv\u0113ka cien\u012bgiem dz\u012bves apst\u0101k\u013ciem&#8221; REZOL\u016aCIJA &#8220;Par darba samaksu un soci\u0101l\u0101j\u0101m garantij\u0101m vesel\u012bbas apr\u016bp\u0113&#8221; REZOL\u016aCIJA &#8220;Par soci\u0101lo dialogu&#8221; AICIN\u0100JUMS &#8220;Par jaunie\u0161u m\u0101c\u012bbu un darba apst\u0101k\u013cu uzlabo\u0161anu&#8221; AICIN\u0100JUMS &#8220;Par soci\u0101liem pakalpojumiem&#8221; AICIN\u0100JUMS soci\u0101lajiem partneriem &#8220;Par dro\u0161u darba vidi&#8221;<\/p>\n","protected":false},"author":1,"featured_media":0,"parent":0,"menu_order":0,"comment_status":"closed","ping_status":"closed","template":"","meta":{"footnotes":""},"class_list":["post-450","page","type-page","status-publish","hentry"],"_links":{"self":[{"href":"https:\/\/www.lvsada.lv\/index.php?rest_route=\/wp\/v2\/pages\/450","targetHints":{"allow":["GET"]}}],"collection":[{"href":"https:\/\/www.lvsada.lv\/index.php?rest_route=\/wp\/v2\/pages"}],"about":[{"href":"https:\/\/www.lvsada.lv\/index.php?rest_route=\/wp\/v2\/types\/page"}],"author":[{"embeddable":true,"href":"https:\/\/www.lvsada.lv\/index.php?rest_route=\/wp\/v2\/users\/1"}],"replies":[{"embeddable":true,"href":"https:\/\/www.lvsada.lv\/index.php?rest_route=%2Fwp%2Fv2%2Fcomments&post=450"}],"version-history":[{"count":12,"href":"https:\/\/www.lvsada.lv\/index.php?rest_route=\/wp\/v2\/pages\/450\/revisions"}],"predecessor-version":[{"id":921,"href":"https:\/\/www.lvsada.lv\/index.php?rest_route=\/wp\/v2\/pages\/450\/revisions\/921"}],"wp:attachment":[{"href":"https:\/\/www.lvsada.lv\/index.php?rest_route=%2Fwp%2Fv2%2Fmedia&parent=450"}],"curies":[{"name":"wp","href":"https:\/\/api.w.org\/{rel}","templated":true}]}}