{"id":4577,"date":"2022-09-20T16:10:30","date_gmt":"2022-09-20T14:10:30","guid":{"rendered":"http:\/\/www.lvsada.lv\/?page_id=4577"},"modified":"2022-10-21T10:57:31","modified_gmt":"2022-10-21T08:57:31","slug":"27-07-2022-sapulce-pi-veselibas-ministrijas","status":"publish","type":"page","link":"https:\/\/www.lvsada.lv\/?page_id=4577","title":{"rendered":"27.07.2022. akcija pie VM"},"content":{"rendered":"<p>2022. gada 27. j\u016blij\u0101 LVSADA organiz\u0113ja\u00a0 br\u012bdin\u0101juma streiku un protesta akciju-sapulci pie Vesel\u012bbas ministrijas.<\/p>\n<p><a href=\"https:\/\/www.lvsada.lv\/wp-content\/uploads\/2022\/09\/MG_3840.jpg\" target=\"_blank\" rel=\"noopener\"><img loading=\"lazy\" decoding=\"async\" class=\"size-medium wp-image-4540 aligncenter\" src=\"https:\/\/www.lvsada.lv\/wp-content\/uploads\/2022\/09\/MG_3840-500x333.jpg\" alt=\"\" width=\"500\" height=\"333\" srcset=\"https:\/\/www.lvsada.lv\/wp-content\/uploads\/2022\/09\/MG_3840-500x333.jpg 500w, https:\/\/www.lvsada.lv\/wp-content\/uploads\/2022\/09\/MG_3840-768x511.jpg 768w, https:\/\/www.lvsada.lv\/wp-content\/uploads\/2022\/09\/MG_3840.jpg 1000w\" sizes=\"auto, (max-width: 500px) 100vw, 500px\" \/><\/a><\/p>\n<p><a href=\"https:\/\/www.lvsada.lv\/wp-content\/uploads\/2022\/09\/222.jpg\" target=\"_blank\" rel=\"noopener\"><img loading=\"lazy\" decoding=\"async\" class=\"wp-image-4572 aligncenter\" src=\"https:\/\/www.lvsada.lv\/wp-content\/uploads\/2022\/09\/222-500x328.jpg\" alt=\"\" width=\"495\" height=\"325\" srcset=\"https:\/\/www.lvsada.lv\/wp-content\/uploads\/2022\/09\/222-500x328.jpg 500w, https:\/\/www.lvsada.lv\/wp-content\/uploads\/2022\/09\/222-768x504.jpg 768w, https:\/\/www.lvsada.lv\/wp-content\/uploads\/2022\/09\/222.jpg 1000w\" sizes=\"auto, (max-width: 495px) 100vw, 495px\" \/><\/a><\/p>\n<p><a href=\"https:\/\/www.lvsada.lv\/wp-content\/uploads\/2022\/09\/1.jpg\" target=\"_blank\" rel=\"noopener\"><img loading=\"lazy\" decoding=\"async\" class=\"wp-image-4561 aligncenter\" src=\"https:\/\/www.lvsada.lv\/wp-content\/uploads\/2022\/09\/1-500x333.jpg\" alt=\"\" width=\"495\" height=\"330\" srcset=\"https:\/\/www.lvsada.lv\/wp-content\/uploads\/2022\/09\/1-500x333.jpg 500w, https:\/\/www.lvsada.lv\/wp-content\/uploads\/2022\/09\/1-768x511.jpg 768w, https:\/\/www.lvsada.lv\/wp-content\/uploads\/2022\/09\/1.jpg 1000w\" sizes=\"auto, (max-width: 495px) 100vw, 495px\" \/><\/a><\/p>\n<p>&nbsp;<\/p>\n<p><a href=\"https:\/\/www.lvsada.lv\/wp-content\/uploads\/2022\/09\/MG_3958.jpg\" target=\"_blank\" rel=\"noopener\"><img loading=\"lazy\" decoding=\"async\" class=\"size-medium wp-image-4551 aligncenter\" src=\"https:\/\/www.lvsada.lv\/wp-content\/uploads\/2022\/09\/MG_3958-500x333.jpg\" alt=\"\" width=\"500\" height=\"333\" srcset=\"https:\/\/www.lvsada.lv\/wp-content\/uploads\/2022\/09\/MG_3958-500x333.jpg 500w, https:\/\/www.lvsada.lv\/wp-content\/uploads\/2022\/09\/MG_3958-768x511.jpg 768w, https:\/\/www.lvsada.lv\/wp-content\/uploads\/2022\/09\/MG_3958.jpg 1000w\" sizes=\"auto, (max-width: 500px) 100vw, 500px\" \/><\/a><\/p>\n<p><a href=\"https:\/\/www.lvsada.lv\/wp-content\/uploads\/2022\/09\/112.jpg\" target=\"_blank\" rel=\"noopener\"><img loading=\"lazy\" decoding=\"async\" class=\"size-medium wp-image-4571 aligncenter\" src=\"https:\/\/www.lvsada.lv\/wp-content\/uploads\/2022\/09\/112-500x321.jpg\" alt=\"\" width=\"500\" height=\"321\" srcset=\"https:\/\/www.lvsada.lv\/wp-content\/uploads\/2022\/09\/112-500x321.jpg 500w, https:\/\/www.lvsada.lv\/wp-content\/uploads\/2022\/09\/112-768x492.jpg 768w, https:\/\/www.lvsada.lv\/wp-content\/uploads\/2022\/09\/112.jpg 1000w\" sizes=\"auto, (max-width: 500px) 100vw, 500px\" \/><\/a><\/p>\n<p><a href=\"https:\/\/www.lvsada.lv\/wp-content\/uploads\/2022\/09\/22.jpg\" target=\"_blank\" rel=\"noopener\"><img loading=\"lazy\" decoding=\"async\" class=\"wp-image-4573 aligncenter\" src=\"https:\/\/www.lvsada.lv\/wp-content\/uploads\/2022\/09\/22-326x500.jpg\" alt=\"\" width=\"499\" height=\"765\" \/><\/a><\/p>\n<p><a href=\"https:\/\/www.lvsada.lv\/wp-content\/uploads\/2022\/09\/MG_3956-2.jpg\" target=\"_blank\" rel=\"noopener\"><img loading=\"lazy\" decoding=\"async\" class=\"size-medium wp-image-4550 aligncenter\" src=\"https:\/\/www.lvsada.lv\/wp-content\/uploads\/2022\/09\/MG_3956-2-500x330.jpg\" alt=\"\" width=\"500\" height=\"330\" srcset=\"https:\/\/www.lvsada.lv\/wp-content\/uploads\/2022\/09\/MG_3956-2-500x330.jpg 500w, https:\/\/www.lvsada.lv\/wp-content\/uploads\/2022\/09\/MG_3956-2-768x506.jpg 768w, https:\/\/www.lvsada.lv\/wp-content\/uploads\/2022\/09\/MG_3956-2.jpg 1000w\" sizes=\"auto, (max-width: 500px) 100vw, 500px\" \/><\/a><\/p>\n<p><a href=\"https:\/\/www.lvsada.lv\/wp-content\/uploads\/2022\/09\/MG_3927-2.jpg\" target=\"_blank\" rel=\"noopener\"><img loading=\"lazy\" decoding=\"async\" class=\"size-medium wp-image-4545 aligncenter\" src=\"https:\/\/www.lvsada.lv\/wp-content\/uploads\/2022\/09\/MG_3927-2-500x333.jpg\" alt=\"\" width=\"500\" height=\"333\" srcset=\"https:\/\/www.lvsada.lv\/wp-content\/uploads\/2022\/09\/MG_3927-2-500x333.jpg 500w, https:\/\/www.lvsada.lv\/wp-content\/uploads\/2022\/09\/MG_3927-2-768x511.jpg 768w, https:\/\/www.lvsada.lv\/wp-content\/uploads\/2022\/09\/MG_3927-2.jpg 1000w\" sizes=\"auto, (max-width: 500px) 100vw, 500px\" \/><\/a><\/p>\n<p><a href=\"https:\/\/www.lvsada.lv\/wp-content\/uploads\/2022\/09\/MG_3989-2.jpg\" target=\"_blank\" rel=\"noopener\"><img loading=\"lazy\" decoding=\"async\" class=\"size-medium wp-image-4558 aligncenter\" src=\"https:\/\/www.lvsada.lv\/wp-content\/uploads\/2022\/09\/MG_3989-2-500x325.jpg\" alt=\"\" width=\"500\" height=\"325\" srcset=\"https:\/\/www.lvsada.lv\/wp-content\/uploads\/2022\/09\/MG_3989-2-500x325.jpg 500w, https:\/\/www.lvsada.lv\/wp-content\/uploads\/2022\/09\/MG_3989-2-768x499.jpg 768w, https:\/\/www.lvsada.lv\/wp-content\/uploads\/2022\/09\/MG_3989-2.jpg 1000w\" sizes=\"auto, (max-width: 500px) 100vw, 500px\" \/><\/a><\/p>\n<p><a href=\"https:\/\/www.lvsada.lv\/wp-content\/uploads\/2022\/09\/MG_3974.jpg\" target=\"_blank\" rel=\"noopener\"><img loading=\"lazy\" decoding=\"async\" class=\"size-medium wp-image-4555 aligncenter\" src=\"https:\/\/www.lvsada.lv\/wp-content\/uploads\/2022\/09\/MG_3975-2-500x334.jpg\" alt=\"\" width=\"500\" height=\"334\" srcset=\"https:\/\/www.lvsada.lv\/wp-content\/uploads\/2022\/09\/MG_3975-2-500x334.jpg 500w, https:\/\/www.lvsada.lv\/wp-content\/uploads\/2022\/09\/MG_3975-2-768x512.jpg 768w, https:\/\/www.lvsada.lv\/wp-content\/uploads\/2022\/09\/MG_3975-2.jpg 1000w\" sizes=\"auto, (max-width: 500px) 100vw, 500px\" \/><\/a><\/p>\n<p><a href=\"https:\/\/www.lvsada.lv\/wp-content\/uploads\/2022\/09\/MG_3976-2.jpg\" target=\"_blank\" rel=\"noopener\"><img loading=\"lazy\" decoding=\"async\" class=\"size-medium wp-image-4556 aligncenter\" src=\"https:\/\/www.lvsada.lv\/wp-content\/uploads\/2022\/09\/MG_3976-2-500x320.jpg\" alt=\"\" width=\"500\" height=\"320\" srcset=\"https:\/\/www.lvsada.lv\/wp-content\/uploads\/2022\/09\/MG_3976-2-500x320.jpg 500w, https:\/\/www.lvsada.lv\/wp-content\/uploads\/2022\/09\/MG_3976-2-768x492.jpg 768w, https:\/\/www.lvsada.lv\/wp-content\/uploads\/2022\/09\/MG_3976-2.jpg 1000w\" sizes=\"auto, (max-width: 500px) 100vw, 500px\" \/><\/a><\/p>\n<p><a href=\"https:\/\/www.lvsada.lv\/wp-content\/uploads\/2022\/09\/MG_3907.jpg\" target=\"_blank\" rel=\"noopener\"><img loading=\"lazy\" decoding=\"async\" class=\"wp-image-4544 aligncenter\" src=\"https:\/\/www.lvsada.lv\/wp-content\/uploads\/2022\/09\/MG_3907-333x500.jpg\" alt=\"\" width=\"498\" height=\"748\" srcset=\"https:\/\/www.lvsada.lv\/wp-content\/uploads\/2022\/09\/MG_3907-333x500.jpg 333w, https:\/\/www.lvsada.lv\/wp-content\/uploads\/2022\/09\/MG_3907.jpg 666w\" sizes=\"auto, (max-width: 498px) 100vw, 498px\" \/><\/a><\/p>\n<p><a href=\"https:\/\/www.lvsada.lv\/wp-content\/uploads\/2022\/09\/47.jpg\" target=\"_blank\" rel=\"noopener\"><img loading=\"lazy\" decoding=\"async\" class=\"size-medium wp-image-4568 aligncenter\" src=\"https:\/\/www.lvsada.lv\/wp-content\/uploads\/2022\/09\/47-500x333.jpg\" alt=\"\" width=\"500\" height=\"333\" srcset=\"https:\/\/www.lvsada.lv\/wp-content\/uploads\/2022\/09\/47-500x333.jpg 500w, https:\/\/www.lvsada.lv\/wp-content\/uploads\/2022\/09\/47-768x511.jpg 768w, https:\/\/www.lvsada.lv\/wp-content\/uploads\/2022\/09\/47.jpg 1000w\" sizes=\"auto, (max-width: 500px) 100vw, 500px\" \/><\/a><\/p>\n<p><a href=\"https:\/\/www.lvsada.lv\/wp-content\/uploads\/2022\/09\/10.jpg\" target=\"_blank\" rel=\"noopener\"><img loading=\"lazy\" decoding=\"async\" class=\"size-medium wp-image-4566 aligncenter\" src=\"https:\/\/www.lvsada.lv\/wp-content\/uploads\/2022\/09\/10-500x326.jpg\" alt=\"\" width=\"500\" height=\"326\" srcset=\"https:\/\/www.lvsada.lv\/wp-content\/uploads\/2022\/09\/10-500x326.jpg 500w, https:\/\/www.lvsada.lv\/wp-content\/uploads\/2022\/09\/10-768x500.jpg 768w, https:\/\/www.lvsada.lv\/wp-content\/uploads\/2022\/09\/10.jpg 1000w\" sizes=\"auto, (max-width: 500px) 100vw, 500px\" \/><\/a><\/p>\n<p><a href=\"https:\/\/www.lvsada.lv\/wp-content\/uploads\/2022\/09\/MG_3944.jpg\" target=\"_blank\" rel=\"noopener\"><img loading=\"lazy\" decoding=\"async\" class=\"size-medium wp-image-4548 aligncenter\" src=\"https:\/\/www.lvsada.lv\/wp-content\/uploads\/2022\/09\/MG_3944-500x333.jpg\" alt=\"\" width=\"500\" height=\"333\" srcset=\"https:\/\/www.lvsada.lv\/wp-content\/uploads\/2022\/09\/MG_3944-500x333.jpg 500w, https:\/\/www.lvsada.lv\/wp-content\/uploads\/2022\/09\/MG_3944-768x511.jpg 768w, https:\/\/www.lvsada.lv\/wp-content\/uploads\/2022\/09\/MG_3944.jpg 1000w\" sizes=\"auto, (max-width: 500px) 100vw, 500px\" \/><\/a><\/p>\n","protected":false},"excerpt":{"rendered":"<p>2022. gada 27. j\u016blij\u0101 LVSADA organiz\u0113ja\u00a0 br\u012bdin\u0101juma streiku un protesta akciju-sapulci pie Vesel\u012bbas ministrijas. &nbsp;<\/p>\n","protected":false},"author":1,"featured_media":0,"parent":0,"menu_order":0,"comment_status":"closed","ping_status":"closed","template":"","meta":{"footnotes":""},"class_list":["post-4577","page","type-page","status-publish","hentry"],"_links":{"self":[{"href":"https:\/\/www.lvsada.lv\/index.php?rest_route=\/wp\/v2\/pages\/4577","targetHints":{"allow":["GET"]}}],"collection":[{"href":"https:\/\/www.lvsada.lv\/index.php?rest_route=\/wp\/v2\/pages"}],"about":[{"href":"https:\/\/www.lvsada.lv\/index.php?rest_route=\/wp\/v2\/types\/page"}],"author":[{"embeddable":true,"href":"https:\/\/www.lvsada.lv\/index.php?rest_route=\/wp\/v2\/users\/1"}],"replies":[{"embeddable":true,"href":"https:\/\/www.lvsada.lv\/index.php?rest_route=%2Fwp%2Fv2%2Fcomments&post=4577"}],"version-history":[{"count":24,"href":"https:\/\/www.lvsada.lv\/index.php?rest_route=\/wp\/v2\/pages\/4577\/revisions"}],"predecessor-version":[{"id":4712,"href":"https:\/\/www.lvsada.lv\/index.php?rest_route=\/wp\/v2\/pages\/4577\/revisions\/4712"}],"wp:attachment":[{"href":"https:\/\/www.lvsada.lv\/index.php?rest_route=%2Fwp%2Fv2%2Fmedia&parent=4577"}],"curies":[{"name":"wp","href":"https:\/\/api.w.org\/{rel}","templated":true}]}}