{"id":458,"date":"2013-11-05T11:49:01","date_gmt":"2013-11-05T09:49:01","guid":{"rendered":"http:\/\/lvsada.datika.lv\/?page_id=458"},"modified":"2013-11-06T16:12:08","modified_gmt":"2013-11-06T14:12:08","slug":"2-rezolucija","status":"publish","type":"page","link":"https:\/\/www.lvsada.lv\/?page_id=458","title":{"rendered":"Rezol\u016bcija_2"},"content":{"rendered":"<p align=\"center\"><span style=\"font-family: arial,helvetica,sans-serif; font-size: 12px;\">LATVIJAS VESEL\u012aBAS UN SOCI\u0100L\u0100S APR\u016aPES DARBINIEKU ARODBIEDR\u012aBAS 4.KONGRESA<\/span><\/p>\n<p align=\"center\"><span style=\"font-family: arial,helvetica,sans-serif; font-size: 12px;\">(02.12.2005.)<\/span><\/p>\n<p align=\"center\"><span style=\"font-family: arial,helvetica,sans-serif; font-size: 14px;\"><b>R E Z O L \u016a C I J A<\/b><\/span><\/p>\n<p align=\"center\"><span style=\"font-family: arial,helvetica,sans-serif; font-size: 14px;\"><b>&#8220;Par darba samaksu un soci\u0101laj\u0101m garantij\u0101m vesel\u012bbas apr\u016bp\u0113&#8221;<\/b><\/span><\/p>\n<p><span style=\"font-family: arial,helvetica,sans-serif; font-size: 12px;\"><b>\u00a0<\/b>\u00a0\u00a0\u00a0\u00a0\u00a0\u00a0\u00a0\u00a0\u00a0\u00a0\u00a0 Vair\u0101k nek\u0101 10 gadu vesel\u012bbas apr\u016bpes politika nebija v\u0113rsta uz \u0101rstniec\u012bbas personu un citu darbinieku, kuri piedal\u0101s \u0101rstniec\u012bbas proces\u0101, soci\u0101li ekonomisko aizsardz\u012bbu. L\u012bdz\u0161in\u0113j\u0101 vesel\u012bbas apr\u016bpes organiz\u0113\u0161anas un finans\u0113\u0161anas k\u0101rt\u012bba nepie\u013c\u0101va valsts regul\u0113jo\u0161o lomu darba samaksai un soci\u0101laj\u0101m garantij\u0101m nepiecie\u0161amo finan\u0161u l\u012bdzek\u013cu pl\u0101no\u0161an\u0101, novirz\u012b\u0161an\u0101 l\u012bdz pakalpojumu sniedz\u0113jiem un to izmanto\u0161an\u0101 paredz\u0113tajiem m\u0113r\u0137iem. Politikas veidot\u0101ji uzskat\u012bja, ka tirgus ekonomikas un konkurences apst\u0101k\u013cos \u0101rstniec\u012bbas iest\u0101des l\u012bmen\u012b darba dev\u0113js pats visu noregul\u0113s.<\/span><\/p>\n<p><span style=\"font-family: arial,helvetica,sans-serif; font-size: 12px;\">Veidoj\u0101s darba tiesisk\u0101s attiec\u012bbas, kuras raksturo \u2013 vid\u0113j\u0101 darba samaksa zem\u0101ka nek\u0101 sabiedriskaj\u0101 sektor\u0101 nodarbin\u0101tajiem, neapmaks\u0101ts virsstundu darbs, darba laiku palielin\u0101\u0161an\u0101s, darba normat\u012bvu tr\u016bkums, darba vides risku nenov\u0113rt\u0113\u0161ana, p\u0101rslodze un nezi\u0146a par n\u0101kotni.<\/span><\/p>\n<p><span style=\"font-family: arial,helvetica,sans-serif; font-size: 12px;\">Valsts vienaldz\u012bbas un bezatbild\u012bbas politika likumsakar\u012bgi kultiv\u0113ja \u0101rstniec\u012bbas personu b\u0113g\u0161anu un darba mekl\u0113\u0161anu cit\u0101s nozar\u0113s un valst\u012bs.<\/span><\/p>\n<p><span style=\"font-family: arial,helvetica,sans-serif; font-size: 12px;\">Arodbiedr\u012bba protest\u0113ja, organiz\u0113ja streikus, pras\u012bja main\u012bt l\u012bdz\u0161in\u0113jo darba samaksas politiku, bet pras\u012bbas ignor\u0113ja, un cilv\u0113kresursu defic\u012bts auga.<\/span><\/p>\n<p><span style=\"font-family: arial,helvetica,sans-serif; font-size: 12px;\">Politisks pav\u0113rsiens notika pa\u0161reiz\u0113j\u0101 vesel\u012bbas ministra vad\u012bb\u0101, pie\u0146emot politisku dokumentu par cilv\u0113kresursu att\u012bst\u012bbu, lai izveidotu jaunu darba samaksas un soci\u0101lo garantiju sist\u0113mu. \u0160odien nodro\u0161in\u0101tas ir tikai garantijas par darba samaksas pieaugumu 2006.gad\u0101, cit\u0101m garantij\u0101m k\u0101 darba samaksas pieaugumam 2007.-2010.g., piemaks\u0101m, da\u017e\u0101diem apdro\u0161in\u0101\u0161anas veidiem \u2013 nav v\u0113l izveidota juridisk\u0101 b\u0101ze.<\/span><\/p>\n<p><span style=\"font-family: arial,helvetica,sans-serif; font-size: 12px;\">Arodbiedr\u012bbu uzman\u012bgu dara gad\u012bjumi, kas apliecina l\u012bdz\u0161in\u0113jo vienaldz\u012bgo attieksmi pret darbiniekiem. Bez inform\u0113\u0161anas un saska\u0146o\u0161anas ar arodbiedr\u012bbu tika izmain\u012btas piemaksas par st\u0101\u017eu, piemaksas par kait\u012bgiem darba apst\u0101k\u013ciem anesteziolo\u0123ijas darbiniekiem. Vesel\u012bbas ministrija nepau\u017e stingru noraido\u0161u attieksmi par jaun\u0101s vienot\u0101s darba samaksas sist\u0113mas ievie\u0161anu vesel\u012bbas apr\u016bp\u0113 ar 2007.gadu, kura liel\u0101ko medi\u0137u da\u013cu atkal atst\u0101s bez valsts regul\u0113tas darba samaksas.<\/span><\/p>\n<p><span style=\"font-family: arial,helvetica,sans-serif; font-size: 12px;\"><b><span style=\"text-decoration: underline;\">Kongresa deleg\u0101ti prasa<\/span><\/b> Vesel\u012bbas ministrijai pild\u012bt Cilv\u0113kresursu att\u012bst\u012bbas programmas pamatnost\u0101dnes un izveidot t\u0101du darba samaksas un soci\u0101lo garantiju sist\u0113mu, kas attiecas uz visiem pakalpojumu sniedz\u0113jiem l\u012bdz 2010.gadam neatkar\u012bgi no \u012bpa\u0161uma formas un juridisk\u0101 statusa.<\/span><\/p>\n<p><span style=\"font-family: arial,helvetica,sans-serif; font-size: 12px;\"><b><span style=\"text-decoration: underline;\">Kongresa deleg\u0101ti aicina<\/span><\/b> arodbiedr\u012bbas biedrus akt\u012bvi sekot Vesel\u012bbas ministrijas darb\u012bbai, k\u0101 t\u0101 realiz\u0113 darba samaksai un soci\u0101laj\u0101m garantij\u0101m nepiecie\u0161amo normat\u012bvo dokumentu un finans\u0113juma nodro\u0161in\u0101\u0161anu, <b><span style=\"text-decoration: underline;\">aicina<\/span><\/b> b\u016bt solid\u0101riem aizst\u0101v\u0113t savas pras\u012bbas.<\/span><\/p>\n<p><span style=\"font-family: arial,helvetica,sans-serif; font-size: 12px;\">\u00a0<\/span><\/p>\n<p><span style=\"font-family: arial,helvetica,sans-serif; font-size: 12px;\">\u00a0<\/span><\/p>\n<p><span style=\"font-family: arial,helvetica,sans-serif; font-size: 12px;\">\u00a0<\/span><\/p>\n<p><span style=\"font-family: arial,helvetica,sans-serif; font-size: 12px;\">\u00a0<\/span><\/p>\n","protected":false},"excerpt":{"rendered":"<p>LATVIJAS VESEL\u012aBAS UN SOCI\u0100L\u0100S APR\u016aPES DARBINIEKU ARODBIEDR\u012aBAS 4.KONGRESA (02.12.2005.) R E Z O L \u016a C I J A &#8220;Par darba samaksu un soci\u0101laj\u0101m garantij\u0101m vesel\u012bbas apr\u016bp\u0113&#8221; \u00a0\u00a0\u00a0\u00a0\u00a0\u00a0\u00a0\u00a0\u00a0\u00a0\u00a0\u00a0 Vair\u0101k nek\u0101 10 gadu vesel\u012bbas apr\u016bpes politika nebija v\u0113rsta uz \u0101rstniec\u012bbas personu un citu darbinieku, kuri piedal\u0101s \u0101rstniec\u012bbas proces\u0101, soci\u0101li ekonomisko aizsardz\u012bbu. L\u012bdz\u0161in\u0113j\u0101 vesel\u012bbas apr\u016bpes organiz\u0113\u0161anas un&#8230;<\/p>\n","protected":false},"author":1,"featured_media":0,"parent":0,"menu_order":0,"comment_status":"closed","ping_status":"closed","template":"","meta":{"footnotes":""},"class_list":["post-458","page","type-page","status-publish","hentry"],"_links":{"self":[{"href":"https:\/\/www.lvsada.lv\/index.php?rest_route=\/wp\/v2\/pages\/458","targetHints":{"allow":["GET"]}}],"collection":[{"href":"https:\/\/www.lvsada.lv\/index.php?rest_route=\/wp\/v2\/pages"}],"about":[{"href":"https:\/\/www.lvsada.lv\/index.php?rest_route=\/wp\/v2\/types\/page"}],"author":[{"embeddable":true,"href":"https:\/\/www.lvsada.lv\/index.php?rest_route=\/wp\/v2\/users\/1"}],"replies":[{"embeddable":true,"href":"https:\/\/www.lvsada.lv\/index.php?rest_route=%2Fwp%2Fv2%2Fcomments&post=458"}],"version-history":[{"count":6,"href":"https:\/\/www.lvsada.lv\/index.php?rest_route=\/wp\/v2\/pages\/458\/revisions"}],"predecessor-version":[{"id":677,"href":"https:\/\/www.lvsada.lv\/index.php?rest_route=\/wp\/v2\/pages\/458\/revisions\/677"}],"wp:attachment":[{"href":"https:\/\/www.lvsada.lv\/index.php?rest_route=%2Fwp%2Fv2%2Fmedia&parent=458"}],"curies":[{"name":"wp","href":"https:\/\/api.w.org\/{rel}","templated":true}]}}