{"id":460,"date":"2013-11-05T11:49:52","date_gmt":"2013-11-05T09:49:52","guid":{"rendered":"http:\/\/lvsada.datika.lv\/?page_id=460"},"modified":"2013-11-06T16:12:33","modified_gmt":"2013-11-06T14:12:33","slug":"3-rezolucija","status":"publish","type":"page","link":"https:\/\/www.lvsada.lv\/?page_id=460","title":{"rendered":"Rezol\u016bcija_3"},"content":{"rendered":"<p align=\"center\"><span style=\"font-family: arial,helvetica,sans-serif; font-size: 12px;\">LATVIJAS VESEL\u012aBAS UN SOCI\u0100L\u0100S APR\u016aPES DARBINIEKU ARODBIEDR\u012aBAS 4.KONGRESA<\/span><\/p>\n<p align=\"center\"><span style=\"font-family: arial,helvetica,sans-serif; font-size: 12px;\">(02.12.2005.)<\/span><\/p>\n<p align=\"center\"><span style=\"font-family: arial,helvetica,sans-serif; font-size: 12px;\">\u00a0\u00a0 <span style=\"font-size: 14px;\"><b>R E Z O L \u016a C I J A<\/b><\/span><\/span><\/p>\n<p align=\"center\"><span style=\"font-family: arial,helvetica,sans-serif; font-size: 14px;\"><b>&#8220;Par soci\u0101lo dialogu&#8221;<\/b><\/span><\/p>\n<p><span style=\"font-family: arial,helvetica,sans-serif; font-size: 12px;\">\u00a0Soci\u0101lais dialogs ir ilgtermi\u0146a sadarb\u012bbas process, kur\u0101 veidojas soci\u0101lekonomisk\u0101s partnerattiec\u012bbas starp at\u0161\u0137ir\u012bgiem partneriem. Tas ir sadarb\u012bbas veids starp darba dev\u0113ju organiz\u0101cij\u0101m, valsts instit\u016bcij\u0101m un\u00a0 arodbiedr\u012bb\u0101m, kura m\u0113r\u0137is ir saska\u0146ot da\u017e\u0101do sabiedr\u012bbas sl\u0101\u0146u intereses soci\u0101lajos, ekonomiskajos jaut\u0101jumos un garant\u0113t soci\u0101lo mieru un stabilit\u0101ti valst\u012b. T\u0101 ir domu apmai\u0146a partneru vid\u016b, kas tuvina pu\u0161u nost\u0101ju da\u017e\u0101dos jaut\u0101jumos, kompromisa mekl\u0113jumus da\u017e\u0101du pretrun\u012bgu intere\u0161u sadursm\u0113, veicina dialoga partneru dro\u0161\u012bbu, stabilit\u0101ti un att\u012bst\u012bbu. Soci\u0101lais dialogs ir viena no demokr\u0101tiskas valsts paz\u012bm\u0113m, kas izpau\u017eas ar\u012b k\u0101 darbinieku un darba dev\u0113ju divpus\u0113jais savstarp\u0113jais dialogs intere\u0161u saska\u0146o\u0161an\u0101.<\/span><\/p>\n<p><span style=\"font-family: arial,helvetica,sans-serif; font-size: 12px;\"><b><span style=\"text-decoration: underline;\">Kongress uzskata<\/span><\/b>, ka soci\u0101lo partneru sadarb\u012bba daudzos aspektos atpaliek no Eiropas Savien\u012bbas soci\u0101l\u0101 dialoga mode\u013ca. Nacion\u0101laj\u0101 l\u012bmen\u012b, vald\u012bba arodbiedr\u012bbas un Latvijas darba dev\u0113ju konfeder\u0101ciju p\u0113c vieno\u0161an\u0101s par k\u0101du jaut\u0101jumu to nepilda. Tik svar\u012bg\u0101 jaut\u0101jum\u0101 k\u0101 valsts bud\u017eeta priorit\u0101\u0161u noteik\u0161an\u0101 vald\u012bba nekonsult\u0113j\u0101s ar p\u0101r\u0113jiem partneriem, radot spriedzi sabiedr\u012bb\u0101.<\/span><\/p>\n<p><span style=\"font-family: arial,helvetica,sans-serif; font-size: 12px;\">Latvij\u0101 nav v\u0113l izveidoju\u0161\u0101s stabilas darba dev\u0113ju organiz\u0101cijas. Valsts p\u0101rvaldes instit\u016bcijas k\u0101 Vesel\u012bbas ministrija, Labkl\u0101j\u012bbas ministrija, pa\u0161vald\u012bbas soci\u0101laj\u0101 dialog\u0101 vienlaic\u012bgi p\u0101rst\u0101v gan valsts, gan darba dev\u0113ju pusi. Vesel\u012bbas apr\u016bp\u0113 darba dev\u0113ju organiz\u0101cij\u0101m m\u0113r\u0137is nav vieno\u0161an\u0101s ar arodbiedr\u012bb\u0101m, lai stabiliz\u0113tu cilv\u0113kresursus un mazin\u0101tu kritisko situ\u0101ciju ar \u0101rstniecisko personu skaitu. Soci\u0101laj\u0101 apr\u016bp\u0113 darba dev\u0113ji apvienoju\u0161ies tikai profesion\u0101laj\u0101 organiz\u0101cij\u0101 un nedarbojas saska\u0146\u0101 ar Darba dev\u0113ju organiz\u0101ciju un to apvien\u012bbu likumu.<\/span><\/p>\n<p><span style=\"font-family: arial,helvetica,sans-serif; font-size: 12px;\"><b><span style=\"text-decoration: underline;\">Kongresa deleg\u0101ti aicina<\/span><\/b> vald\u012bbu izstr\u0101d\u0101t un Saeimai apstiprin\u0101t likumu normas, kas soci\u0101lo dialogu nacion\u0101laj\u0101 un nozaru l\u012bmen\u012b tuvin\u0101tu Eiropas Savien\u012bbas modelim \u2013 soci\u0101lo partneru konsult\u0113\u0161an\u0101s rezult\u0101t\u0101 ir l\u0113mums vai vieno\u0161an\u0101s un to izpilde ir saisto\u0161a vis\u0101m iesaist\u012bt\u0101m pus\u0113m.<\/span><\/p>\n<p><span style=\"font-family: arial,helvetica,sans-serif; font-size: 12px;\"><b><span style=\"text-decoration: underline;\">Kongresa deleg\u0101ti atg\u0101dina<\/span><\/b>, ka darba kopl\u012bgums starp arodorganiz\u0101ciju un darba dev\u0113ju un nozares \u0122ener\u0101lvieno\u0161an\u0101s ir apliecin\u0101jums soci\u0101lo partneru labajai gribai mazin\u0101t soci\u0101lo spriedzi, saglab\u0101t nozari speci\u0101listus un nodro\u0161in\u0101t kvalitat\u012bvus sniedzamos pakalpojumus.<\/span><\/p>\n","protected":false},"excerpt":{"rendered":"<p>LATVIJAS VESEL\u012aBAS UN SOCI\u0100L\u0100S APR\u016aPES DARBINIEKU ARODBIEDR\u012aBAS 4.KONGRESA (02.12.2005.) \u00a0\u00a0 R E Z O L \u016a C I J A &#8220;Par soci\u0101lo dialogu&#8221; \u00a0Soci\u0101lais dialogs ir ilgtermi\u0146a sadarb\u012bbas process, kur\u0101 veidojas soci\u0101lekonomisk\u0101s partnerattiec\u012bbas starp at\u0161\u0137ir\u012bgiem partneriem. Tas ir sadarb\u012bbas veids starp darba dev\u0113ju organiz\u0101cij\u0101m, valsts instit\u016bcij\u0101m un\u00a0 arodbiedr\u012bb\u0101m, kura m\u0113r\u0137is ir saska\u0146ot da\u017e\u0101do sabiedr\u012bbas sl\u0101\u0146u&#8230;<\/p>\n","protected":false},"author":1,"featured_media":0,"parent":0,"menu_order":0,"comment_status":"closed","ping_status":"closed","template":"","meta":{"footnotes":""},"class_list":["post-460","page","type-page","status-publish","hentry"],"_links":{"self":[{"href":"https:\/\/www.lvsada.lv\/index.php?rest_route=\/wp\/v2\/pages\/460","targetHints":{"allow":["GET"]}}],"collection":[{"href":"https:\/\/www.lvsada.lv\/index.php?rest_route=\/wp\/v2\/pages"}],"about":[{"href":"https:\/\/www.lvsada.lv\/index.php?rest_route=\/wp\/v2\/types\/page"}],"author":[{"embeddable":true,"href":"https:\/\/www.lvsada.lv\/index.php?rest_route=\/wp\/v2\/users\/1"}],"replies":[{"embeddable":true,"href":"https:\/\/www.lvsada.lv\/index.php?rest_route=%2Fwp%2Fv2%2Fcomments&post=460"}],"version-history":[{"count":6,"href":"https:\/\/www.lvsada.lv\/index.php?rest_route=\/wp\/v2\/pages\/460\/revisions"}],"predecessor-version":[{"id":678,"href":"https:\/\/www.lvsada.lv\/index.php?rest_route=\/wp\/v2\/pages\/460\/revisions\/678"}],"wp:attachment":[{"href":"https:\/\/www.lvsada.lv\/index.php?rest_route=%2Fwp%2Fv2%2Fmedia&parent=460"}],"curies":[{"name":"wp","href":"https:\/\/api.w.org\/{rel}","templated":true}]}}