{"id":462,"date":"2013-11-05T11:51:00","date_gmt":"2013-11-05T09:51:00","guid":{"rendered":"http:\/\/lvsada.datika.lv\/?page_id=462"},"modified":"2013-11-06T16:07:48","modified_gmt":"2013-11-06T14:07:48","slug":"aicinajums_1","status":"publish","type":"page","link":"https:\/\/www.lvsada.lv\/?page_id=462","title":{"rendered":"Aicin\u0101jums_1"},"content":{"rendered":"<p style=\"font-family: Arial,Helvetica,sans-serif;\" align=\"center\"><span style=\"font-family: arial,helvetica,sans-serif; font-size: 12px;\">LATVIJAS VESEL\u012aBAS UN SOCI\u0100L\u0100S APR\u016aPES DARBINIEKU ARODBIEDR\u012aBAS 4. KONGRESA<\/span><\/p>\n<p style=\"font-family: Arial,Helvetica,sans-serif;\" align=\"center\"><span style=\"font-family: arial,helvetica,sans-serif; font-size: 12px;\">(02.12.2005.)<\/span><\/p>\n<p style=\"font-family: Arial,Helvetica,sans-serif;\" align=\"center\"><span style=\"font-size: 14px;\"><strong><span style=\"font-family: arial,helvetica,sans-serif;\">A I C I N \u0100 J U M S<\/span><\/strong><\/span><\/p>\n<p style=\"font-family: Arial,Helvetica,sans-serif;\" align=\"center\"><span style=\"font-family: arial,helvetica,sans-serif; font-size: 14px;\"><b>&#8220;Par jaunie\u0161u m\u0101c\u012bbu un darba apst\u0101k\u013cu uzlabo\u0161anu&#8221;<\/b><\/span><\/p>\n<p style=\"font-family: Arial,Helvetica,sans-serif;\"><span style=\"font-family: arial,helvetica,sans-serif; font-size: 12px;\">Viens no svar\u012bg\u0101kajiem faktoriem kvalitat\u012bvu vesel\u012bbas un soci\u0101l\u0101s apr\u016bpes pakalpojumu snieg\u0161an\u0101 iedz\u012bvot\u0101jiem ir cilv\u0113kresursi \u2013 izgl\u012btoti, kvalific\u0113ti, materi\u0101li nodro\u0161in\u0101ti speci\u0101listi.<\/span><\/p>\n<p style=\"font-family: Arial,Helvetica,sans-serif;\"><span style=\"font-family: arial,helvetica,sans-serif; font-size: 12px;\">Tuv\u0101ko 10 gadu laik\u0101 vesel\u012bbas apr\u016bpei ir nepiecie\u0161ams sagatavot vismaz 1500 \u0101rstu, 3000 m\u0101su un citu speci\u0101listu. Kop\u0161 devi\u0146desmito gadu s\u0101kuma tiek realiz\u0113tas soci\u0101l\u0101 darba speci\u0101listu programmas, bet arvien v\u0113l valst\u012b \u0161o speci\u0101listu tr\u016bkst liel\u0101 skait\u0101.<\/span><\/p>\n<p style=\"font-family: Arial,Helvetica,sans-serif;\"><span style=\"font-family: arial,helvetica,sans-serif; font-size: 12px;\"><b><span style=\"text-decoration: underline;\">Kongresa deleg\u0101ti atg\u0101dina<\/span><\/b>, ka nav juridiski sak\u0101rtots universit\u0101ti beigu\u0161a \u0101rsta, \u0101rsta-rezidenta, \u0101rsta sta\u017eiera statuss un l\u012bdz ar to noteikts veicamais darbs un atalgojums.<\/span><\/p>\n<p style=\"font-family: Arial,Helvetica,sans-serif;\"><span style=\"font-family: arial,helvetica,sans-serif; font-size: 12px;\">Stipendiju un kred\u012btu sist\u0113ma nenodro\u0161ina norm\u0101lus dz\u012bves apst\u0101k\u013cus un pilnas studiju iesp\u0113jas. Jaunajiem speci\u0101listiem nav zin\u0101\u0161anu par darba ties\u012bb\u0101m un soci\u0101laj\u0101m garantij\u0101m, ir apgr\u016btin\u0101ta vi\u0146u integr\u0101cija darba tirg\u016b. Nav ar\u012b inform\u0101cijas, k\u0101 aizsarg\u0101t sevi Eiropas Savien\u012bbas darba tirg\u016b.<\/span><\/p>\n<p style=\"font-family: Arial,Helvetica,sans-serif;\"><span style=\"font-family: arial,helvetica,sans-serif; font-size: 12px;\"><b><span style=\"text-decoration: underline;\">Kongresa deleg\u0101ti atz\u012bm\u0113<\/span><\/b>, ka p\u0113d\u0113j\u0101 gada laik\u0101 samazin\u0101jies jaunie\u0161u skaits arodbiedr\u012bb\u0101, jaunie\u0161i neizmanto visas arodbiedr\u012bbas iesp\u0113jas savu intere\u0161u un ties\u012bbu aizst\u0101v\u012bb\u0101.<\/span><\/p>\n<p style=\"font-family: Arial,Helvetica,sans-serif;\"><span style=\"font-family: arial,helvetica,sans-serif; font-size: 12px;\"><b><span style=\"text-decoration: underline;\">Kongresa deleg\u0101ti aicina<\/span><\/b> Vesel\u012bbas ministru, Izgl\u012bt\u012bbas un zin\u0101tnes ministru un m\u0101c\u012bbu iest\u0101\u017eu vad\u012bt\u0101jus uzman\u012bg\u0101k ieklaus\u012bties studentu v\u0113rt\u0113jumos par izgl\u012bt\u012bbas un kvalifik\u0101cijas noris\u0113m, akt\u012bv\u0101k iesaist\u012bties stipendiju un kred\u012btu sist\u0113mas pilnveido\u0161an\u0101 un finan\u0161u l\u012bdzek\u013cu piesaist\u012b\u0161an\u0101 un jauno speci\u0101listu juridisk\u0101 statusa sak\u0101rto\u0161an\u0101.<\/span><\/p>\n<p style=\"font-family: Arial,Helvetica,sans-serif;\"><span style=\"font-family: arial,helvetica,sans-serif; font-size: 12px;\"><strong><span style=\"text-decoration: underline;\">Kongresa deleg\u0101ti ierosina<\/span> <\/strong>LVSADA vad\u012bbai, Jaunie\u0161u centram, m\u0101c\u012bbu un darba vietu arodorganiz\u0101cij\u0101m efekt\u012bg\u0101k sadarboties ar valsts p\u0101rvaldes instit\u016bcij\u0101m, studentu pa\u0161p\u0101rvald\u0113m, Studentu apvien\u012bbu un Jauno speci\u0101listu profesion\u0101lo organiz\u0101ciju jaunie\u0161u probl\u0113mu risin\u0101\u0161an\u0101.<\/span><\/p>\n","protected":false},"excerpt":{"rendered":"<p>LATVIJAS VESEL\u012aBAS UN SOCI\u0100L\u0100S APR\u016aPES DARBINIEKU ARODBIEDR\u012aBAS 4. KONGRESA (02.12.2005.) A I C I N \u0100 J U M S &#8220;Par jaunie\u0161u m\u0101c\u012bbu un darba apst\u0101k\u013cu uzlabo\u0161anu&#8221; Viens no svar\u012bg\u0101kajiem faktoriem kvalitat\u012bvu vesel\u012bbas un soci\u0101l\u0101s apr\u016bpes pakalpojumu snieg\u0161an\u0101 iedz\u012bvot\u0101jiem ir cilv\u0113kresursi \u2013 izgl\u012btoti, kvalific\u0113ti, materi\u0101li nodro\u0161in\u0101ti speci\u0101listi. Tuv\u0101ko 10 gadu laik\u0101 vesel\u012bbas apr\u016bpei ir nepiecie\u0161ams&#8230;<\/p>\n","protected":false},"author":1,"featured_media":0,"parent":0,"menu_order":0,"comment_status":"closed","ping_status":"closed","template":"","meta":{"footnotes":""},"class_list":["post-462","page","type-page","status-publish","hentry"],"_links":{"self":[{"href":"https:\/\/www.lvsada.lv\/index.php?rest_route=\/wp\/v2\/pages\/462","targetHints":{"allow":["GET"]}}],"collection":[{"href":"https:\/\/www.lvsada.lv\/index.php?rest_route=\/wp\/v2\/pages"}],"about":[{"href":"https:\/\/www.lvsada.lv\/index.php?rest_route=\/wp\/v2\/types\/page"}],"author":[{"embeddable":true,"href":"https:\/\/www.lvsada.lv\/index.php?rest_route=\/wp\/v2\/users\/1"}],"replies":[{"embeddable":true,"href":"https:\/\/www.lvsada.lv\/index.php?rest_route=%2Fwp%2Fv2%2Fcomments&post=462"}],"version-history":[{"count":7,"href":"https:\/\/www.lvsada.lv\/index.php?rest_route=\/wp\/v2\/pages\/462\/revisions"}],"predecessor-version":[{"id":670,"href":"https:\/\/www.lvsada.lv\/index.php?rest_route=\/wp\/v2\/pages\/462\/revisions\/670"}],"wp:attachment":[{"href":"https:\/\/www.lvsada.lv\/index.php?rest_route=%2Fwp%2Fv2%2Fmedia&parent=462"}],"curies":[{"name":"wp","href":"https:\/\/api.w.org\/{rel}","templated":true}]}}