{"id":465,"date":"2013-11-05T11:51:57","date_gmt":"2013-11-05T09:51:57","guid":{"rendered":"http:\/\/lvsada.datika.lv\/?page_id=465"},"modified":"2013-11-06T16:08:12","modified_gmt":"2013-11-06T14:08:12","slug":"aicinajums_2","status":"publish","type":"page","link":"https:\/\/www.lvsada.lv\/?page_id=465","title":{"rendered":"Aicin\u0101jums_2"},"content":{"rendered":"<p style=\"font-family: Arial,Helvetica,sans-serif; font-size: 12px;\" align=\"center\"><span style=\"font-family: arial,helvetica,sans-serif; font-size: 12px;\">LATVIJAS VESEL\u012aBAS UN SOCI\u0100L\u0100S APR\u016aPES DARBINIEKU ARODBIEDR\u012aBAS 4.KONGRESA<\/span><\/p>\n<p style=\"font-family: Arial,Helvetica,sans-serif; font-size: 12px;\" align=\"center\"><span style=\"font-family: arial,helvetica,sans-serif; font-size: 12px;\">(02.12.2005.)<\/span><\/p>\n<p style=\"font-family: Arial,Helvetica,sans-serif; font-size: 14px;\" align=\"center\"><span style=\"font-size: 14px;\"><strong><span style=\"font-family: arial,helvetica,sans-serif;\">A I C I N \u0100 J U M S<\/span><\/strong><\/span><\/p>\n<p style=\"font-family: Arial,Helvetica,sans-serif; font-size: 12px;\" align=\"center\"><span style=\"font-size: 14px;\"><strong><span style=\"font-family: arial,helvetica,sans-serif;\">&#8220;Par soci\u0101liem pakalpojumiem&#8221;<\/span><\/strong><\/span><\/p>\n<p style=\"font-family: Arial,Helvetica,sans-serif; font-size: 12px;\"><span style=\"font-family: arial,helvetica,sans-serif; font-size: 12px;\">Soci\u0101lo pakalpojumu klienti nav nemain\u012bga iedz\u012bvot\u0101ju kategorija. Katram valsts iedz\u012bvot\u0101jam var pien\u0101kt br\u012bdis, kad nepiecie\u0161ami soci\u0101lie pakalpojumi. B\u0113rn\u012bb\u0101, slim\u012bb\u0101, sasniedzot noteiktu vecumu mums var b\u016bt\u00a0 nepiecie\u0161ama soci\u0101l\u0101 apr\u016bpe.<\/span><\/p>\n<p style=\"font-family: Arial,Helvetica,sans-serif; font-size: 12px;\"><span style=\"font-family: arial,helvetica,sans-serif; font-size: 12px;\"><b><span style=\"text-decoration: underline;\">Kongresa deleg\u0101ti uzskata<\/span><\/b>, ka Latvij\u0101 pamatos ir izveidota normat\u012bvo aktu b\u0101ze soci\u0101lo pakalpojumu jom\u0101 ar skaidri defin\u0113tiem pakalpojumu sa\u0146em\u0161anas krit\u0113rijiem un k\u0101rt\u012bbu. Kop\u0161 devi\u0146desmito gadu s\u0101kuma tiek realiz\u0113tas soci\u0101l\u0101 darba speci\u0101listu izgl\u012bt\u012bbas programmas, bet valst\u012b arvien v\u0113l\u00a0 \u0161o speci\u0101listu tr\u016bkst. Tam ir vair\u0101ki skaidrojumi: m\u0101c\u012bbu maksa ir augsta, zem\u0101 darba alga neatbilst ieg\u016btajai izgl\u012bt\u012bbai, soci\u0101lais darbs ir saist\u012bts ar darba vides riskiem. Tikm\u0113r Eiropas Savien\u012bb\u0101 l\u012bdz\u0101s valstu soci\u0101l\u0101s dro\u0161\u012bbas politikai arvien liel\u0101ka loma tiek pie\u0161\u0137irta kvalitat\u012bviem sabiedriskiem pakalpojumiem, tai skait\u0101 soci\u0101lajai apr\u016bpei, un LVSADA akt\u012bvi iest\u0101jas par pakalpojumu pieejam\u012bbas veicin\u0101\u0161anu, nodro\u0161inot darbinieku izgl\u012bto\u0161anu un adekv\u0101tu darba samaksu.<\/span><\/p>\n<p style=\"font-family: Arial,Helvetica,sans-serif; font-size: 12px;\"><span style=\"font-family: arial,helvetica,sans-serif; font-size: 12px;\">Kvalitat\u012bvus soci\u0101l\u0101s apr\u016bpes pakalpojumus var sniegt tikai profesion\u0101li izgl\u012btoti speci\u0101listi atbilsto\u0161\u0101 dro\u0161\u0101 darba vid\u0113, un \u0161o jaut\u0101jumu kontrole ir Soci\u0101lo pakalpojumu p\u0101rvaldes funkcija. Palielinoties soci\u0101lo pakalpojumu sniedz\u0113ju skaitam, SPP nenodro\u0161ina regul\u0101ru visu instit\u016bciju kontroli, kas noved pie darbinieku darba dro\u0161\u012bbas normu p\u0101rk\u0101pumiem.<\/span><\/p>\n<p style=\"font-family: Arial,Helvetica,sans-serif; font-size: 12px;\"><span style=\"font-family: arial,helvetica,sans-serif; font-size: 12px;\">Atbalstot Soci\u0101l\u0101 darba att\u012bst\u012bbas programmu 2005. \u2013 2011.gadam, <span style=\"text-decoration: underline;\">Kongresa deleg\u0101ti pau\u017e<\/span> ba\u017eas par vald\u012bbas nost\u0101dni sakar\u0101 ar sabiedrisko pakalpojumu liberaliz\u0101ciju Eiropas Savien\u012bbas Direkt\u012bvas par pakalpojumu br\u012bvo tirgu kontekst\u0101.<\/span><\/p>\n<p style=\"font-family: Arial,Helvetica,sans-serif; font-size: 12px;\"><span style=\"font-family: arial,helvetica,sans-serif; font-size: 12px;\"><b><span style=\"text-decoration: underline;\">Kongresa deleg\u0101ti aicina<\/span><\/b> Labkl\u0101j\u012bbas ministriju nodro\u0161in\u0101t soci\u0101lo pakalpojumu sniedz\u0113jus ar normat\u012bvajos aktos noteikto soci\u0101l\u0101 darba speci\u0101listu skaitu, izstr\u0101d\u0101t darba algas paaugstin\u0101\u0161anas grafiku l\u012bdz 2010.gadam, sekm\u0113t darbinieku t\u0101l\u0101kizgl\u012bt\u012bbu un ieviest soci\u0101l\u0101s garantijas, lai aizkav\u0113tu darbinieku aizpl\u016b\u0161anu uz cit\u0101m nozar\u0113m vai priv\u0101to sektoru.<\/span><\/p>\n<p style=\"font-family: Arial,Helvetica,sans-serif; font-size: 12px;\"><span style=\"font-family: arial,helvetica,sans-serif; font-size: 12px;\"><b><span style=\"text-decoration: underline;\">Kongresa deleg\u0101ti prasa<\/span><\/b> vald\u012bbai pie\u0146emt politisku l\u0113mumu, kas atbalsta soci\u0101lo pakalpojumu snieg\u0161an\u0101 iev\u0113rot valsts principu, lai nodro\u0161in\u0101tu kvalitat\u012bvus soci\u0101l\u0101s apr\u016bpes pakalpojumus Latvijas iedz\u012bvot\u0101jiem un neciestu klientu un darbinieku ties\u012bbas un intereses.<\/span><\/p>\n","protected":false},"excerpt":{"rendered":"<p>LATVIJAS VESEL\u012aBAS UN SOCI\u0100L\u0100S APR\u016aPES DARBINIEKU ARODBIEDR\u012aBAS 4.KONGRESA (02.12.2005.) A I C I N \u0100 J U M S &#8220;Par soci\u0101liem pakalpojumiem&#8221; Soci\u0101lo pakalpojumu klienti nav nemain\u012bga iedz\u012bvot\u0101ju kategorija. Katram valsts iedz\u012bvot\u0101jam var pien\u0101kt br\u012bdis, kad nepiecie\u0161ami soci\u0101lie pakalpojumi. B\u0113rn\u012bb\u0101, slim\u012bb\u0101, sasniedzot noteiktu vecumu mums var b\u016bt\u00a0 nepiecie\u0161ama soci\u0101l\u0101 apr\u016bpe. Kongresa deleg\u0101ti uzskata, ka Latvij\u0101&#8230;<\/p>\n","protected":false},"author":1,"featured_media":0,"parent":0,"menu_order":0,"comment_status":"closed","ping_status":"closed","template":"","meta":{"footnotes":""},"class_list":["post-465","page","type-page","status-publish","hentry"],"_links":{"self":[{"href":"https:\/\/www.lvsada.lv\/index.php?rest_route=\/wp\/v2\/pages\/465","targetHints":{"allow":["GET"]}}],"collection":[{"href":"https:\/\/www.lvsada.lv\/index.php?rest_route=\/wp\/v2\/pages"}],"about":[{"href":"https:\/\/www.lvsada.lv\/index.php?rest_route=\/wp\/v2\/types\/page"}],"author":[{"embeddable":true,"href":"https:\/\/www.lvsada.lv\/index.php?rest_route=\/wp\/v2\/users\/1"}],"replies":[{"embeddable":true,"href":"https:\/\/www.lvsada.lv\/index.php?rest_route=%2Fwp%2Fv2%2Fcomments&post=465"}],"version-history":[{"count":6,"href":"https:\/\/www.lvsada.lv\/index.php?rest_route=\/wp\/v2\/pages\/465\/revisions"}],"predecessor-version":[{"id":855,"href":"https:\/\/www.lvsada.lv\/index.php?rest_route=\/wp\/v2\/pages\/465\/revisions\/855"}],"wp:attachment":[{"href":"https:\/\/www.lvsada.lv\/index.php?rest_route=%2Fwp%2Fv2%2Fmedia&parent=465"}],"curies":[{"name":"wp","href":"https:\/\/api.w.org\/{rel}","templated":true}]}}