{"id":467,"date":"2013-11-05T11:52:31","date_gmt":"2013-11-05T09:52:31","guid":{"rendered":"http:\/\/lvsada.datika.lv\/?page_id=467"},"modified":"2013-11-06T16:08:32","modified_gmt":"2013-11-06T14:08:32","slug":"aicinajums_3","status":"publish","type":"page","link":"https:\/\/www.lvsada.lv\/?page_id=467","title":{"rendered":"Aicin\u0101jums_3"},"content":{"rendered":"<p align=\"center\"><span style=\"font-family: arial,helvetica,sans-serif; font-size: 12px;\">LATVIJAS VESEL\u012aBAS UN SOCI\u0100L\u0100S APR\u016aPES DARBINIEKU ARODBIEDR\u012aBAS 4.KONGRESA<\/span><\/p>\n<p align=\"center\"><span style=\"font-family: arial,helvetica,sans-serif; font-size: 12px;\">(02.12.2005.)<\/span><\/p>\n<p align=\"center\"><span style=\"font-family: arial,helvetica,sans-serif; font-size: 12px;\">\u00a0\u00a0 <span style=\"font-size: 14px;\"><b>A I C I N \u0100 J U M S<\/b><\/span><\/span><\/p>\n<p align=\"center\"><span style=\"font-family: arial,helvetica,sans-serif; font-size: 14px;\"><b>soci\u0101lajiem partneriem \u201ePar dro\u0161u darba vidi\u201d<\/b><\/span><\/p>\n<p><span style=\"font-family: arial,helvetica,sans-serif; font-size: 12px;\">Kop\u0161 2002. gada 1. janv\u0101ra ir sp\u0113k\u0101 Eiropas Savien\u012bbas pras\u012bb\u0101m atbilsto\u0161s Darba aizsardz\u012bbas likums.<\/span><\/p>\n<p><span style=\"font-family: arial,helvetica,sans-serif; font-size: 12px;\"><b><span style=\"text-decoration: underline;\">Kongresa deleg\u0101ti uzskata<\/span><\/b>, ka likuma ievie\u0161ana notiek p\u0101r\u0101k gausi. Joproj\u0101m ir vesel\u012bbas un soci\u0101l\u0101s apr\u016bpes instit\u016bcijas, kur\u0101s nav iev\u0113l\u0113tas darba aizsardz\u012bbas personas sabiedrisk\u0101s kontroles veik\u0161anai. Daudzi darba dev\u0113ji neatrod l\u012bdzek\u013cus uztic\u012bbas personu apm\u0101c\u012bbai. Ne visur ir objekt\u012bvi izv\u0113rt\u0113ti darba vides riska faktori un veikti pas\u0101kumi to nov\u0113r\u0161anai vai ietekmes mazin\u0101\u0161anai. Ir v\u0113rojama darba dev\u0113ju v\u0113lme ekonom\u0113t l\u012bdzek\u013cus uz darbinieku vesel\u012bbas r\u0113\u0137ina. Netiek veikti maks\u0101jumi priv\u0101tajos pensiju fondos, apdro\u0161in\u0101\u0161ana pret nelaimes gad\u012bjumiem darb\u0101.<\/span><\/p>\n<p><span style=\"font-family: arial,helvetica,sans-serif; font-size: 12px;\"><strong><span style=\"text-decoration: underline;\">Kongresa deleg\u0101ti konstat\u0113<\/span><\/strong>, ka ar katru gadu palielin\u0101s ar arodslim\u012bb\u0101m saslimu\u0161o darbinieku skaits, \u012bpa\u0161i vesel\u012bbas apr\u016bp\u0113. Starp darba dev\u0113jiem un valsts p\u0101rvaldes instit\u016bcij\u0101m nav ieviesusies prakse sadarboties nepiecie\u0161amo valsts finan\u0161u l\u012bdzek\u013cu pl\u0101no\u0161an\u0101 Darba aizsardz\u012bbas likuma izpildei.<\/span><\/p>\n<p><span style=\"font-family: arial,helvetica,sans-serif; font-size: 12px;\"><b><span style=\"text-decoration: underline;\">Kongresa deleg\u0101ti atg\u0101dina<\/span><\/b>, ka vesel\u012bgas darba vides nodro\u0161in\u0101\u0161ana ir svar\u012bgs faktors darbinieku piesaistei un cilv\u0113kresursu att\u012bst\u012bbai vesel\u012bbas un soci\u0101laj\u0101 apr\u016bp\u0113.<\/span><\/p>\n<p><span style=\"font-family: arial,helvetica,sans-serif; font-size: 12px;\"><b><span style=\"text-decoration: underline;\">Kongresa deleg\u0101ti aicina<\/span><\/b> darba dev\u0113jus un valsts p\u0101rvaldes instit\u016bcijas sadarboties finan\u0161u l\u012bdzek\u013cu pl\u0101no\u0161an\u0101, kas nepiecie\u0161ami darba aizsardz\u012bbas standartu ievie\u0161anai un dro\u0161u un vesel\u012bbai nekait\u012bgu darba apst\u0101k\u013cu nodro\u0161in\u0101\u0161anai.<\/span><\/p>\n<p><span style=\"font-family: arial,helvetica,sans-serif; font-size: 12px;\"><b><span style=\"text-decoration: underline;\">Deleg\u0101ti ierosina<\/span><\/b> darba dev\u0113jiem iestr\u0101d\u0101t darba kopl\u012bgumos arodslim\u012bbu profilaksei darbinieku vesel\u012bbas p\u0101rbaudes, vakcin\u0101ciju, rehabilit\u0101ciju un apdro\u0161in\u0101\u0161anu pret nelaimes gad\u012bjumiem.<\/span><\/p>\n<p><span style=\"font-family: arial,helvetica,sans-serif; font-size: 12px;\"><b><span style=\"text-decoration: underline;\">Kongresa deleg\u0101ti prasa<\/span><\/b> veikt iemaksas priv\u0101tajos pensiju fondos un \u012bpa\u0161i par tiem darbiniekiem, kuru darbs pak\u013cauts \u012bpa\u0161a riska faktoriem.<\/span><\/p>\n<p><span style=\"font-family: arial,helvetica,sans-serif; font-size: 12px;\">\u00a0<\/span><\/p>\n<p><span style=\"font-family: arial,helvetica,sans-serif; font-size: 12px;\">\u00a0<\/span><\/p>\n","protected":false},"excerpt":{"rendered":"<p>LATVIJAS VESEL\u012aBAS UN SOCI\u0100L\u0100S APR\u016aPES DARBINIEKU ARODBIEDR\u012aBAS 4.KONGRESA (02.12.2005.) \u00a0\u00a0 A I C I N \u0100 J U M S soci\u0101lajiem partneriem \u201ePar dro\u0161u darba vidi\u201d Kop\u0161 2002. gada 1. janv\u0101ra ir sp\u0113k\u0101 Eiropas Savien\u012bbas pras\u012bb\u0101m atbilsto\u0161s Darba aizsardz\u012bbas likums. Kongresa deleg\u0101ti uzskata, ka likuma ievie\u0161ana notiek p\u0101r\u0101k gausi. Joproj\u0101m ir vesel\u012bbas un soci\u0101l\u0101s apr\u016bpes&#8230;<\/p>\n","protected":false},"author":1,"featured_media":0,"parent":0,"menu_order":0,"comment_status":"closed","ping_status":"closed","template":"","meta":{"footnotes":""},"class_list":["post-467","page","type-page","status-publish","hentry"],"_links":{"self":[{"href":"https:\/\/www.lvsada.lv\/index.php?rest_route=\/wp\/v2\/pages\/467","targetHints":{"allow":["GET"]}}],"collection":[{"href":"https:\/\/www.lvsada.lv\/index.php?rest_route=\/wp\/v2\/pages"}],"about":[{"href":"https:\/\/www.lvsada.lv\/index.php?rest_route=\/wp\/v2\/types\/page"}],"author":[{"embeddable":true,"href":"https:\/\/www.lvsada.lv\/index.php?rest_route=\/wp\/v2\/users\/1"}],"replies":[{"embeddable":true,"href":"https:\/\/www.lvsada.lv\/index.php?rest_route=%2Fwp%2Fv2%2Fcomments&post=467"}],"version-history":[{"count":4,"href":"https:\/\/www.lvsada.lv\/index.php?rest_route=\/wp\/v2\/pages\/467\/revisions"}],"predecessor-version":[{"id":672,"href":"https:\/\/www.lvsada.lv\/index.php?rest_route=\/wp\/v2\/pages\/467\/revisions\/672"}],"wp:attachment":[{"href":"https:\/\/www.lvsada.lv\/index.php?rest_route=%2Fwp%2Fv2%2Fmedia&parent=467"}],"curies":[{"name":"wp","href":"https:\/\/api.w.org\/{rel}","templated":true}]}}