{"id":5118,"date":"2025-12-02T13:49:14","date_gmt":"2025-12-02T11:49:14","guid":{"rendered":"https:\/\/www.lvsada.lv\/?page_id=5118"},"modified":"2026-01-15T14:08:50","modified_gmt":"2026-01-15T12:08:50","slug":"lvsada-viii-kongress","status":"publish","type":"page","link":"https:\/\/www.lvsada.lv\/","title":{"rendered":"LVSADA VIII KONGRESS"},"content":{"rendered":"\n<p class=\"has-text-align-center has-vivid-red-color has-white-background-color has-text-color has-background has-link-color has-medium-font-size wp-elements-3cfab5d747c6c396ea02467f61f1cec9\"><strong>2025. gada 28. novembr\u012b  notika LVSADA VIII  Kongress, kur\u0101 par arodbiedr\u012bbas priek\u0161s\u0113d\u0113t\u0101ju tika iev\u0113l\u0113ta L\u012bga B\u0101ri\u0146a, par priek\u0161s\u0113d\u0113t\u0101ja vietnieku  &#8211; Andis Feldmanis.<\/strong><\/p>\n\n\n\n<p><\/p>\n\n\n\n<p><\/p>\n\n\n\n<figure class=\"wp-block-image size-large\"><img loading=\"lazy\" decoding=\"async\" width=\"1024\" height=\"683\" src=\"https:\/\/www.lvsada.lv\/wp-content\/uploads\/2025\/12\/MG_0824-1-1024x683.jpg\" alt=\"\" class=\"wp-image-5126\" srcset=\"https:\/\/www.lvsada.lv\/wp-content\/uploads\/2025\/12\/MG_0824-1-1024x683.jpg 1024w, https:\/\/www.lvsada.lv\/wp-content\/uploads\/2025\/12\/MG_0824-1-500x333.jpg 500w, https:\/\/www.lvsada.lv\/wp-content\/uploads\/2025\/12\/MG_0824-1-768x512.jpg 768w, https:\/\/www.lvsada.lv\/wp-content\/uploads\/2025\/12\/MG_0824-1-1536x1024.jpg 1536w, https:\/\/www.lvsada.lv\/wp-content\/uploads\/2025\/12\/MG_0824-1-2048x1365.jpg 2048w\" sizes=\"auto, (max-width: 1024px) 100vw, 1024px\" \/><\/figure>\n","protected":false},"excerpt":{"rendered":"<p>2025. gada 28. novembr\u012b notika LVSADA VIII Kongress, kur\u0101 par arodbiedr\u012bbas priek\u0161s\u0113d\u0113t\u0101ju tika iev\u0113l\u0113ta L\u012bga B\u0101ri\u0146a, par priek\u0161s\u0113d\u0113t\u0101ja vietnieku &#8211; Andis Feldmanis.<\/p>\n","protected":false},"author":1,"featured_media":0,"parent":0,"menu_order":0,"comment_status":"closed","ping_status":"closed","template":"","meta":{"footnotes":""},"class_list":["post-5118","page","type-page","status-publish","hentry"],"_links":{"self":[{"href":"https:\/\/www.lvsada.lv\/index.php?rest_route=\/wp\/v2\/pages\/5118","targetHints":{"allow":["GET"]}}],"collection":[{"href":"https:\/\/www.lvsada.lv\/index.php?rest_route=\/wp\/v2\/pages"}],"about":[{"href":"https:\/\/www.lvsada.lv\/index.php?rest_route=\/wp\/v2\/types\/page"}],"author":[{"embeddable":true,"href":"https:\/\/www.lvsada.lv\/index.php?rest_route=\/wp\/v2\/users\/1"}],"replies":[{"embeddable":true,"href":"https:\/\/www.lvsada.lv\/index.php?rest_route=%2Fwp%2Fv2%2Fcomments&post=5118"}],"version-history":[{"count":6,"href":"https:\/\/www.lvsada.lv\/index.php?rest_route=\/wp\/v2\/pages\/5118\/revisions"}],"predecessor-version":[{"id":5163,"href":"https:\/\/www.lvsada.lv\/index.php?rest_route=\/wp\/v2\/pages\/5118\/revisions\/5163"}],"wp:attachment":[{"href":"https:\/\/www.lvsada.lv\/index.php?rest_route=%2Fwp%2Fv2%2Fmedia&parent=5118"}],"curies":[{"name":"wp","href":"https:\/\/api.w.org\/{rel}","templated":true}]}}