{"id":762,"date":"2013-11-06T18:22:49","date_gmt":"2013-11-06T16:22:49","guid":{"rendered":"http:\/\/www.lvsada.lv\/?page_id=762"},"modified":"2014-05-09T12:00:01","modified_gmt":"2014-05-09T10:00:01","slug":"video-2","status":"publish","type":"page","link":"https:\/\/www.lvsada.lv\/?page_id=762","title":{"rendered":"Video"},"content":{"rendered":"<p><span style=\"font-size: 12px; font-family: arial, helvetica, sans-serif; color: #800000;\">\u00a0Ne\u013causim ignor\u0113t m\u016bsu cilv\u0113kties\u012bbas uz vesel\u012bbas apr\u016bpi!<\/span><\/p>\n<div style=\"width: 640px;\" class=\"wp-video\"><!--[if lt IE 9]><script>document.createElement('video');<\/script><![endif]-->\n<video class=\"wp-video-shortcode\" id=\"video-762-1\" width=\"640\" height=\"360\" preload=\"metadata\" controls=\"controls\"><source type=\"video\/mp4\" src=\"https:\/\/www.lvsada.lv\/wp-content\/uploads\/2014\/05\/ParTiesibamUzVeselibu.mp4?_=1\" \/><a href=\"https:\/\/www.lvsada.lv\/wp-content\/uploads\/2014\/05\/ParTiesibamUzVeselibu.mp4\">https:\/\/www.lvsada.lv\/wp-content\/uploads\/2014\/05\/ParTiesibamUzVeselibu.mp4<\/a><\/video><\/div>\n<p><span style=\"font-family: arial, helvetica, sans-serif; font-size: 12px;\">06.05.2014<\/span><\/p>\n<hr \/>\n<p><span style=\"font-family: arial,helvetica,sans-serif;\"><span style=\"font-size: 12px;\"><br \/>\n<\/span><em><\/em><\/span><\/p>\n","protected":false},"excerpt":{"rendered":"<p>\u00a0Ne\u013causim ignor\u0113t m\u016bsu cilv\u0113kties\u012bbas uz vesel\u012bbas apr\u016bpi! 06.05.2014<\/p>\n","protected":false},"author":1,"featured_media":0,"parent":0,"menu_order":0,"comment_status":"closed","ping_status":"closed","template":"","meta":{"footnotes":""},"class_list":["post-762","page","type-page","status-publish","hentry"],"_links":{"self":[{"href":"https:\/\/www.lvsada.lv\/index.php?rest_route=\/wp\/v2\/pages\/762","targetHints":{"allow":["GET"]}}],"collection":[{"href":"https:\/\/www.lvsada.lv\/index.php?rest_route=\/wp\/v2\/pages"}],"about":[{"href":"https:\/\/www.lvsada.lv\/index.php?rest_route=\/wp\/v2\/types\/page"}],"author":[{"embeddable":true,"href":"https:\/\/www.lvsada.lv\/index.php?rest_route=\/wp\/v2\/users\/1"}],"replies":[{"embeddable":true,"href":"https:\/\/www.lvsada.lv\/index.php?rest_route=%2Fwp%2Fv2%2Fcomments&post=762"}],"version-history":[{"count":30,"href":"https:\/\/www.lvsada.lv\/index.php?rest_route=\/wp\/v2\/pages\/762\/revisions"}],"predecessor-version":[{"id":1278,"href":"https:\/\/www.lvsada.lv\/index.php?rest_route=\/wp\/v2\/pages\/762\/revisions\/1278"}],"wp:attachment":[{"href":"https:\/\/www.lvsada.lv\/index.php?rest_route=%2Fwp%2Fv2%2Fmedia&parent=762"}],"curies":[{"name":"wp","href":"https:\/\/api.w.org\/{rel}","templated":true}]}}