{"id":909,"date":"2013-11-12T12:23:40","date_gmt":"2013-11-12T10:23:40","guid":{"rendered":"http:\/\/www.lvsada.lv\/?page_id=909"},"modified":"2013-11-12T12:33:48","modified_gmt":"2013-11-12T10:33:48","slug":"2007-3","status":"publish","type":"page","link":"https:\/\/www.lvsada.lv\/?page_id=909","title":{"rendered":"2007"},"content":{"rendered":"<p align=\"center\"><span style=\"font-family: arial, helvetica, sans-serif; font-size: 12px;\"><b>2007. gada publik\u0101cijas<\/b><\/span><\/p>\n<p><span style=\"font-family: arial, helvetica, sans-serif; font-size: 12px;\"><b>03.12.207 Preses rel\u012bze<\/b><\/span><\/p>\n<p align=\"center\"><span style=\"font-family: arial, helvetica, sans-serif; font-size: 12px;\"><b>Inform\u0101cija pla\u0161sazi\u0146as l\u012bdzek\u013ciem<\/b><\/span><\/p>\n<p><span style=\"font-family: arial, helvetica, sans-serif; font-size: 12px;\"><b>Latvijas Vesel\u012bbas un soci\u0101l\u0101s apr\u016bpes darbinieku arodbiedr\u012bba (LVSADA) 2007. gada 30. novembr\u012b ir iesniegusi Administrat\u012bvajai rajona tiesai pieteikumu pret Vesel\u012bbas ministriju (VM). Pieteikuma pamats ir VM faktisk\u0101 r\u012bc\u012bba, nepildot Ministru kabineta 2005. gada 18. maija r\u012bkojumu Nr. 326 un 2006. gada 6. novembra r\u012bkojumu Nr. 870 par cilv\u0113kresursu att\u012bst\u012bbu vesel\u012bbas apr\u016bp\u0113.<\/b><\/span><\/p>\n<p><span style=\"font-family: arial, helvetica, sans-serif; font-size: 12px;\">Neraugoties uz to, ka sarunu laik\u0101 LVSADA atk\u0101rtoti nor\u0101d\u012bja uz iesp\u0113j\u0101m rast konstrukt\u012bvu kompromisu jaut\u0101jum\u0101 par darba samaksas paaugstin\u0101\u0161anu, no vald\u012bbas puses nav sekojusi ne vismaz\u0101k\u0101 pretimn\u0101k\u0161ana.<\/span><\/p>\n<p><span style=\"font-family: arial, helvetica, sans-serif; font-size: 12px;\">Tas liecina par nev\u0113l\u0113\u0161anos pild\u012bt iepriek\u0161\u0113jo gadu r\u012bkojumus par cilv\u0113kresursu att\u012bst\u012bbu un sol\u012bjumus par c\u012b\u0146u ar neleg\u0101lajiem maks\u0101jumiem vesel\u012bbas apr\u016bp\u0113. L\u012bdz ar to j\u0101secina, ka VM ir r\u012bkojusies pret\u0113ji labas p\u0101rvald\u012bbas principam.T\u0101d\u0113j\u0101di ir maldin\u0101ti visi, kuri bija s\u0101ku\u0161i tic\u0113t lab\u0101m un stabil\u0101m p\u0101rmai\u0146\u0101m vesel\u012bbas apr\u016bp\u0113, un iedrag\u0101ta vi\u0146u tiesisk\u0101 pa\u013c\u0101v\u012bba uz apsol\u012bjuma izpildi noteikt\u0101 veid\u0101 un laik\u0101. J\u0101atz\u012bm\u0113, ka 2008. gada bud\u017eet\u0101 vesel\u012bbas apr\u016bpes finans\u0113jumam atv\u0113l\u0113ti tikai aptuveni 3,5% no iek\u0161zemes kopprodukta, kas ir maz\u0101k k\u0101 abos aizvad\u012btajos gados. T\u0101p\u0113c neb\u016bs iesp\u0113jams nodro\u0161in\u0101t konkur\u0113t sp\u0113j\u012bgu darba samaksu vesel\u012bbas apr\u016bpes nozar\u0113, un tas apdraud gan Pasaules Vesel\u012bbas organiz\u0101cijas, gan Eiropas Savien\u012bbas strat\u0113\u0123isk\u0101 uzdevuma \u2013 nov\u0113rst darbinieku tr\u016bkumu vesel\u012bbas apr\u016bp\u0113 \u2013 izpildi Latvij\u0101.<\/span><\/p>\n<p><span style=\"font-family: arial, helvetica, sans-serif; font-size: 12px;\">Par pa\u0161reiz\u0113j\u0101s vald\u012bbas prettiesisko attieksmi pret vesel\u012bbas apr\u016bpi Latvij\u0101 starptautisk\u0101 izpratn\u0113 uzskat\u0101mi liecina ar\u012b tas, ka Eiropas Komisija ir ies\u016bdz\u0113jusi Latviju Eiropas Kopienu ties\u0101 par neatliekam\u0101s pal\u012bdz\u012bbas dienesta darba nepiln\u012bb\u0101m.<\/span><\/p>\n<p><span style=\"font-family: arial, helvetica, sans-serif; font-size: 12px;\">L\u012bdz ar to domstarp\u012bbas starp LVSADA un VM par darba samaksas paaugstin\u0101\u0161anas grafika izpildi saska\u0146\u0101 ar LVSADA Padomes l\u0113mumu turpm\u0101k tiks risin\u0101tas tiesas ce\u013c\u0101. Juridisko pal\u012bdz\u012bbu arodbiedr\u012bbai konkr\u0113taj\u0101 proces\u0101 sniedz zv\u0113rin\u0101tu advok\u0101tu birojs Baltmane &amp; Bit\u0101ns.<\/span><\/p>\n<p><span style=\"font-family: arial, helvetica, sans-serif; font-size: 12px;\">Inform\u0101ciju sagatavoja LVSADA biroja administratore V. Lipska (tel. 7847300).<\/span><\/p>\n<hr \/>\n<p><span style=\"font-family: arial, helvetica, sans-serif; font-size: 12px;\"><strong>06.11.2007<\/strong><strong><\/strong><\/span><\/p>\n<p><span style=\"font-family: arial, helvetica, sans-serif; font-size: 12px;\"><strong>Inform\u0101cija pla\u0161sazi\u0146as l\u012bdzek\u013ciem<\/strong><\/span><\/p>\n<p><span style=\"font-family: arial, helvetica, sans-serif; font-size: 12px;\"><b>Latvijas Vesel\u012bbas un soci\u0101l\u0101s apr\u016bpes darbinieku arodbiedr\u012bba (LVSADA) sarun\u0101s ar Vesel\u012bbas ministriju 2007. gada 6. novembr\u012b nav pan\u0101kusi izl\u012bgumu par darba samaksas paaugstin\u0101\u0161anu 2008. gad\u0101. Neraugoties uz to, ka sarunu laik\u0101 LVSADA atk\u0101rtoti nor\u0101d\u012bja uz iesp\u0113j\u0101m rast konstrukt\u012bvu kompromisu, no vald\u012bbas puses nav sekojusi ne vismaz\u0101k\u0101 pretimn\u0101k\u0161ana. L\u012bdz ar to min\u0113t\u0101s domstarp\u012bbas saska\u0146\u0101 ar LVSADA Padomes l\u0113mumu turpm\u0101k tiks risin\u0101tas tiesas ce\u013c\u0101.<\/b><\/span><\/p>\n<p><span style=\"font-family: arial, helvetica, sans-serif; font-size: 12px;\">Bud\u017eeta projekt\u0101 paredz\u0113ts 160 milj. latu p\u0101rpalikums, no kuriem 81 mlj. paredz\u0113ts ietaup\u012bt uz algu r\u0113\u0137ina. LVSADA pa\u0161reiz\u0113jo pras\u012bbu izpildei b\u016btu nepiecie\u0161ami 37 milj. latu. Vald\u012bbas un Saeimas atteik\u0161an\u0101s tos pie\u0161\u0137irt liecina par nev\u0113l\u0113\u0161anos pild\u012bt iepriek\u0161\u0113jo gadu sol\u012bjumus par cilv\u0113kresursu att\u012bst\u012bbu un c\u012b\u0146u ar neleg\u0101lajiem maks\u0101jumiem vesel\u012bbas apr\u016bp\u0113. L\u012bdz ar to j\u0101secina, ka tika maldin\u0101ti visi, kuri bija s\u0101ku\u0161i tic\u0113t lab\u0101m un stabil\u0101m p\u0101rmai\u0146\u0101m vesel\u012bbas apr\u016bp\u0113. Tikpat maldino\u0161i ir vald\u012bbas p\u0101rst\u0101vju pazi\u0146ojumi par to, ka LVSADA b\u016btu izvirz\u012bjusi jaunas pras\u012bbas, kas p\u0101rsniedz programm\u0101<i>\u00a0Cilv\u0113kresursu att\u012bst\u012bba vesel\u012bbas apr\u016bp\u0113 2006. \u2013 2015. gadam\u00a0<\/i>paredz\u0113to. J\u0101atz\u012bm\u0113, ka 2008. gad\u0101 vesel\u012bbas apr\u016bpes finans\u0113jumam atkal paredz\u0113ts tikai aptuveni 3,5% no iek\u0161zemes kopprodukta. L\u012bdz ar to neb\u016bs iesp\u0113jams nodro\u0161in\u0101t konkur\u0113t sp\u0113j\u012bgu darba samaksu vesel\u012bbas apr\u016bpes nozar\u0113, un savas kompetences ietvaros ministrija par to ir inform\u0113jusi vald\u012bbu.<\/span><\/p>\n<p><span style=\"font-family: arial, helvetica, sans-serif; font-size: 12px;\"><b>Latvijas Vesel\u012bbas un soci\u0101l\u0101s apr\u016bpes darbinieku arodbiedr\u012bba (LVSADA) aicina visus, kuriem nav vienaldz\u012bgs vesel\u012bbas apr\u016bpes liktenis Latvij\u0101, 8. novembr\u012b plkst. 8:30 ierasties pie Saeimas nama, lai kop\u0101 ar Latvijas Br\u012bvo arodbiedr\u012bbu savien\u012bbu likumiski pan\u0101ktu valsts politikas k\u013c\u016bdu labo\u0161anu.<\/b>\u00a0\u00a0<\/span><\/p>\n<p><span style=\"font-family: arial, helvetica, sans-serif; font-size: 12px;\">\u00a0Inform\u0101ciju sagatavoja LVSADA biroja administratore V. Lipska (tel. 7847300).<\/span><\/p>\n<hr \/>\n<p><span style=\"font-family: arial, helvetica, sans-serif; font-size: 12px;\"><b>23.10 Preses rel\u012bze<\/b><\/span><\/p>\n<p align=\"center\"><span style=\"font-family: arial, helvetica, sans-serif; font-size: 12px;\"><strong>Inform\u0101cija pla\u0161sazi\u0146as l\u012bdzek\u013ciem<\/strong><\/span><\/p>\n<p><span style=\"font-family: arial, helvetica, sans-serif; font-size: 12px;\"><b>Latvijas Vesel\u012bbas un soci\u0101l\u0101s apr\u016bpes darbinieku arodbiedr\u012bba (LVSADA) aicina visus, kuriem nav vienaldz\u012bgs vesel\u012bbas apr\u016bpes liktenis Latvij\u0101, tre\u0161dien ierasties pie Saeimas nama, lai kop\u0101 ar Latvijas Br\u012bvo arodbiedr\u012bbu savien\u012bbu likumiski pan\u0101ktu vald\u012bbas k\u013c\u016bdu labo\u0161anu. Ceram, ka kop\u0101 ar mums savas ties\u012bbas uz cilv\u0113ka cien\u012bgu vesel\u012bbas apr\u016bpi Latvij\u0101 b\u016bs gatava aizst\u0101v\u0113t ar\u012b p\u0101r\u0113j\u0101 sabiedr\u012bbas da\u013ca.<\/b><\/span><\/p>\n<p><span style=\"font-family: arial, helvetica, sans-serif; font-size: 12px;\">L\u012bdz\u0161in\u0113jie premjerministra pazi\u0146ojumi par to, ka vald\u012bba ir gatava pild\u012bt savus iepriek\u0161\u0113jo gadu r\u012bkojumus par darba samaksas paaugstin\u0101\u0161anu vesel\u012bbas apr\u016bpes nozar\u0113, izklaus\u0101s cer\u012bgi. Diem\u017e\u0113l tie ir maldino\u0161i, jo neparedz atbilst\u012bgu finans\u0113jumu 2008. gada bud\u017eeta projekt\u0101. Tikpat maldino\u0161a ir netie\u0161\u0101 nor\u0101de uz to, ka LVSADA b\u016btu izvirz\u012bjusi jaunas pras\u012bbas, kas p\u0101rsniedz programm\u0101 Cilv\u0113kresursu att\u012bst\u012bba vesel\u012bbas apr\u016bp\u0113 2006. \u2013 2015. gadam paredz\u0113to. Glu\u017ei otr\u0101di \u2013 LVSADA Padome ir izvirz\u012bjusi vald\u012bbai kompromisa pied\u0101v\u0101jumu, kas paredz atk\u0101p\u0161anos no l\u012bdz\u0161in\u0113j\u0101m pras\u012bb\u0101m par aptuveni 35 miljoniem latu. T\u0101 ir liela piek\u0101p\u0161an\u0101s, bet p\u0113d\u0113j\u0101 robe\u017ea, ko \u0161obr\u012bd iesp\u0113jams aizst\u0101v\u0113t no mor\u0101l\u0101 un tiesisk\u0101 viedok\u013ca. Vald\u012bba to ignor\u0113 un sl\u0113pj no sabiedr\u012bbas. \u00a0J\u0101atz\u012bm\u0113, ka 2008. gad\u0101 vesel\u012bbas apr\u016bpes finans\u0113jumam atkal paredz\u0113ts tikai aptuveni 3,5% no iek\u0161zemes kopprodukta. L\u012bdz ar to neb\u016bs iesp\u0113jams nodro\u0161in\u0101t konkur\u0113t sp\u0113j\u012bgu darba samaksu vesel\u012bbas apr\u016bpes nozar\u0113, tikai p\u0101rdalot Vesel\u012bbas ministrijas r\u012bc\u012bb\u0101 eso\u0161os l\u012bdzek\u013cus. Savas kompetences ietvaros ministrija par to ir inform\u0113jusi vald\u012bbu.<\/span><\/p>\n<p><span style=\"font-family: arial, helvetica, sans-serif; font-size: 12px;\">Pa\u0161reiz\u0113ja vald\u012bbas nost\u0101ja pret darba samaksas paaugstin\u0101\u0161anu vesel\u012bbas apr\u016bpes nozar\u0113 str\u0101d\u0101jo\u0161ajiem paver ce\u013cu nozares sair\u0161anai, ko neizb\u0113gami pavad\u012bs apr\u016bpes kvalit\u0101tes un pieejam\u012bbas mazin\u0101\u0161an\u0101s. Visu atbild\u012bbu par rezult\u0101tiem b\u016bs j\u0101uz\u0146emas tiem, kas \u0161\u0101du nost\u0101ju atbalsta.<\/span><\/p>\n<p><span style=\"font-family: arial, helvetica, sans-serif; font-size: 12px;\">Inform\u0101ciju sagatavoja LVSADA priek\u0161s\u0113d\u0113t\u0101js V. Keris .<\/span><\/p>\n<hr \/>\n<p><span style=\"font-family: arial, helvetica, sans-serif; font-size: 12px;\">\u00a0<b>04.10. 2007.\u00a0 Preses rel\u012bze<\/b><\/span><\/p>\n<p align=\"center\"><span style=\"font-family: arial, helvetica, sans-serif; font-size: 12px;\"><strong>Inform\u0101cija pla\u0161sazi\u0146as l\u012bdzek\u013ciem<\/strong><\/span><\/p>\n<p><span style=\"font-family: arial, helvetica, sans-serif; font-size: 12px;\"><b>Vald\u012bbas pl\u0101ns v\u0113l j\u016btam\u0101k nepild\u012bt savus r\u012bkojumus par cilv\u0113kresursu nodro\u0161in\u0101\u0161anu vesel\u012bbas apr\u016bpei nopietni apdraud valsts att\u012bst\u012bbu. Tas ir pretrun\u0101 ar Eiropas Savien\u012bbas soci\u0101lo politiku un skaidri liecina, ka vald\u012bbai ner\u016bp ne vesel\u012bbas apr\u016bpes kvalit\u0101te un pieejam\u012bba, nedz ar\u012b t\u0101 saucam\u0101s aplok\u0161\u0146u probl\u0113mas atrisin\u0101\u0161ana nozar\u0113. Latvijas Vesel\u012bbas un soci\u0101l\u0101s apr\u016bpes darbinieku arodbiedr\u012bba (LVSADA) kop\u0101 ar Latvijas Br\u012bvo arodbiedr\u012bbu savien\u012bbu ir dar\u012bjusi un dar\u012bs visu likumiski iesp\u0113jamo, lai vald\u012bba savu k\u013c\u016bdaino attieksmi main\u012btu. Ceram, ka kop\u0101 ar mums savas ties\u012bbas uz cilv\u0113ka cien\u012bgu vesel\u012bbas apr\u016bpi Latvij\u0101 b\u016bs gatava aizst\u0101v\u0113t ar\u012b p\u0101r\u0113j\u0101 sabiedr\u012bbas da\u013ca<\/b>.<\/span><\/p>\n<p><span style=\"font-family: arial, helvetica, sans-serif; font-size: 12px;\">Vesel\u012bbas ministrija sarun\u0101s ar LVSADA ir piekritusi, ka jau l\u012bdz\u0161in\u0113jais vald\u012bbas akcept\u0113tais finans\u0113jums 2008. \u2013 2010. gadam ne\u013caus turpin\u0101t 2006. un 2007. gad\u0101 sekm\u012bgi uzs\u0101kto darba samaksas reformu vesel\u012bbas apr\u016bp\u0113 saska\u0146\u0101 ar programmas<i>\u00a0Cilv\u0113kresursu att\u012bst\u012bba vesel\u012bbas apr\u016bp\u0113 2006. \u2013 2015. gadam\u00a0<\/i>ievie\u0161anas pl\u0101nu. L\u012bdz ar to neb\u016bs iesp\u0113jams ilgtermi\u0146\u0101 nodro\u0161in\u0101t konkur\u0113t sp\u0113j\u012bgu darba samaksu vesel\u012bbas apr\u016bpes nozar\u0113, un tas apdraud Ministru kabineta r\u012bkojuma Nr. 157\u00a0<i>Par vid\u0113ja termi\u0146a bud\u017eeta m\u0113r\u0137iem un priorit\u0101rajiem att\u012bst\u012bbas virzieniem 2008. \u2013 2010. gad\u0101<\/i>\u00a0izpildi. Savas kompetences ietvaros ministrija par to ir inform\u0113jusi vald\u012bbu.<\/span><\/p>\n<p><span style=\"font-family: arial, helvetica, sans-serif; font-size: 12px;\">LVSADA priek\u0161s\u0113d\u0113t\u0101js V. Keris 7. septembr\u012b ir v\u0113rsies pie ministru prezidenta A. Kalv\u012b\u0161a ar l\u016bgumu pild\u012bt sol\u012bjumu, kas tika sa\u0146emts 8. august\u0101, un rast iesp\u0113ju atk\u0101rtoti tikties ar arodbiedr\u012bbas p\u0101rst\u0101vjiem, lai ar sarunu pal\u012bdz\u012bbu iesp\u0113jami dr\u012bz nov\u0113rstu min\u0113tos draudus vesel\u012bbas apr\u016bpes nozares un valsts att\u012bst\u012bbai. L\u012bdz \u0161im nek\u0101da atbilde no A. Kalv\u012b\u0161a nav sa\u0146emta.<\/span><\/p>\n<p><span style=\"font-family: arial, helvetica, sans-serif; font-size: 12px;\">Inform\u0101ciju sagatavoja LVSADA biroja administratore V. Lipska (tel. 7847300).<\/span><\/p>\n<hr \/>\n<p><span style=\"font-family: arial, helvetica, sans-serif; font-size: 12px;\"><strong>\u00a013.09.2007. Preses rel\u012bze<\/strong><\/span><\/p>\n<p><span style=\"font-family: arial, helvetica, sans-serif; font-size: 12px;\"><strong>\u00a0Inform\u0101cija pla\u0161sazi\u0146as l\u012bdzek\u013ciem<\/strong><\/span><\/p>\n<p><span style=\"font-family: arial, helvetica, sans-serif; font-size: 12px;\">\u00a0<b>Latvijas Vesel\u012bbas un soci\u0101l\u0101s apr\u016bpes darbinieku arodbiedr\u012bba (LVSADA) ceturtdien, 2007. g. 13. septembr\u012b no plkst. 11:00 l\u012bdz 12:00 r\u012bkos piketu iepret\u012b Ministru kabineta \u0113kai. Piketa m\u0113r\u0137is \u2013 piev\u0113rst vald\u012bbas un sabiedr\u012bbas uzman\u012bbu tam, ka vald\u012bba joproj\u0101m atsak\u0101s nodro\u0161in\u0101t iepriek\u0161 garant\u0113to darba samaksas pieaugumu vesel\u012bbas apr\u016bpes nozar\u0113 str\u0101d\u0101jo\u0161iem, k\u0101 ar\u012b kav\u0113jas ieviest neatliekam\u0101s medic\u012bnisk\u0101s pal\u012bdz\u012bbas darbiniekiem paredz\u0113t\u0101s soci\u0101l\u0101s garantijas. T\u0101da r\u012bc\u012bba nenov\u0113r\u0161ami pasliktin\u0101s nozar\u0113 str\u0101d\u0101jo\u0161o darba tiesisk\u0101s attiec\u012bbas, kav\u0113s pieejamu un kvalitat\u012bvu pakalpojumu nodro\u0161in\u0101\u0161anu vesel\u012bbas apr\u016bp\u0113, k\u0101 ar\u012b paaugstin\u0101s soci\u0101lo spriedzi sabiedr\u012bb\u0101.<\/b><\/span><\/p>\n<p><span style=\"font-family: arial, helvetica, sans-serif; font-size: 12px;\"><b>\u00a0<\/b>\u0145emot to v\u0113r\u0101, LVSADA p\u0113c konsult\u0101cij\u0101m ar sav\u0101m arodorganiz\u0101cij\u0101m un soci\u0101l\u0101 dialoga partneriem cit\u0101s sabiedrisk\u0101s organiz\u0101cij\u0101s ir uzs\u0101kusi streika gatavo\u0161anas priek\u0161darbus, iesniedzot kolekt\u012bv\u0101 ties\u012bbu str\u012bda pras\u012bbas Vesel\u012bbas ministrijai 24.08.2007..<\/span><\/p>\n<p><span style=\"font-family: arial, helvetica, sans-serif; font-size: 12px;\">Str\u012bda iz\u0161\u0137ir\u0161anas proced\u016bras gait\u0101 ir izveidojies konstrukt\u012bvs dialogs starp iesaist\u012btaj\u0101m pus\u0113m. Tom\u0113r joproj\u0101m nav atrisin\u0101ts galvenais jaut\u0101jums par taisn\u012bgu un Ministru kabineta r\u012bkojumiem Nr. 326\u00a0<i>Par pamatnost\u0101dn\u0113m \u201eCilv\u0113kresursu att\u012bst\u012bba vesel\u012bbas apr\u016bp\u0113\u201d\u00a0<\/i>un Nr. 870\u00a0<i>Par programmu \u201eCilv\u0113kresursu att\u012bst\u012bba vesel\u012bbas apr\u016bp\u0113 2006. \u2013 2015. gadam\u201d<\/i>\u00a0atbilsto\u0161u darba samaksas paaugstin\u0101\u0161anu vesel\u012bbas apr\u016bpes nozar\u0113 str\u0101d\u0101jo\u0161ajiem.<\/span><\/p>\n<p><span style=\"font-family: arial, helvetica, sans-serif; font-size: 12px;\">Vesel\u012bbas ministrija sarun\u0101s ar arodbiedr\u012bbu ir piekritusi, ka pa\u0161reiz\u0113jais vald\u012bbas akcept\u0113tais finans\u0113jums 2008. \u2013 2010. gadam ne\u013caus turpin\u0101t 2006. un 2007. gad\u0101 sekm\u012bgi uzs\u0101kto darba samaksas reformu vesel\u012bbas apr\u016bp\u0113 saska\u0146\u0101 ar programmas<i>\u00a0Cilv\u0113kresursu att\u012bst\u012bba vesel\u012bbas apr\u016bp\u0113 2006. \u2013 2015. gadam\u00a0<\/i>ievie\u0161anas pl\u0101nu. L\u012bdz ar to neb\u016bs iesp\u0113jams ilgtermi\u0146\u0101 nodro\u0161in\u0101t konkur\u0113t sp\u0113j\u012bgu darba samaksu vesel\u012bbas apr\u016bpes nozar\u0113, un tas apdraud Ministru kabineta r\u012bkojuma Nr. 157\u00a0<i>Par vid\u0113ja termi\u0146a bud\u017eeta m\u0113r\u0137iem un priorit\u0101rajiem att\u012bst\u012bbas virzieniem 2008. \u2013 2010. gad\u0101<\/i>\u00a0izpildi. Savas kompetences ietvaros Vesel\u012bbas ministrija par to ir inform\u0113jusi vald\u012bbu.<\/span><\/p>\n<p><span style=\"font-family: arial, helvetica, sans-serif; font-size: 12px;\">Vienlaikus LVSADA priek\u0161s\u0113d\u0113t\u0101js V. Keris ir v\u0113rsies pie ministru prezidenta A. Kalv\u012b\u0161a ar l\u016bgumu rast iesp\u0113ju tikties ar arodbiedr\u012bbas p\u0101rst\u0101vjiem, lai ar sarunu pal\u012bdz\u012bbu iesp\u0113jami dr\u012bz nov\u0113rstu min\u0113tos draudus vesel\u012bbas apr\u016bpes nozares un valsts att\u012bst\u012bbai.<\/span><\/p>\n<p><span style=\"font-family: arial, helvetica, sans-serif; font-size: 12px;\">\u00a0Inform\u0101ciju sagatavoja LVSADA biroja administratore V. Lipska (tel. 7847300).<\/span><\/p>\n<hr \/>\n<p><span style=\"font-family: arial, helvetica, sans-serif; font-size: 12px;\"><b>\u00a0<\/b><b>25.07.2007. Prese rel\u012bze\u00a0<\/b><\/span><\/p>\n<p><span style=\"font-family: arial, helvetica, sans-serif; font-size: 12px;\"><strong>Inform\u0101cija pla\u0161sazi\u0146as l\u012bdzek\u013ciem<\/strong><\/span><\/p>\n<p><span style=\"font-family: arial, helvetica, sans-serif; font-size: 12px;\">Latvijas Vesel\u012bbas un soci\u0101l\u0101s apr\u016bpes darbinieku arodbiedr\u012bbas (LVSADA) valde konstat\u0113jusi, ka vald\u012bba gatavojas iev\u0113rojami samazin\u0101t iepriek\u0161 garant\u0113to darba samaksas pieaugumu vesel\u012bbas apr\u016bpes nozar\u0113 str\u0101d\u0101jo\u0161iem, k\u0101 ar\u012b kav\u0113jas ieviest neatliekam\u0101s medic\u012bnisk\u0101s pal\u012bdz\u012bbas darbiniekiem paredz\u0113t\u0101s soci\u0101l\u0101s garantijas. T\u0101da r\u012bc\u012bba nenov\u0113r\u0161ami pasliktin\u0101s nozar\u0113 str\u0101d\u0101jo\u0161o darba tiesisk\u0101s attiec\u012bbas, kav\u0113s pieejamu un kvalitat\u012bvu pakalpojumu nodro\u0161in\u0101\u0161anu vesel\u012bbas apr\u016bp\u0113, k\u0101 ar\u012b paaugstin\u0101s soci\u0101lo spriedzi sabiedr\u012bb\u0101.<\/span><\/p>\n<p><span style=\"font-family: arial, helvetica, sans-serif; font-size: 12px;\">\u00a0Lai savlaic\u012bgi risin\u0101tu min\u0113to probl\u0113mu, LVSADA \u0161\u012b gada maij\u0101 r\u012bkoja tematisku konferenci, k\u0101 ar\u012b uzs\u0101ka sarunas ar Vesel\u012bbas ministriju. Diem\u017e\u0113l sarunu gait\u0101 nav izdevies pan\u0101kt b\u016btisku situ\u0101cijas uzlabo\u0161anos. Tas noz\u012bm\u0113, ka vald\u012bba joproj\u0101m gatavojas tuv\u0101ko tr\u012bs gadu period\u0101 neizmaks\u0101t vid\u0113ji katram \u0101rstam 1896 latus, bet katrai medic\u012bnas m\u0101sai \u2013 1138 latus no iepriek\u0161\u0113jo gadu r\u012bkojumos paredz\u0113t\u0101s darba samaksas.<\/span><\/p>\n<p><span style=\"font-family: arial, helvetica, sans-serif; font-size: 12px;\">\u00a0\u0145emot to v\u0113r\u0101, LVSADA ir uzs\u0101kusi konsult\u0101cijas ar sav\u0101m arodorganiz\u0101cij\u0101m un soci\u0101l\u0101 dialoga partneriem cit\u0101s sabiedrisk\u0101s organiz\u0101cij\u0101s par piem\u0113rot\u0101ko taktiku protesta akciju gatavo\u0161anai.<\/span><\/p>\n<p><span style=\"font-family: arial, helvetica, sans-serif; font-size: 12px;\">\u00a0Vienlaikus LVSADA priek\u0161s\u0113d\u0113t\u0101js V. Keris ir v\u0113rsies pie ministru prezidenta A. Kalv\u012b\u0161a ar l\u016bgumu l\u012bdz 20. augustam rast iesp\u0113ju tikties ar arodbiedr\u012bbas p\u0101rst\u0101vjiem, lai ar sarunu pal\u012bdz\u012bbu iesp\u0113jami dr\u012bz nov\u0113rstu min\u0113tos draudus vesel\u012bbas apr\u016bpes nozares un valsts att\u012bst\u012bbai.<\/span><\/p>\n<p><span style=\"font-family: arial, helvetica, sans-serif; font-size: 12px;\">\u00a0Inform\u0101ciju sagatavoja LVSADA biroja administratore V. Lipska (tel. 7847300).<\/span><\/p>\n<hr \/>\n<p><span style=\"font-family: arial, helvetica, sans-serif; font-size: 12px;\"><strong>09.07.2007<\/strong><\/span><\/p>\n<p><span style=\"font-family: arial, helvetica, sans-serif; font-size: 12px;\">\u00a0<b>Vai LVSADA atkal b\u016bs j\u0101karo?<\/b><\/span><\/p>\n<p><span style=\"font-family: arial, helvetica, sans-serif; font-size: 12px;\">\u0160odien 09.j\u016blij\u0101 no Nacion\u0101l\u0101s Tr\u012bspus\u0113j\u0101s Sadarb\u012bbas Padomes (NTSP) ir sa\u0146emti Groz\u012bjumi Ministru kabineta 2006.gada 30.novembra noteikumos Nr.980 &#8220;Noteikumi par darba samaksu \u0101rstniec\u012bbas person\u0101m&#8221;, 2. un 3. pielikum\u0101, kas st\u0101tos sp\u0113k\u0101 ar 2008.gada 1.janv\u0101ri.LVSADA ir piev\u0113rsusi uzman\u012bbu tam, ka \u0161ajos groz\u012bjumos nav paredz\u0113ts darba algas pieaugums rezidentiem un NMP darbiniekiem.<\/span><\/p>\n<hr \/>\n<p><span style=\"font-family: arial, helvetica, sans-serif; font-size: 12px;\">07.05.2007<\/span><\/p>\n<p><span style=\"font-family: arial, helvetica, sans-serif; font-size: 12px;\">\u00a0<b>KOP\u0100 ESAM BR\u012aVI UN NEATKAR\u012aGI<\/b><\/span><\/p>\n<p><span style=\"font-family: arial, helvetica, sans-serif; font-size: 12px;\">Nupat notiku\u0161ais Igaunij\u0101 k\u0101rt\u0113jo reizi par\u0101da cik lielu spiedienu un gr\u016bt\u012bbas ir j\u0101piedz\u012bvo Baltijas valst\u012bm esot br\u012bv\u0101m un neatkar\u012bg\u0101m. Tas, ka Eiropas politi\u0137i ir ie\u0146\u0113mu\u0161i nogaido\u0161o poz\u012bciju uz \u0161o notikumu fona atg\u0101dina gr\u016btos br\u012b\u017eus, kad Latvija, Lietuva un Igaunija c\u012bn\u012bj\u0101s par br\u012bv\u012bbu un neatkar\u012bbu.<\/span><\/p>\n<p><span style=\"font-family: arial, helvetica, sans-serif; font-size: 12px;\">Tie\u0161i t\u0101p\u0113c es aicinu ikvienu, kur\u0161 ir pilsoniski dom\u0101jo\u0161s un ir nor\u016bp\u0113jies par notikumiem Igaunij\u0101. Aicinu ikvienu cilv\u0113ku, organiz\u0101ciju, politi\u0137i, \u017eurn\u0101listu un m\u0113diju piedal\u012bties un atbalst\u012bt akciju, kur\u0101 plecu pie pleca pulc\u0113simies, lai paust atbalstu Igaunijai.<\/span><\/p>\n<p><span style=\"font-family: arial, helvetica, sans-serif; font-size: 12px;\">Tiekamies 8. maij\u0101 R\u012bg\u0101, Doma laukum\u0101 plkst. 11.45!Ja viss izdosies k\u0101 iecer\u0113ts, tad 8. maij\u0101 no plkst. 11.45 l\u012bdz 12.00 m\u0113s pulc\u0113simies R\u012bg\u0101, tai pat laik\u0101 notiks tie\u0161i t\u0101da pati akcij\u0101 ar\u012b Lietuv\u0101 un Igaunij\u0101! T\u0101d\u0113j\u0101di m\u0113s izr\u0101d\u012bsim Baltijas vienot\u012bbu, m\u0113s st\u0101v\u0113sim plecu pie pleca sadevu\u0161ies rok\u0101s.<\/span><\/p>\n<p><span style=\"font-family: arial, helvetica, sans-serif; font-size: 12px;\">Atcer\u0113simies Baltijas ce\u013cu! Igau\u0146i, Latvie\u0161i un Lietuvie\u0161i v\u0113st\u012bs to, ka dz\u012bvojot lielu p\u0101rmai\u0146u laik\u0101 Baltijas valstis joproj\u0101m ir vienotas!<\/span><\/p>\n<p><span style=\"font-family: arial, helvetica, sans-serif; font-size: 12px;\">Ceru, ka tu atbalst\u012bsi \u0161o ideju un dar\u012bsi visu nepiecie\u0161amo, lai ierasties un pier\u0101d\u012bt to, ka Baltijas valstis ir vienotas. L\u016bdzu, nos\u016bti \u0161o zi\u0146u ikvienam, kur\u0161 saprat\u012bs \u0161\u012bs akcijas svar\u012bgumu un var\u0113tu b\u016bt gatavs piedal\u012bties \u0161aj\u0101 akcij\u0101 KOP\u0100 PAR BALTIJAS VIENOT\u012aBU!<\/span><\/p>\n<p><span style=\"font-family: arial, helvetica, sans-serif; font-size: 12px;\">\u00a0<\/span><\/p>\n<p><span style=\"font-family: arial, helvetica, sans-serif; font-size: 12px;\">P.S. \u0160\u012b b\u016bs mierm\u012bl\u012bga vienot\u012bbas izpausmes akcija!<\/span><\/p>\n","protected":false},"excerpt":{"rendered":"<p>2007. gada publik\u0101cijas 03.12.207 Preses rel\u012bze Inform\u0101cija pla\u0161sazi\u0146as l\u012bdzek\u013ciem Latvijas Vesel\u012bbas un soci\u0101l\u0101s apr\u016bpes darbinieku arodbiedr\u012bba (LVSADA) 2007. gada 30. novembr\u012b ir iesniegusi Administrat\u012bvajai rajona tiesai pieteikumu pret Vesel\u012bbas ministriju (VM). Pieteikuma pamats ir VM faktisk\u0101 r\u012bc\u012bba, nepildot Ministru kabineta 2005. gada 18. maija r\u012bkojumu Nr. 326 un 2006. gada 6. novembra r\u012bkojumu Nr. 870&#8230;<\/p>\n","protected":false},"author":1,"featured_media":0,"parent":0,"menu_order":0,"comment_status":"closed","ping_status":"closed","template":"","meta":{"footnotes":""},"class_list":["post-909","page","type-page","status-publish","hentry"],"_links":{"self":[{"href":"https:\/\/www.lvsada.lv\/index.php?rest_route=\/wp\/v2\/pages\/909","targetHints":{"allow":["GET"]}}],"collection":[{"href":"https:\/\/www.lvsada.lv\/index.php?rest_route=\/wp\/v2\/pages"}],"about":[{"href":"https:\/\/www.lvsada.lv\/index.php?rest_route=\/wp\/v2\/types\/page"}],"author":[{"embeddable":true,"href":"https:\/\/www.lvsada.lv\/index.php?rest_route=\/wp\/v2\/users\/1"}],"replies":[{"embeddable":true,"href":"https:\/\/www.lvsada.lv\/index.php?rest_route=%2Fwp%2Fv2%2Fcomments&post=909"}],"version-history":[{"count":6,"href":"https:\/\/www.lvsada.lv\/index.php?rest_route=\/wp\/v2\/pages\/909\/revisions"}],"predecessor-version":[{"id":916,"href":"https:\/\/www.lvsada.lv\/index.php?rest_route=\/wp\/v2\/pages\/909\/revisions\/916"}],"wp:attachment":[{"href":"https:\/\/www.lvsada.lv\/index.php?rest_route=%2Fwp%2Fv2%2Fmedia&parent=909"}],"curies":[{"name":"wp","href":"https:\/\/api.w.org\/{rel}","templated":true}]}}